{"id":9760,"date":"2018-05-24T18:48:19","date_gmt":"2018-05-24T17:48:19","guid":{"rendered":"http:\/\/www.gymhorice.cz\/?page_id=9760"},"modified":"2018-05-24T18:49:58","modified_gmt":"2018-05-24T17:49:58","slug":"gdpr","status":"publish","type":"page","link":"https:\/\/www.gymhorice.cz\/?page_id=9760","title":{"rendered":"GDPR"},"content":{"rendered":"<p><strong>Informace o&nbsp;zpracov\u00e1n\u00ed osobn\u00edch \u00fadaj\u016f v&nbsp;na\u0161\u00ed \u0161kole<\/strong><\/p>\n<p>Ho\u0159ick\u00e9 gymn\u00e1zium jako spr\u00e1vce osobn\u00edch \u00fadaj\u016f zpracov\u00e1v\u00e1 \u00fadaje v&nbsp;p\u0159\u00edpadech uveden\u00fdch v&nbsp;z\u00e1znamech o&nbsp;zpracov\u00e1n\u00ed osobn\u00edch \u00fadaj\u016f. Na \u0161kolu je mo\u017en\u00e9 se k&nbsp;uplatn\u011bn\u00ed pr\u00e1v v&nbsp;oblasti osobn\u00edch \u00fadaj\u016f obracet prost\u0159ednictv\u00edm <!-- datov\u00e9 schr\u00e1nky, ID ..., --> e-mailu skola(zavinac)gymhorice.cz nebo po\u0161tou na adrese Blahoslavova 2105, Ho\u0159ice 508&nbsp;01.<br \/>\nV\u00fd\u0161e uveden\u00fdmi zp\u016fsoby je mo\u017en\u00e9 se v&nbsp;relevantn\u00edch p\u0159\u00edpadech na \u0161kolu obracet za \u00fa\u010delem uplatn\u011bn\u00ed pr\u00e1va na p\u0159\u00edstup k&nbsp;osobn\u00edm \u00fadaj\u016fm, jejich opravu \u010di v\u00fdmaz, pop\u0159\u00edpad\u011b omezen\u00ed zpracov\u00e1n\u00ed, vzn\u00e9st n\u00e1mitku proti zpracov\u00e1n\u00ed, tak\u00e9 p\u0159i uplatn\u011bn\u00ed pr\u00e1va na p\u0159enositelnost \u00fadaj\u016f a&nbsp;dal\u0161\u00edch pr\u00e1v podle obecn\u00e9ho na\u0159\u00edzen\u00ed o&nbsp;ochran\u011b osobn\u00edch \u00fadaj\u016f. V\u00fd\u0161e uveden\u00fdmi zp\u016fsoby se lze na \u0161kolu obracet v&nbsp;p\u0159\u00edpad\u011b \u00fadaj\u016f zpracov\u00e1van\u00fdch na z\u00e1klad\u011b souhlasu nebo za \u00fa\u010delem odvol\u00e1n\u00ed souhlasu se zpracov\u00e1n\u00edm osobn\u00edch \u00fadaj\u016f.<\/p>\n<p><strong>Jmenovan\u00fdm pov\u011b\u0159encem pro \u0161kolu je RNDr.&nbsp;Lenka Bedn\u00e1\u0159ov\u00e1<\/strong><br \/>\ne-mail: bednarova(zavinac)gymhorice.cz<\/p>\n","protected":false},"excerpt":{"rendered":"<p>Informace o&nbsp;zpracov\u00e1n\u00ed osobn\u00edch \u00fadaj\u016f v&nbsp;na\u0161\u00ed \u0161kole Ho\u0159ick\u00e9 gymn\u00e1zium jako spr\u00e1vce osobn\u00edch \u00fadaj\u016f zpracov\u00e1v\u00e1 \u00fadaje v&nbsp;p\u0159\u00edpadech uveden\u00fdch v&nbsp;z\u00e1znamech o&nbsp;zpracov\u00e1n\u00ed osobn\u00edch \u00fadaj\u016f. Na \u0161kolu je mo\u017en\u00e9 se k&nbsp;uplatn\u011bn\u00ed pr\u00e1v v&nbsp;oblasti osobn\u00edch \u00fadaj\u016f obracet prost\u0159ednictv\u00edm e-mailu skola(zavinac)gymhorice.cz nebo po\u0161tou na adrese Blahoslavova 2105, Ho\u0159ice 508&nbsp;01. V\u00fd\u0161e uveden\u00fdmi zp\u016fsoby je mo\u017en\u00e9 se v&nbsp;relevantn\u00edch p\u0159\u00edpadech &#8230; <a title=\"GDPR\" class=\"read-more\" href=\"https:\/\/www.gymhorice.cz\/?page_id=9760\" aria-label=\"\u010c\u00edst v\u00edce o GDPR\">p\u0159e\u010d\u00edst v\u0161e<\/a><\/p>\n","protected":false},"author":1,"featured_media":0,"parent":1956,"menu_order":0,"comment_status":"closed","ping_status":"closed","template":"","meta":{"ngg_post_thumbnail":0,"footnotes":""},"class_list":["post-9760","page","type-page","status-publish"],"_links":{"self":[{"href":"https:\/\/www.gymhorice.cz\/index.php?rest_route=\/wp\/v2\/pages\/9760","targetHints":{"allow":["GET"]}}],"collection":[{"href":"https:\/\/www.gymhorice.cz\/index.php?rest_route=\/wp\/v2\/pages"}],"about":[{"href":"https:\/\/www.gymhorice.cz\/index.php?rest_route=\/wp\/v2\/types\/page"}],"author":[{"embeddable":true,"href":"https:\/\/www.gymhorice.cz\/index.php?rest_route=\/wp\/v2\/users\/1"}],"replies":[{"embeddable":true,"href":"https:\/\/www.gymhorice.cz\/index.php?rest_route=%2Fwp%2Fv2%2Fcomments&post=9760"}],"version-history":[{"count":1,"href":"https:\/\/www.gymhorice.cz\/index.php?rest_route=\/wp\/v2\/pages\/9760\/revisions"}],"predecessor-version":[{"id":9762,"href":"https:\/\/www.gymhorice.cz\/index.php?rest_route=\/wp\/v2\/pages\/9760\/revisions\/9762"}],"up":[{"embeddable":true,"href":"https:\/\/www.gymhorice.cz\/index.php?rest_route=\/wp\/v2\/pages\/1956"}],"wp:attachment":[{"href":"https:\/\/www.gymhorice.cz\/index.php?rest_route=%2Fwp%2Fv2%2Fmedia&parent=9760"}],"curies":[{"name":"wp","href":"https:\/\/api.w.org\/{rel}","templated":true}]}}