{"id":8177,"date":"2017-11-15T16:24:03","date_gmt":"2017-11-15T15:24:03","guid":{"rendered":"http:\/\/www.gymhorice.cz\/?page_id=8177"},"modified":"2023-10-24T10:48:34","modified_gmt":"2023-10-24T09:48:34","slug":"skolska-rada","status":"publish","type":"page","link":"https:\/\/www.gymhorice.cz\/?page_id=8177","title":{"rendered":"\u0160kolsk\u00e1 rada"},"content":{"rendered":"<p><strong>\u0160kolsk\u00e1 rada<\/strong><\/p>\n<ul class=\"oddil-li znak1\">\n<li>vyjad\u0159uje se k&nbsp;n\u00e1vrh\u016fm \u0161koln\u00edch vzd\u011bl\u00e1vac\u00edch program\u016f a&nbsp;k&nbsp;jejich n\u00e1sledn\u00e9mu uskute\u010d\u0148ov\u00e1n\u00ed,<\/li>\n<li>schvaluje v\u00fdro\u010dn\u00ed zpr\u00e1vu o&nbsp;\u010dinnosti \u0161koly,<\/li>\n<li>schvaluje \u0161koln\u00ed \u0159\u00e1d, ve st\u0159edn\u00edch a&nbsp;vy\u0161\u0161\u00edch odborn\u00fdch \u0161kol\u00e1ch stipendijn\u00ed \u0159\u00e1d, a&nbsp;navrhuje jejich zm\u011bny,<\/li>\n<li>schvaluje pravidla pro hodnocen\u00ed v\u00fdsledk\u016f vzd\u011bl\u00e1v\u00e1n\u00ed \u017e\u00e1k\u016f v&nbsp;z\u00e1kladn\u00edch a&nbsp;st\u0159edn\u00edch \u0161kol\u00e1ch,<\/li>\n<li>pod\u00edl\u00ed se na zpracov\u00e1n\u00ed koncep\u010dn\u00edch z\u00e1m\u011br\u016f rozvoje \u0161koly,<\/li>\n<li>projedn\u00e1v\u00e1 n\u00e1vrh rozpo\u010dtu pr\u00e1vnick\u00e9 osoby na dal\u0161\u00ed rok, a&nbsp;navrhuje opat\u0159en\u00ed ke zlep\u0161en\u00ed hospoda\u0159en\u00ed,<\/li>\n<li>projedn\u00e1v\u00e1 inspek\u010dn\u00ed zpr\u00e1vy \u010cesk\u00e9 \u0161koln\u00ed inspekce,<\/li>\n<li>pod\u00e1v\u00e1 podn\u011bty a&nbsp;ozn\u00e1men\u00ed \u0159editeli \u0161koly, z\u0159izovateli, org\u00e1n\u016fm vykon\u00e1vaj\u00edc\u00edm st\u00e1tn\u00ed spr\u00e1vu ve \u0161kolstv\u00ed a&nbsp;dal\u0161\u00edm org\u00e1n\u016fm st\u00e1tn\u00ed spr\u00e1vy,<\/li>\n<li>pod\u00e1v\u00e1 n\u00e1vrh na vyhl\u00e1\u0161en\u00ed konkursu na \u0159editele \u0161koly.<\/li>\n<\/ul>\n<div style=\"clear: both; height: 10px;\">&nbsp;<\/div>\n<div>Rada \u0161koly v&nbsp;Ho\u0159ick\u00e9m gymn\u00e1ziu je slo\u017eena ze t\u0159\u00ed \u010dlen\u016f, jednoho jmenuje z\u0159izovatel \u0161koly, jeden je volen\u00fd z&nbsp;\u0159ad pedagogick\u00fdch pracovn\u00edk\u016f a&nbsp;jeden je volen\u00fd ze z\u00e1konn\u00fdch z\u00e1stupc\u016f nezletil\u00fdch \u017e\u00e1k\u016f a&nbsp;zletil\u00fdch student\u016f.&nbsp; Funk\u010dn\u00ed obdob\u00ed rady jsou t\u0159i roky.<\/div>\n<div style=\"clear: both; height: 10px;\">&nbsp;<\/div>\n<p>Do z\u00e1pis\u016f z&nbsp;jednotliv\u00fdch sch\u016fzek je mo\u017en\u00e9 nahl\u00e9dnout v&nbsp;kancel\u00e1\u0159i \u0161koly.<\/p>\n<p>Ve volb\u00e1ch, konan\u00fdch 3.&nbsp;6.&nbsp;2021, byla za z\u00e1konn\u00e9 z\u00e1stupce nezletil\u00fdch \u017e\u00e1k\u016f a&nbsp;zletil\u00e9 studenty zvolena pan\u00ed Petra Kopeck\u00e1.<\/p>\n<p>Na porad\u011b 2.&nbsp;6.&nbsp;2021 u\u010ditelsk\u00e9ho sboru byla zvolena pan\u00ed Helena Trkalov\u00e1 jako z\u00e1stupce pedagogick\u00fdch pracovn\u00edk\u016f \u0161koly.<\/p>\n<p><strong>Od 16.&nbsp;6.&nbsp;2021 jsou jej\u00edmi \u010dleny: <\/strong><\/p>\n<ul>\n<li><span class=\"modra\">Petra Kopeck\u00e1<\/span>, email: <span class=\"modra\">skolskarada(zavinac)gymhorice.cz<\/span> &#8211; z\u00e1stupce z\u00e1konn\u00fdch z\u00e1stupc\u016f nezletil\u00fdch \u017e\u00e1k\u016f a&nbsp;zletil\u00fdch student\u016f<\/li>\n<li>Helena Trkalov\u00e1 -z\u00e1stupce pedagog\u016f<\/li>\n<li>Ji\u0159\u00ed Slez\u00e1k &#8211; z\u00e1stupce z\u0159izovatel\u016f \u0161koly<\/li>\n<\/ul>\n<p><!--\n<a href=\"http:\/\/www.gymhorice.cz\/files\/doc\/2017\/2017-11 oznameni-o-kon\u00e1n\u00ed-voleb.docx\" target=\"_blank\" rel=\"noopener\">Ozn\u00e1men\u00ed o&nbsp;kon\u00e1n\u00ed voleb 2017<\/a>\n<a href=\"http:\/\/www.gymhorice.cz\/files\/doc\/2017\/2017-11-volebni-rad-skolske-rady.docx\" target=\"_blank\" rel=\"noopener\">Volebn\u00ed \u0159\u00e1d \u0161kolsk\u00e9 rady<\/a>\n<a href=\"http:\/\/www.gymhorice.cz\/files\/doc\/2017\/2017-11-skolsky-zakon_skolska-rada.docx\" target=\"_blank\" rel=\"noopener\">Citace \u00a7 167-168 ze \u0161kolsk\u00e9ho z\u00e1kona 561\/2004 Sb.<\/a>\n--><\/p>\n","protected":false},"excerpt":{"rendered":"<p>\u0160kolsk\u00e1 rada vyjad\u0159uje se k&nbsp;n\u00e1vrh\u016fm \u0161koln\u00edch vzd\u011bl\u00e1vac\u00edch program\u016f a&nbsp;k&nbsp;jejich n\u00e1sledn\u00e9mu uskute\u010d\u0148ov\u00e1n\u00ed, schvaluje v\u00fdro\u010dn\u00ed zpr\u00e1vu o&nbsp;\u010dinnosti \u0161koly, schvaluje \u0161koln\u00ed \u0159\u00e1d, ve st\u0159edn\u00edch a&nbsp;vy\u0161\u0161\u00edch odborn\u00fdch \u0161kol\u00e1ch stipendijn\u00ed \u0159\u00e1d, a&nbsp;navrhuje jejich zm\u011bny, schvaluje pravidla pro hodnocen\u00ed v\u00fdsledk\u016f vzd\u011bl\u00e1v\u00e1n\u00ed \u017e\u00e1k\u016f v&nbsp;z\u00e1kladn\u00edch a&nbsp;st\u0159edn\u00edch \u0161kol\u00e1ch, pod\u00edl\u00ed se na zpracov\u00e1n\u00ed koncep\u010dn\u00edch z\u00e1m\u011br\u016f rozvoje \u0161koly, projedn\u00e1v\u00e1 n\u00e1vrh rozpo\u010dtu &#8230; <a title=\"\u0160kolsk\u00e1 rada\" class=\"read-more\" href=\"https:\/\/www.gymhorice.cz\/?page_id=8177\" aria-label=\"\u010c\u00edst v\u00edce o \u0160kolsk\u00e1 rada\">p\u0159e\u010d\u00edst v\u0161e<\/a><\/p>\n","protected":false},"author":1,"featured_media":0,"parent":0,"menu_order":0,"comment_status":"closed","ping_status":"closed","template":"","meta":{"ngg_post_thumbnail":0,"footnotes":""},"class_list":["post-8177","page","type-page","status-publish"],"_links":{"self":[{"href":"https:\/\/www.gymhorice.cz\/index.php?rest_route=\/wp\/v2\/pages\/8177","targetHints":{"allow":["GET"]}}],"collection":[{"href":"https:\/\/www.gymhorice.cz\/index.php?rest_route=\/wp\/v2\/pages"}],"about":[{"href":"https:\/\/www.gymhorice.cz\/index.php?rest_route=\/wp\/v2\/types\/page"}],"author":[{"embeddable":true,"href":"https:\/\/www.gymhorice.cz\/index.php?rest_route=\/wp\/v2\/users\/1"}],"replies":[{"embeddable":true,"href":"https:\/\/www.gymhorice.cz\/index.php?rest_route=%2Fwp%2Fv2%2Fcomments&post=8177"}],"version-history":[{"count":14,"href":"https:\/\/www.gymhorice.cz\/index.php?rest_route=\/wp\/v2\/pages\/8177\/revisions"}],"predecessor-version":[{"id":16516,"href":"https:\/\/www.gymhorice.cz\/index.php?rest_route=\/wp\/v2\/pages\/8177\/revisions\/16516"}],"wp:attachment":[{"href":"https:\/\/www.gymhorice.cz\/index.php?rest_route=%2Fwp%2Fv2%2Fmedia&parent=8177"}],"curies":[{"name":"wp","href":"https:\/\/api.w.org\/{rel}","templated":true}]}}