{"id":6904,"date":"2017-04-19T19:43:44","date_gmt":"2017-04-19T18:43:44","guid":{"rendered":"http:\/\/www.gymhorice.cz\/?page_id=6904"},"modified":"2022-09-27T15:25:50","modified_gmt":"2022-09-27T14:25:50","slug":"primestsky-vzdelavaci-tabor-2017","status":"publish","type":"page","link":"https:\/\/www.gymhorice.cz\/?page_id=6904","title":{"rendered":"P\u0159\u00edm\u011bstsk\u00fd vzd\u011bl\u00e1vac\u00ed t\u00e1bor 2022"},"content":{"rendered":"<p><strong>P\u0159\u00edm\u011bstsk\u00fd t\u00e1bor Sv\u011bt kouzel<\/strong><br \/>\nV\u00a0\u010dervenci se budova Ho\u0159ick\u00e9ho gymn\u00e1zia prom\u011bnila na z\u00e1mek v\u00a0Bradavic\u00edch, aby se zde<br \/>\nse\u0161li v\u0161ichni kouzeln\u00edci, kouzelnice, m\u00e1gov\u00e9 a&nbsp;dal\u0161\u00ed podivuhodn\u00e9 bytosti ze sv\u011bta \u010dar a<br \/>\nkouzel. Kouzeln\u00fd mluv\u00edc\u00ed klobouk rozhodl, do kter\u00e9 skupiny (koleje) budou \u00fa\u010dastn\u00edc\u00ed t\u00e1bora<br \/>\nrozd\u011bleni, ka\u017ed\u00e9 skupin\u011b byl ur\u010den t\u00e1borov\u00fd vedouc\u00ed z\u00a0\u0159ad student\u016f gymn\u00e1zia. Jeliko\u017e ka\u017ed\u00fd<br \/>\nspr\u00e1vn\u00fd kouzeln\u00edk pot\u0159ebuje sv\u016fj klobouk, kouzelnickou h\u016flku a&nbsp;kravatu, je\u017e barevn\u011b<br \/>\nodpov\u00edd\u00e1 dan\u00e9 koleji, nezb\u00fdvalo nic jin\u00e9ho, ne\u017e v\u0161e vyrobit.<br \/>\nKa\u017ed\u00e9 r\u00e1no jsme zapo\u010dali den t\u00e1borovou p\u00edsni\u010dkou, pot\u00e9 se jednotliv\u00e9 koleje v\u011bnovaly<br \/>\nhudebn\u00edm, v\u00fdtvarn\u00fdm \u010di&nbsp;sportovn\u00edm \u010dinnostem, p\u0159edev\u0161\u00edm se ale ka\u017ed\u00fd den zdokonalovaly<br \/>\nv\u00a0angli\u010dtin\u011b. D\u011bti p\u0159e\u010detly svou prvn\u00ed kn\u00ed\u017eku v\u00a0angli\u010dtin\u011b o&nbsp;\u010darod\u011bjnici Winnie, dopl\u0148ovaly<br \/>\ninformace o\u00a0postav\u00e1ch z\u00a0knih Harry Potter, u\u010dily se tajn\u00e1 kouzla s\u00a0h\u016flkou, nam\u00edchaly<br \/>\nkouzeln\u00e9 lektvary i&nbsp;prok\u00e1zaly sv\u00e9 konverza\u010dn\u00ed dovednosti p\u0159i&nbsp;setk\u00e1n\u00ed s\u00a0postavami ze sv\u011bta<br \/>\nmagie. Ve st\u0159edu se t\u00e1born\u00edci vydali na celodenn\u00ed dobrodru\u017enou cestu, mnoh\u00e9 \u010dekalo prvn\u00ed<br \/>\nsezn\u00e1men\u00ed s\u00a0rafty a&nbsp;p\u00e1dly, splut\u00ed 12 km \u00faseku Jizery v\u0161ak v\u0161ichni zvl\u00e1dli na jedni\u010dku.<br \/>\nTajupln\u00fd t\u00fdden uplynul jako voda, z\u00e1\u017eitky a&nbsp;nov\u00e1 p\u0159\u00e1telstv\u00ed z\u016fst\u00e1vaj\u00ed.<br \/>\nNa realizaci projektu se krom\u011b u\u010ditel\u016f Ho\u0159ick\u00e9ho gymn\u00e1zia aktivn\u011b pod\u00edleli i&nbsp;studenti, projekt<br \/>\nbyl finan\u010dn\u011b podpo\u0159en m\u011bstem Ho\u0159ice.<\/p>\nngg_shortcode_0_placeholder\n<div style=\"display:none;\">\n<strong><span style=\"color: #0000ff;\">CESTA KOLEM SV\u011aTA<\/span><\/strong><br \/>\n<strong><span style=\"color: #0000ff;\"> aneb procestujte s&nbsp;n\u00e1mi v\u0161echny sv\u011btad\u00edly za jeden t\u00fdden<\/span><\/strong><\/p>\n<p>V\u00edce zde: <a href=\"https:\/\/primestsky-vzdelavaci-tabor-cesta-kolem-sveta.webnode.cz\/\" target=\"_blank\" rel=\"noopener noreferrer\">https:\/\/primestsky-vzdelavaci-tabor-cesta-kolem-sveta.webnode.cz\/<\/a><\/p>\n<hr>\n<p><strong>Organiz\u00e1tor:<\/strong> Ho\u0159ick\u00e9 gymn\u00e1zium (soukrom\u00e9) ve spolupr\u00e1ci s&nbsp;Love English Ho\u0159ice<strong> za podpory m\u011bsta Ho\u0159ice<\/strong><\/p>\n<p><strong>Term\u00edny:<\/strong><br \/>\nPRVN\u00cd B\u011aH 29.&nbsp;7. \u2013 2.&nbsp;8.&nbsp;2019, 7:30 \u2013 17:00 (p\u0159\u00edchod d\u011bt\u00ed 7:30-8:00, vyzvednut\u00ed 16:30-17:00)<br \/>\nDRUH\u00dd B\u011aH 5.&nbsp;8. \u2013 9.&nbsp;8.&nbsp;2019, 7:30 \u2013 17:00 (p\u0159\u00edchod d\u011bt\u00ed 7:30-8:00, vyzvednut\u00ed 16:30-17:00)<\/p>\n<p class=\"wnd-align-justify\"><strong>T\u00e9ma:&nbsp;<\/strong>Prvn\u00ed b\u011bh je ur\u010den hlavn\u011b pro d\u011bti, kter\u00e9 se v&nbsp;lo\u0148sk\u00e9m roce ne\u00fa\u010dastnily &#8211; bude m\u00edt stejn\u00e9 t\u00e9ma celot\u00e1borov\u00e9 hry jako v&nbsp;srpnu 2018. Druh\u00fd b\u011bh bude ji\u017e s&nbsp;nov\u00fdm t\u00e9matem i&nbsp;obsahem.<\/p>\n<p>PRVN\u00cd B\u011aH &#8211; t\u00e9ma <strong>CESTA KOLEM SV\u011aTA &#8211;&nbsp;<\/strong><strong>\u00daNIK Z&nbsp;V\u011aZEN\u00cd (PRISON BREAK)&nbsp; <\/strong>&nbsp;<br \/>\nDRUH\u00dd B\u011aH &#8211; t\u00e9ma <strong>CESTA KOLEM SV\u011aTA &#8211; BOHOV\u00c9 JSOU \u0160\u00cdLEN\u00cd<\/strong><\/p>\n<p><strong>M\u00edsto kon\u00e1n\u00ed:<\/strong> Budova Ho\u0159ick\u00e9ho gymn\u00e1zia (Blahoslavova 2105, Ho\u0159ice) &#8211; bo\u010dn\u00ed vchod z&nbsp;ulice Blahoslavova<\/p>\n<p><strong>\u00da\u010dastn\u00edci t\u00e1bora:<\/strong> T\u00e1bor je ur\u010den pro d\u011bti od 5 do 15 let, \u00fa\u010dastn\u00edci budou rozd\u011bleni do skupin podle v\u011bku, je ur\u010den i&nbsp;pro d\u011bti s&nbsp;nulovou nebo minim\u00e1ln\u00ed znalost\u00ed Aj.<\/p>\n<p><strong>Obsah t\u00e1bora: <\/strong>Ka\u017ed\u00fd den si v\u0161echny skupiny projdou v\u0161emi bloky (anglick\u00fdm, hudebn\u00edm i&nbsp;sportovn\u00edm). T\u00e1bor bude zam\u011b\u0159en na v\u00fduku angli\u010dtiny, kter\u00e1 bude dopln\u011bna hudebn\u011b-pohybov\u00fdmi hrami, v\u00fdtvarnou \u010dinnost\u00ed a&nbsp;nev\u0161edn\u00edmi pohybov\u00fdmi aktivitami a&nbsp;hrami. P\u0159i&nbsp;v\u00fduce nejmen\u0161\u00edch bude pou\u017eita metoda pro\u017eitkov\u00e9ho u\u010den\u00ed, u\u010den\u00ed hrou, zp\u011bvem, pohybem a&nbsp;tancem. V\u00fduka star\u0161\u00edch bude vedena v&nbsp;podobn\u00e9m duchu a&nbsp;bude v\u00edce zam\u011b\u0159ena na rozv\u00edjen\u00ed komunikativn\u00edch dovednost\u00ed a&nbsp;praktick\u00e9 vyu\u017eit\u00ed angli\u010dtiny v&nbsp;\u017eivot\u011b. \u017d\u00e1dn\u00e9 sezen\u00ed v&nbsp;lavic\u00edch a&nbsp;vypl\u0148ov\u00e1n\u00ed gramatick\u00fdch cvi\u010den\u00ed. Studenti soukrom\u00e9ho gymn\u00e1zia se budou pod\u00edlet na p\u0159\u00edprav\u00e1ch materi\u00e1l\u016f, her a&nbsp;aktivit i&nbsp;na samotn\u00e9 realizaci projektu. V\u0161e prob\u011bhne pod veden\u00edm kvalifikovan\u00fdch pedagog\u016f s&nbsp;prax\u00ed v&nbsp;oboru. Pro zpest\u0159en\u00ed programu jsou zv\u00e1ni i&nbsp;extern\u00ed host\u00e9 a&nbsp;lekto\u0159i.<\/p>\n<p><strong>Aktivity:<\/strong><br \/>\n&#8211; anglick\u00e9 hry, poh\u00e1dky, p\u00edsni\u010dky a&nbsp;b\u00e1sni\u010dky<br \/>\n&#8211; konverzace v&nbsp;angli\u010dtin\u011b pro pokro\u010dilej\u0161\u00ed studenty, AJ v&nbsp;praktick\u00fdch situac\u00edch<br \/>\n&#8211; hudba ze v\u0161ech kout\u016f sv\u011bta<br \/>\n&#8211; hudebn\u011b-pohybov\u00e9 hry<br \/>\n&#8211; v\u00fdtvarn\u00e1 \u010dinnost<br \/>\n&#8211; pestr\u00e9 nev\u0161edn\u00ed sportovn\u00ed aktivity (nap\u0159.&nbsp;lukost\u0159elba, br\u00e4nbal)<br \/>\n&#8211; celodenn\u00ed v\u00fdlet za dobrodru\u017estv\u00edm v&nbsp;p\u0159\u00edrod\u011b a&nbsp;ter\u00e9nu<br \/>\n&#8211; extern\u00ed host\u00e9 a&nbsp;lekto\u0159i v&nbsp;z\u00e1vislosti na t\u00e9matu dan\u00e9ho b\u011bhu t\u00e1bora<br \/>\n&#8211; z\u00e1v\u011bre\u010dn\u00fd t\u00e1borov\u00fd ohe\u0148 a&nbsp;vystoupen\u00ed pro rodi\u010de, posezen\u00ed s&nbsp;rodi\u010di<\/p>\n<p><strong>Cena t\u00e1bora: 2200 K\u010d\/osoba<\/strong><br \/>\n<strong>Platba a&nbsp;rezervace m\u00edsta &#8211; od 4.b\u0159ezna 2019<\/strong><br \/>\nRezervace m\u00edsta na t\u00e1bo\u0159e &#8211; s&nbsp;p\u0159ijet\u00edm vypln\u011bn\u00e9 a&nbsp;podepsan\u00e9 p\u0159ihl\u00e1\u0161ky (+ p\u0159ijet\u00edm platby do 5 pracovn\u00edch dn\u016f). Po\u010det m\u00edst na t\u00e1bo\u0159e je omezen.<\/p>\n<p><strong>Kontaktn\u00ed osoby (organizace, koordinace p\u0159\u00edprav a&nbsp;pr\u016fb\u011bhu t\u00e1bora):<\/strong><br \/>\nMgr.&nbsp;Magda Van\u00ed\u010dkov\u00e1 (tel.: 605&nbsp;735&nbsp;491, vanickova@gymhorice.cz)<br \/>\nMgr.&nbsp;Blanka Do\u010dekalov\u00e1 (tel.: 608&nbsp;309&nbsp;045, docekalova@gymhorice.cz)<\/p>\n<p><strong>Lekto\u0159i t\u00e1bora:<\/strong><br \/>\nMgr.&nbsp;Blanka Do\u010dekalov\u00e1 (AJ), Mgr.&nbsp;Magda Van\u00ed\u010dkov\u00e1 (AJ), Mgr.&nbsp;Krist\u00fdna \u0160olcov\u00e1 (HV\/VV), Mgr.&nbsp;Pavel \u0160\u0165ov\u00ed\u010dek (TV), Mgr.&nbsp;Denisa Lipavsk\u00e1 (HV\/VV)<\/p>\n<p>V\u00edce zde: <a href=\"https:\/\/primestsky-vzdelavaci-tabor-cesta-kolem-sveta.webnode.cz\/\" target=\"_blank\" rel=\"noopener noreferrer\">https:\/\/primestsky-vzdelavaci-tabor-cesta-kolem-sveta.webnode.cz\/<\/a><\/p>\n<p><!--\n<strong>Cena:<\/strong> 1990K\u010d\/ osoba, sleva na sourozence 200K\u010d. Pro d\u011bti je zaji\u0161t\u011bn ob\u011bd (pol\u00e9vka a&nbsp;hlavn\u00ed chod) a&nbsp;celodenn\u00ed pitn\u00fd re\u017eim (balen\u00e1 neperliv\u00e1 voda).\n<strong>Platba: <\/strong>V&nbsp;hotovosti v&nbsp;kancel\u00e1\u0159i \u0161koly \u010di&nbsp;p\u0159evodem na \u00fa\u010det 107-8153510227\/0100, VS 201708\n--><\/p>\nngg_shortcode_1_placeholder\n<\/div>\n","protected":false},"excerpt":{"rendered":"<p>P\u0159\u00edm\u011bstsk\u00fd t\u00e1bor Sv\u011bt kouzel V\u00a0\u010dervenci se budova Ho\u0159ick\u00e9ho gymn\u00e1zia prom\u011bnila na z\u00e1mek v\u00a0Bradavic\u00edch, aby se zde se\u0161li v\u0161ichni kouzeln\u00edci, kouzelnice, m\u00e1gov\u00e9 a&nbsp;dal\u0161\u00ed podivuhodn\u00e9 bytosti ze sv\u011bta \u010dar a&nbsp;kouzel. Kouzeln\u00fd mluv\u00edc\u00ed klobouk rozhodl, do kter\u00e9 skupiny (koleje) budou \u00fa\u010dastn\u00edc\u00ed t\u00e1bora rozd\u011bleni, ka\u017ed\u00e9 skupin\u011b byl ur\u010den t\u00e1borov\u00fd vedouc\u00ed z\u00a0\u0159ad student\u016f gymn\u00e1zia. &#8230; <a title=\"P\u0159\u00edm\u011bstsk\u00fd vzd\u011bl\u00e1vac\u00ed t\u00e1bor 2022\" class=\"read-more\" href=\"https:\/\/www.gymhorice.cz\/?page_id=6904\" aria-label=\"\u010c\u00edst v\u00edce o P\u0159\u00edm\u011bstsk\u00fd vzd\u011bl\u00e1vac\u00ed t\u00e1bor 2022\">p\u0159e\u010d\u00edst v\u0161e<\/a><\/p>\n","protected":false},"author":1,"featured_media":0,"parent":0,"menu_order":0,"comment_status":"closed","ping_status":"closed","template":"","meta":{"ngg_post_thumbnail":0,"footnotes":""},"class_list":["post-6904","page","type-page","status-publish"],"_links":{"self":[{"href":"https:\/\/www.gymhorice.cz\/index.php?rest_route=\/wp\/v2\/pages\/6904","targetHints":{"allow":["GET"]}}],"collection":[{"href":"https:\/\/www.gymhorice.cz\/index.php?rest_route=\/wp\/v2\/pages"}],"about":[{"href":"https:\/\/www.gymhorice.cz\/index.php?rest_route=\/wp\/v2\/types\/page"}],"author":[{"embeddable":true,"href":"https:\/\/www.gymhorice.cz\/index.php?rest_route=\/wp\/v2\/users\/1"}],"replies":[{"embeddable":true,"href":"https:\/\/www.gymhorice.cz\/index.php?rest_route=%2Fwp%2Fv2%2Fcomments&post=6904"}],"version-history":[{"count":31,"href":"https:\/\/www.gymhorice.cz\/index.php?rest_route=\/wp\/v2\/pages\/6904\/revisions"}],"predecessor-version":[{"id":15087,"href":"https:\/\/www.gymhorice.cz\/index.php?rest_route=\/wp\/v2\/pages\/6904\/revisions\/15087"}],"wp:attachment":[{"href":"https:\/\/www.gymhorice.cz\/index.php?rest_route=%2Fwp%2Fv2%2Fmedia&parent=6904"}],"curies":[{"name":"wp","href":"https:\/\/api.w.org\/{rel}","templated":true}]}}