{"id":5802,"date":"2016-10-18T12:20:40","date_gmt":"2016-10-18T11:20:40","guid":{"rendered":"http:\/\/www.gymhorice.cz\/?page_id=5802"},"modified":"2025-10-17T09:39:32","modified_gmt":"2025-10-17T08:39:32","slug":"maturity","status":"publish","type":"page","link":"https:\/\/www.gymhorice.cz\/?page_id=5802","title":{"rendered":"Maturity"},"content":{"rendered":"<p><span class=\"modra\"><strong>Maturitn\u00ed zkou\u0161ky <\/strong><\/span><\/p>\n<ul class=\"znak2\">\n<li><a title=\"\" href=\"\/files\/doc\/2025-2026\/2026-05-maturitni-temata-komplet-verze2.docx\" target=\"_blank\" rel=\"noopener\">Maturitn\u00ed t\u00e9mata&nbsp;<\/a><\/li>\n<li><a title=\"\" href=\"\/files\/doc\/2022-2023\/2022-2023-maturita-literatura-vzor-seznam.docx\" target=\"_blank\" rel=\"noopener noreferrer\">\u0160koln\u00ed seznam liter\u00e1rn\u00edch d\u011bl &#8211; vzor a&nbsp;informace <\/a><\/li>\n<li><a title=\"\" href=\"\/files\/doc\/2025-2026\/2026-05-seznam-cetby-k-maturite.docx\" target=\"_blank\" rel=\"noopener noreferrer\">\u0160koln\u00ed seznam liter\u00e1rn\u00edch d\u011bl &#8211; Ho\u0159ick\u00e9 gymn\u00e1zium <\/a><\/li>\n<li><strong><a href=\"\/files\/pdf\/Prihlaska-MZ_17-BIANCO_editovatelna_(002).pdf\" target=\"_blank\" rel=\"noopener noreferrer\">P\u0159ihl\u00e1\u0161ka k&nbsp;maturitn\u00ed zkou\u0161ce (PDF)<\/a><\/strong><\/li>\n<li><strong><a href=\"\/files\/jpg\/2022-2023\/2022-2023-prihlaska-VZOR.png\" target=\"_blank\" rel=\"noopener noreferrer\">P\u0159ihl\u00e1\u0161ka k&nbsp;maturitn\u00ed zkou\u0161ce &#8211; VZOR (PNG)<\/a><\/strong><\/li>\n<li><strong><a href=\"\/files\/doc\/2025-2026\/2026-05-kriteria-hodnoceni-PP-AJ.docx\" target=\"_blank\" rel=\"noopener noreferrer\">Krit\u00e9ria hodnocen\u00ed p\u00edsemn\u00e9 pr\u00e1ce z&nbsp;anglick\u00e9ho jazyka<\/a><\/strong><\/li>\n<li><strong><a href=\"\/files\/doc\/2025-2026\/2026-05-kriteria-hodnoceni-PP-druhy_cizi_jazyk.docx\" target=\"_blank\" rel=\"noopener noreferrer\">Krit\u00e9ria hodnocen\u00ed p\u00edsemn\u00e9 pr\u00e1ce z&nbsp;druh\u00e9ho ciz\u00edho jazyka<\/a><\/strong><\/li>\n<li><strong><a href=\"\/files\/doc\/2025-2026\/2026-05-pokyny-PP-druhy_cizi_jazyk.docx\" target=\"_blank\" rel=\"noopener noreferrer\">Pokyny pro p\u00edsemnou pr\u00e1ci z&nbsp;druh\u00e9ho ciz\u00edho jazyka<\/a><\/strong><\/li>\n<li><strong><a href=\"\/files\/doc\/2021-2022\/2022-kriteria-hodnoceni-PP-CJL.docx\" target=\"_blank\" rel=\"noopener noreferrer\">Krit\u00e9ria hodnocen\u00ed p\u00edsemn\u00e9 pr\u00e1ce z&nbsp;\u010desk\u00e9ho jazyka<\/a><\/strong><\/li>\n<li><strong><a href=\"\/files\/doc\/2022-2023\/2022-2023-hodnoceni-UZ_cizi-jazyky.docx\" target=\"_blank\" rel=\"noopener noreferrer\">Krit\u00e9ria hodnocen\u00ed \u00fastn\u00ed \u010d\u00e1sti maturitn\u00ed zkou\u0161ky z&nbsp;ciz\u00edch jazyk\u016f <\/a><\/strong><\/li>\n<li><strong><a href=\"\/files\/doc\/2021-2022\/2022-kriteria-hodnoceni-UZ-CJL.docx\" target=\"_blank\" rel=\"noopener noreferrer\">Krit\u00e9ria hodnocen\u00ed \u00fastn\u00ed \u010d\u00e1sti maturitn\u00ed zkou\u0161ky z&nbsp;\u010desk\u00e9ho jazyka<\/a><\/strong><\/li>\n<\/ul>\n<div>&nbsp;<\/div>\n<div style=\"display: none;\"><strong><span class=\"modra\">Podzimn\u00ed term\u00edn \u0161koln\u00edch profilov\u00fdch maturitn\u00edch zkou\u0161ek 2025<\/span><\/strong>Podzimn\u00ed term\u00edn byl stanoven na <strong><span class=\"cervena\">16.&nbsp;z\u00e1\u0159\u00ed 2025<\/span><\/strong>.<\/div>\n<div>&nbsp;<\/div>\n<p><strong><span class=\"modra\">Krit\u00e9ria hodnocen\u00ed profilov\u00e9 maturitn\u00ed zkou\u0161ky vyjma p\u0159edm\u011bt\u016f \u010cJL a&nbsp;CJ<\/span><\/strong><\/p>\n<p>Hodnocen\u00ed profilov\u00e9 maturitn\u00ed zkou\u0161ky v&nbsp;\u017e\u00e1kem zvolen\u00fdch p\u0159edm\u011btech, vyjma \u010desk\u00e9ho jazyka a&nbsp;literatury a&nbsp;ciz\u00edch jazyk\u016f, odpov\u00edd\u00e1 klasifika\u010dn\u00edmu \u0159\u00e1du, kter\u00fd je sou\u010d\u00e1st\u00ed platn\u00e9ho \u0161koln\u00edho \u0159\u00e1du.<\/p>\n<div><strong><span class=\"modra\">Term\u00edny<\/span><\/strong><\/div>\n<table class=\"radkovana-tabulka\">\n<tbody>\n<tr>\n<td>zve\u0159ejn\u011bn\u00ed t\u00e9mat v\u0161ech p\u0159edm\u011bt\u016f<\/td>\n<td>7 m\u011bs\u00edc\u016f p\u0159ed kon\u00e1n\u00edm profilov\u00e9 MZ<\/td>\n<\/tr>\n<tr>\n<td>p\u0159ihl\u00e1\u0161ka k&nbsp;MZ (t\u0159\u00eddn\u00ed u\u010ditelce)<\/td>\n<td>30.&nbsp;listopad<\/td>\n<\/tr>\n<tr>\n<td>p\u00edsemn\u00e1 \u017e\u00e1dost o&nbsp;nahrazen\u00ed zkou\u0161ky z&nbsp;ciz\u00edho jazyka<\/td>\n<td>do 31.&nbsp;b\u0159ezna<\/td>\n<\/tr>\n<tr>\n<td>odevzd\u00e1n\u00ed \u017e\u00e1kovsk\u00e9ho maturitn\u00edho seznamu<\/td>\n<td>do 31.&nbsp;b\u0159ezna<\/td>\n<\/tr>\n<tr>\n<td>p\u00edsemn\u00e1 pr\u00e1ce z&nbsp;\u010cjl<\/td>\n<td>7. &#8211; 9.&nbsp;4.&nbsp;2026<\/td>\n<\/tr>\n<tr>\n<td>p\u00edsemn\u00e1 pr\u00e1ce z&nbsp;1.&nbsp;ciz\u00edho jazyka<\/td>\n<td>7. &#8211; 9.&nbsp;4.&nbsp;2026<\/td>\n<\/tr>\n<tr>\n<td>p\u00edsemn\u00e1 pr\u00e1ce z&nbsp;2.&nbsp;ciz\u00edho jazyka<\/td>\n<td>7. &#8211; 9.&nbsp;4.&nbsp;2026<\/td>\n<\/tr>\n<tr>\n<td>didaktick\u00e9 testy<\/td>\n<td>4. &#8211; 6.&nbsp;5.&nbsp;2026<\/td>\n<\/tr>\n<tr>\n<td>p\u0159\u00edprava student\u016f na \u00fastn\u00ed MZ (svat\u00fd t\u00fdden)<\/td>\n<td>11. &#8211; 15.&nbsp;5.&nbsp;2026<\/td>\n<\/tr>\n<tr>\n<td>\u00fastn\u00ed zkou\u0161ky profilov\u00e9 \u010d\u00e1sti MZ<\/td>\n<td>18. &#8211; 20.&nbsp;5.&nbsp;2026<\/td>\n<\/tr>\n<tr>\n<td>p\u0159ed\u00e1v\u00e1n\u00ed maturitn\u00edch vysv\u011bd\u010den\u00ed<\/td>\n<td>22.&nbsp;5.\/ 25.&nbsp;5.&nbsp;2025<\/td>\n<\/tr>\n<\/tbody>\n<\/table>\n<p><span class=\"modra\"><strong>Maturitn\u00ed zkou\u0161ka&nbsp;<\/strong><\/span><br \/>\nNa z\u00e1klad\u011b ustanoven\u00ed \u00a778 a&nbsp;\u00a779 z\u00e1kona 561\/2004 Sb. (\u0161kolsk\u00fd z\u00e1kon) ve zn\u011bn\u00ed n\u00e1sleduj\u00edc\u00edch p\u0159edpis\u016f a&nbsp;vyhl\u00e1\u0161ky \u010d.&nbsp;177\/2009 Sb., o&nbsp;bli\u017e\u0161\u00edch podm\u00ednk\u00e1ch ukon\u010dov\u00e1n\u00ed vzd\u011bl\u00e1v\u00e1n\u00ed ve st\u0159edn\u00edch \u0161kol\u00e1ch maturitn\u00ed zkou\u0161kou, ve zn\u011bn\u00ed pozd\u011bj\u0161\u00edch p\u0159edpis\u016f, stanovuji pro volbu p\u0159edm\u011bt\u016f u&nbsp;maturitn\u00ed zkou\u0161ky v&nbsp;aktu\u00e1ln\u00edm \u0161koln\u00edm roce tato pravidla:<\/p>\n<p><span class=\"modra\"><strong>Spole\u010dn\u00e1 \u010d\u00e1st maturitn\u00ed zkou\u0161ky<\/strong><\/span><br \/>\nZku\u0161ebn\u00edmi p\u0159edm\u011bty spole\u010dn\u00e9 \u010d\u00e1sti maturitn\u00ed zkou\u0161ky jsou<\/p>\n<ol>\n<li>\u010desk\u00fd jazyk a&nbsp;literatura<\/li>\n<li>ciz\u00ed jazyk (ciz\u00ed jazyk si mohou \u017e\u00e1ci vybrat z&nbsp;p\u0159edm\u011bt\u016f: anglick\u00fd jazyk, n\u011bmeck\u00fd jazyk, rusk\u00fd jazyk)<\/li>\n<li>matematika<\/li>\n<\/ol>\n<p>Spole\u010dn\u00e1 \u010d\u00e1st maturitn\u00ed zkou\u0161ky se skl\u00e1d\u00e1 ze zkou\u0161ky z&nbsp;\u010desk\u00e9ho jazyka a&nbsp;literatury a&nbsp;druh\u00e9 zkou\u0161ky, pro kterou si \u017e\u00e1k na p\u0159ihl\u00e1\u0161ce k&nbsp;maturitn\u00ed zkou\u0161ce zvol\u00ed jeden ze zku\u0161ebn\u00edch p\u0159edm\u011bt\u016f uveden\u00fdch v&nbsp;bodech 2 a&nbsp;3.<br \/>\nZkou\u0161ky spole\u010dn\u00e9 \u010d\u00e1sti MZ se konaj\u00ed formou didaktick\u00e9ho testu, kter\u00fd je jednotn\u011b zad\u00e1n a&nbsp;centr\u00e1ln\u011b vyhodnocen. Hodnocen\u00ed se prov\u00e1d\u00ed na \u0161k\u00e1le usp\u011bl \u2013 neusp\u011bl s&nbsp;procentu\u00e1ln\u00edm vyj\u00e1d\u0159en\u00edm \u00fasp\u011b\u0161nosti. Didaktick\u00e9 testy MZ se konaj\u00ed v&nbsp;t\u00fddnu od 2.&nbsp;kv\u011btna.<br \/>\n\u017d\u00e1k se m\u016f\u017ee ve spole\u010dn\u00e9 \u010d\u00e1sti d\u00e1le p\u0159ihl\u00e1sit a\u017e ke dv\u011bma nepovinn\u00fdm zkou\u0161k\u00e1m z&nbsp;p\u0159edm\u011bt\u016f uveden\u00fdch v&nbsp;bodech 2 a&nbsp;3&nbsp;a&nbsp;ze zku\u0161ebn\u00edho &nbsp;p\u0159edm\u011btu matematika roz\u0161i\u0159uj\u00edc\u00ed.<\/p>\n<p>V\u00edce viz <a href=\"http:\/\/www.cermat.cz\" target=\"_blank\" rel=\"noopener noreferrer\">www.cermat.cz<\/a><\/p>\n<p><strong><span class=\"modra\">Profilov\u00e1 \u010d\u00e1st maturitn\u00ed zkou\u0161ky<\/span><\/strong><br \/>\nProfilov\u00e1 \u010d\u00e1st maturitn\u00ed zkou\u0161ky se skl\u00e1d\u00e1 ze zkou\u0161ky z&nbsp;\u010desk\u00e9ho jazyka a&nbsp;literatury, a&nbsp;pokud si \u017e\u00e1k ve spole\u010dn\u00e9 \u010d\u00e1sti MZ zvol\u00ed ciz\u00ed jazyk, ze zkou\u0161ky z&nbsp;tohoto ciz\u00edho jazyka a&nbsp;z&nbsp;dal\u0161\u00edch 2 povinn\u00fdch zkou\u0161ek. D\u00e1le je mo\u017en\u00e9 si vybrat maxim\u00e1ln\u011b 2 nepovinn\u00e9 zkou\u0161ky.<br \/>\nV\u0161echny zkou\u0161ky se konaj\u00ed \u00fastn\u00ed formou.<br \/>\nZkou\u0161ky z&nbsp;\u010desk\u00e9ho jazyka a&nbsp;literatury a&nbsp;z&nbsp;ciz\u00edho jazyka se konaj\u00ed v\u017edy formou p\u00edsemn\u00e9 pr\u00e1ce a&nbsp;formou \u00fastn\u00ed zkou\u0161ky (podrobnosti n\u00ed\u017ee).<\/p>\n<p><strong>Dal\u0161\u00ed povinn\u00e9 zkou\u0161ky<\/strong><br \/>\n\u017d\u00e1ci si mohou vybrat z&nbsp;n\u00e1sleduj\u00edc\u00ed nab\u00eddky:<\/p>\n<ol>\n<li>ciz\u00ed jazyk (pokud si \u017e\u00e1k ve spole\u010dn\u00e9 \u010d\u00e1sti zvol\u00ed ciz\u00ed jazyk, nem\u016f\u017ee v&nbsp;profilov\u00e9 \u010d\u00e1sti volit jazyk stejn\u00fd)<\/li>\n<li>d\u011bjepis<\/li>\n<li>z\u00e1klady spole\u010densk\u00fdch v\u011bd<\/li>\n<li>matematika<\/li>\n<li>fyzika<\/li>\n<li>chemie<\/li>\n<li>biologie<\/li>\n<li>zem\u011bpis<\/li>\n<\/ol>\n<p><strong>P\u00edsemn\u00e1 pr\u00e1ce&nbsp;z&nbsp;\u010desk\u00e9ho jazyka a&nbsp;literatury<\/strong>&nbsp;<\/p>\n<ol>\n<li>P\u00edsemnou prac\u00ed z&nbsp;\u010desk\u00e9ho jazyka a&nbsp;literatury se rozum\u00ed vytvo\u0159en\u00ed souvisl\u00e9ho textu, jeho\u017e minim\u00e1ln\u00ed rozsah je 250 slov.&nbsp;P\u00edsemn\u00e1 pr\u00e1ce trv\u00e1 nejd\u00e9le&nbsp;150 minut v\u010detn\u011b \u010dasu na volbu zad\u00e1n\u00ed. P\u0159i&nbsp;kon\u00e1n\u00ed p\u00edsemn\u00e9 pr\u00e1ce m\u00e1 \u017e\u00e1k mo\u017enost pou\u017e\u00edt Pravidla \u010desk\u00e9ho pravopisu.<\/li>\n<li>Pro p\u00edsemnou pr\u00e1ci \u0159editel \u0161koly stanov\u00ed 6 zad\u00e1n\u00ed, kter\u00e1 se \u017e\u00e1k\u016fm zp\u0159\u00edstupn\u00ed bezprost\u0159edn\u011b p\u0159ed zah\u00e1jen\u00edm zkou\u0161ky.&nbsp;&nbsp;Po&nbsp;zah\u00e1jen\u00ed zkou\u0161ky si \u017e\u00e1k jedno zad\u00e1n\u00ed zvol\u00ed. Zad\u00e1n\u00ed p\u00edsemn\u00e9 pr\u00e1ce obsahuje n\u00e1zev zad\u00e1n\u00ed, zp\u016fsob zpracov\u00e1n\u00ed zad\u00e1n\u00ed a&nbsp;pop\u0159\u00edpad\u011b v\u00fdchoz\u00ed text k&nbsp;zad\u00e1n\u00ed.&nbsp;<\/li>\n<li>Zad\u00e1n\u00ed p\u00edsemn\u00e9 pr\u00e1ce jsou stejn\u00e1 pro v\u0161echny \u017e\u00e1ky.&nbsp;<\/li>\n<li>P\u00edsemnou pr\u00e1ci \u017e\u00e1ci zapisuj\u00ed ru\u010dn\u011b do z\u00e1znamov\u00fdch arch\u016f, nebo ji zpracuj\u00ed v&nbsp;textov\u00e9m editoru WordPad na PC, bez mo\u017enosti p\u0159ipojen\u00ed na internet. S&nbsp;podrobnou organizac\u00ed PP&nbsp;MZ a&nbsp;s&nbsp;krit\u00e9rii hodnocen\u00ed PP&nbsp;budou \u017e\u00e1ci sezn\u00e1meni p\u0159ed za\u010d\u00e1tkem t\u00e9to \u010d\u00e1sti profilov\u00e9 zkou\u0161ky.<\/li>\n<\/ol>\n<p><strong>\u00dastn\u00ed zkou\u0161ka z&nbsp;\u010desk\u00e9ho jazyka a&nbsp;literatury&nbsp;p\u0159ed zku\u0161ebn\u00ed maturitn\u00ed komis\u00ed<\/strong>&nbsp;<\/p>\n<ol>\n<li>Pro \u00fastn\u00ed zkou\u0161ku z&nbsp;\u010desk\u00e9ho jazyka a&nbsp;literatury je v&nbsp;souladu s&nbsp;r\u00e1mcov\u00fdm a&nbsp;\u0161koln\u00edm vzd\u011bl\u00e1vac\u00edm programem stanoven maturitn\u00ed seznam liter\u00e1rn\u00edch d\u011bl. Z\u00e1rove\u0148 jsou stanovena krit\u00e9ria pro sestaven\u00ed vlastn\u00edho seznamu liter\u00e1rn\u00edch d\u011bl \u017e\u00e1kem. Maturitn\u00ed seznam liter\u00e1rn\u00edch d\u011bl a&nbsp;krit\u00e9ria jsou platn\u00e1 i&nbsp;pro opravnou zkou\u0161ku.<\/li>\n<li>Z maturitn\u00edho seznamu liter\u00e1rn\u00edch d\u011bl a&nbsp;v&nbsp;souladu s&nbsp;krit\u00e9rii podle odstavce 1 \u017e\u00e1k p\u0159iprav\u00ed vlastn\u00ed seznam liter\u00e1rn\u00edch d\u011bl v&nbsp;po\u010dtu stanoven\u00e9m \u0159editelem \u0161koly; po\u010det liter\u00e1rn\u00edch d\u011bl v&nbsp;\u017e\u00e1kovsk\u00e9m seznamu je 20.&nbsp;\u017d\u00e1k odevzd\u00e1 seznam \u0159editeli \u0161koly do 31.&nbsp;b\u0159ezna roku, v&nbsp;n\u011bm\u017e se maturitn\u00ed zkou\u0161ka kon\u00e1, pro jarn\u00ed zku\u0161ebn\u00ed obdob\u00ed a&nbsp;do 30.&nbsp;\u010dervna roku, v&nbsp;n\u011bm\u017e se maturitn\u00ed zkou\u0161ka kon\u00e1, pro podzimn\u00ed zku\u0161ebn\u00ed obdob\u00ed.&nbsp;<\/li>\n<li>\u00dastn\u00ed zkou\u0161ka se uskute\u010d\u0148uje formou \u0159\u00edzen\u00e9ho rozhovoru s&nbsp;vyu\u017eit\u00edm pracovn\u00edho listu obsahuj\u00edc\u00edho \u00faryvek nebo \u00faryvky z&nbsp;konkr\u00e9tn\u00edho liter\u00e1rn\u00edho d\u00edla. \u0158editel \u0161koly zajist\u00ed pracovn\u00ed listy pro \u017e\u00e1ky k&nbsp;d\u00edl\u016fm z&nbsp;jejich vlastn\u00edch seznam\u016f liter\u00e1rn\u00edch d\u011bl. Sou\u010d\u00e1st\u00ed pracovn\u00edho listu je i&nbsp;zad\u00e1n\u00ed ov\u011b\u0159uj\u00edc\u00ed znalosti a&nbsp;dovednosti \u017e\u00e1ka vztahuj\u00edc\u00ed se k&nbsp;u\u010divu o&nbsp;jazyce a&nbsp;slohu.&nbsp;<\/li>\n<li>Bezprost\u0159edn\u011b p\u0159ed zah\u00e1jen\u00edm p\u0159\u00edpravy k&nbsp;\u00fastn\u00ed zkou\u0161ce si \u017e\u00e1k vylosuje \u010d\u00edslo pracovn\u00edho listu.&nbsp;&nbsp;<\/li>\n<li>P\u0159\u00edprava k&nbsp;\u00fastn\u00ed zkou\u0161ce trv\u00e1 20 minut. \u00dastn\u00ed zkou\u0161ka trv\u00e1 nejd\u00e9le 15 minut. V&nbsp;jednom dni nelze losovat dvakr\u00e1t pracovn\u00ed list ke stejn\u00e9mu liter\u00e1rn\u00edmu d\u00edlu. Neodevzd\u00e1-li \u017e\u00e1k do&nbsp;31.&nbsp;b\u0159ezna p\u0159\u00edslu\u0161n\u00e9ho \u0161koln\u00edho roku&nbsp;vlastn\u00ed seznam liter\u00e1rn\u00edch d\u011bl, losuje si u&nbsp;zkou\u0161ky z&nbsp;pracovn\u00edch list\u016f ke v\u0161em&nbsp;d\u00edl\u016fm maturitn\u00edho seznamu liter\u00e1rn\u00edch d\u011bl pro dan\u00fd obor vzd\u011bl\u00e1n\u00ed.&nbsp;<\/li>\n<\/ol>\n<p><strong>P\u00edsemn\u00e1 pr\u00e1ce z&nbsp;ciz\u00edho jazyka<\/strong><\/p>\n<ol>\n<li>P\u00edsemnou prac\u00ed se rozum\u00ed vytvo\u0159en\u00ed souvisl\u00e9ho textu v&nbsp;celkov\u00e9m minim\u00e1ln\u00edm rozsahu 200 slov, p\u00edsemn\u00e1 pr\u00e1ce trv\u00e1 105 minut v\u010detn\u011b \u010dasu na volbu zad\u00e1n\u00ed, \u017e\u00e1k m\u00e1 mo\u017enost pou\u017e\u00edt p\u0159ekladov\u00fd slovn\u00edk.<\/li>\n<li>Pro p\u00edsemnou pr\u00e1ci \u0159editel \u0161koly stanov\u00ed 6 zad\u00e1n\u00ed, z&nbsp;nich\u017e si \u017e\u00e1k po&nbsp;zah\u00e1jen\u00ed zkou\u0161ky jednu zvol\u00ed. Zad\u00e1n\u00ed p\u00edsemn\u00e9 pr\u00e1ce obsahuje n\u00e1zev zad\u00e1n\u00ed, zp\u016fsob zpracov\u00e1n\u00ed zad\u00e1n\u00ed a&nbsp;pop\u0159\u00edpad\u011b v\u00fdchoz\u00ed text k&nbsp;zad\u00e1n\u00ed.<\/li>\n<li>Zad\u00e1n\u00ed p\u00edsemn\u00e9 pr\u00e1ce z&nbsp;konkr\u00e9tn\u00edho ciz\u00edho jazyka jsou stejn\u00e1 pro v\u0161echny \u017e\u00e1ky.<\/li>\n<li>P\u00edsemnou pr\u00e1ci \u017e\u00e1ci zapisuj\u00ed ru\u010dn\u011b do z\u00e1znamov\u00fdch arch\u016f, nebo ji zpracuj\u00ed v&nbsp;textov\u00e9m editoru WordPad na PC, bez mo\u017enosti p\u0159ipojen\u00ed na internet. S&nbsp;podrobnou organizac\u00ed PP&nbsp;MZ a&nbsp;s&nbsp;krit\u00e9rii hodnocen\u00ed PP&nbsp;budou \u017e\u00e1ci sezn\u00e1meni p\u0159ed za\u010d\u00e1tkem t\u00e9to \u010d\u00e1sti profilov\u00e9 zkou\u0161ky.<\/li>\n<\/ol>\n<p><strong>\u00dastn\u00ed zkou\u0161ka z&nbsp;ciz\u00edho jazyka<\/strong><br \/>\nPro \u00fastn\u00ed zkou\u0161ku \u0159editel \u0161koly stanov\u00ed 20 \u2013 30 t\u00e9mat.<br \/>\nT\u00e9mata budou zve\u0159ejn\u011bna 7 m\u011bs\u00edc\u016f p\u0159ed kon\u00e1n\u00edm 1.&nbsp;zkou\u0161ky profilov\u00e9 zkou\u0161ky MZ.<br \/>\n\u00dastn\u00ed zkou\u0161ka prob\u00edh\u00e1 formou \u0159\u00edzen\u00e9ho rozhovoru s&nbsp;vyu\u017eit\u00edm pracovn\u00edho listu obsahuj\u00edc\u00edho 1 nebo v\u00edce zad\u00e1n\u00ed ke konkr\u00e9tn\u00edmu t\u00e9matu.&nbsp; P\u0159\u00edprava k&nbsp;\u00fastn\u00ed zkou\u0161ce trv\u00e1 15 minut, \u00fastn\u00ed zkou\u0161ka trv\u00e1 nejd\u00e9le 15 minut.<\/p>\n<p><strong>Nahrazen\u00ed zkou\u0161ky z&nbsp;ciz\u00edho jazyka<\/strong><br \/>\nPokud \u017e\u00e1k kon\u00e1 v&nbsp;profilov\u00e9 \u010d\u00e1sti maturitn\u00ed zkou\u0161ky alespo\u0148 4 povinn\u00e9 zkou\u0161ky, lze 1 povinnou zkou\u0161ku profilov\u00e9 \u010d\u00e1sti konanou z&nbsp;ciz\u00edho jazyka nahradit v\u00fdsledkem \u00fasp\u011b\u0161n\u011b vykonan\u00e9 standardizovan\u00e9 zkou\u0161ky&nbsp;z&nbsp;tohoto jazyka a&nbsp;dolo\u017een\u00e9 jazykov\u00fdm certifik\u00e1tem.<br \/>\nP\u00edsemnou \u017e\u00e1dost o&nbsp;nahrazen\u00ed zkou\u0161ky pod\u00e1v\u00e1 \u017e\u00e1k nejpozd\u011bji do 31.&nbsp;b\u0159ezna p\u0159\u00edslu\u0161n\u00e9ho \u0161koln\u00edho roku.<\/p>\n<ul class=\"znak2\">\n<li><a title=\"\" href=\"\/files\/doc\/2021-2022\/2022-MZ-zadost_o_nahrazeni_zkousky_z_prvniho_CJ.docx\" target=\"_blank\" rel=\"noopener\">\u017d\u00e1dost o&nbsp;nahrazen\u00ed zkou\u0161ky z&nbsp;prvn\u00edho ciz\u00edho jazyka&nbsp;<\/a><\/li>\n<li><a title=\"\" href=\"\/files\/doc\/2021-2022\/2022-MZ-zadost_o_nahrazeni_zkousky_z_druheho_CJ.docx\" target=\"_blank\" rel=\"noopener noreferrer\">\u017d\u00e1dost o&nbsp;nahrazen\u00ed zkou\u0161ky z&nbsp;druh\u00e9ho ciz\u00edho jazyka<\/a><\/li>\n<li><a title=\"\" href=\"\/files\/doc\/2021-2022\/2022-MZ-seznam_certifikovanych_zkousek.docx\" target=\"_blank\" rel=\"noopener noreferrer\">Seznam certifikovan\u00fdch zkou\u0161ek &#8211; ciz\u00ed jazyk<\/a><\/li>\n<\/ul>\n<p><strong>Nepovinn\u00e9 zkou\u0161ky<\/strong><br \/>\n\u017d\u00e1ci si mohou vybrat ze v\u0161ech p\u0159edm\u011bt\u016f uveden\u00fdch v&nbsp;nab\u00eddce p\u0159edm\u011bt\u016f povinn\u00e9 zkou\u0161ky a&nbsp;d\u00e1le t\u011blesnou v\u00fdchovu. \u017d\u00e1k si nem\u016f\u017ee vybrat ty zkou\u0161ky, kter\u00e9 ji\u017e zvolil jako povinn\u00e9 v&nbsp;profilov\u00e9 \u010d\u00e1sti. Hodnocen\u00ed nepovinn\u00fdch \u010d\u00e1st\u00ed bude uvedeno na vysv\u011bd\u010den\u00ed, ale do celkov\u00e9ho v\u00fdsledku zkou\u0161ky se nezapo\u010d\u00edt\u00e1v\u00e1.<\/p>\n<p>P\u0159ihl\u00e1\u0161ky k&nbsp;maturit\u011b mus\u00ed \u017e\u00e1ci podat t\u0159\u00eddn\u00edm u\u010ditel\u016fm nejpozd\u011bji <strong>30.&nbsp;listopadu<\/strong>. T\u0159\u00eddn\u00ed u\u010ditel\u00e9 je do 1.&nbsp;prosince p\u0159edaj\u00ed \u0159editelce \u0161koly.<\/p>\n<p>V Ho\u0159ic\u00edch dne 5.&nbsp;9.&nbsp;2025<br \/>\nMgr.&nbsp;\u0160\u00e1rka \u0160andov\u00e1<br \/>\n\u0159editelka \u0161koly<\/p>\n","protected":false},"excerpt":{"rendered":"<p>Maturitn\u00ed zkou\u0161ky Maturitn\u00ed t\u00e9mata&nbsp; \u0160koln\u00ed seznam liter\u00e1rn\u00edch d\u011bl &#8211; vzor a&nbsp;informace \u0160koln\u00ed seznam liter\u00e1rn\u00edch d\u011bl &#8211; Ho\u0159ick\u00e9 gymn\u00e1zium P\u0159ihl\u00e1\u0161ka k&nbsp;maturitn\u00ed zkou\u0161ce (PDF) P\u0159ihl\u00e1\u0161ka k&nbsp;maturitn\u00ed zkou\u0161ce &#8211; VZOR (PNG) Krit\u00e9ria hodnocen\u00ed p\u00edsemn\u00e9 pr\u00e1ce z&nbsp;anglick\u00e9ho jazyka Krit\u00e9ria hodnocen\u00ed p\u00edsemn\u00e9 pr\u00e1ce z&nbsp;druh\u00e9ho ciz\u00edho jazyka Pokyny pro p\u00edsemnou pr\u00e1ci z&nbsp;druh\u00e9ho ciz\u00edho jazyka Krit\u00e9ria hodnocen\u00ed &#8230; <a title=\"Maturity\" class=\"read-more\" href=\"https:\/\/www.gymhorice.cz\/?page_id=5802\" aria-label=\"\u010c\u00edst v\u00edce o Maturity\">p\u0159e\u010d\u00edst v\u0161e<\/a><\/p>\n","protected":false},"author":1,"featured_media":0,"parent":0,"menu_order":0,"comment_status":"closed","ping_status":"closed","template":"","meta":{"ngg_post_thumbnail":0,"footnotes":""},"class_list":["post-5802","page","type-page","status-publish"],"_links":{"self":[{"href":"https:\/\/www.gymhorice.cz\/index.php?rest_route=\/wp\/v2\/pages\/5802","targetHints":{"allow":["GET"]}}],"collection":[{"href":"https:\/\/www.gymhorice.cz\/index.php?rest_route=\/wp\/v2\/pages"}],"about":[{"href":"https:\/\/www.gymhorice.cz\/index.php?rest_route=\/wp\/v2\/types\/page"}],"author":[{"embeddable":true,"href":"https:\/\/www.gymhorice.cz\/index.php?rest_route=\/wp\/v2\/users\/1"}],"replies":[{"embeddable":true,"href":"https:\/\/www.gymhorice.cz\/index.php?rest_route=%2Fwp%2Fv2%2Fcomments&post=5802"}],"version-history":[{"count":147,"href":"https:\/\/www.gymhorice.cz\/index.php?rest_route=\/wp\/v2\/pages\/5802\/revisions"}],"predecessor-version":[{"id":19037,"href":"https:\/\/www.gymhorice.cz\/index.php?rest_route=\/wp\/v2\/pages\/5802\/revisions\/19037"}],"wp:attachment":[{"href":"https:\/\/www.gymhorice.cz\/index.php?rest_route=%2Fwp%2Fv2%2Fmedia&parent=5802"}],"curies":[{"name":"wp","href":"https:\/\/api.w.org\/{rel}","templated":true}]}}