{"id":2060,"date":"2014-12-30T23:46:36","date_gmt":"2014-12-30T23:46:36","guid":{"rendered":"http:\/\/127.0.0.1:8887\/?page_id=2060"},"modified":"2025-11-25T08:43:35","modified_gmt":"2025-11-25T07:43:35","slug":"kontakty","status":"publish","type":"page","link":"https:\/\/www.gymhorice.cz\/?page_id=2060","title":{"rendered":"Kontakty"},"content":{"rendered":"<div><strong>Ho\u0159ick\u00e9 gymn\u00e1zium<\/strong><\/div>\n<div style=\"padding-left: 30px;\">soukrom\u00e9 \u010dty\u0159let\u00e9 gymn\u00e1zium<\/div>\n<div><strong>Adresa \u0161koly:<\/strong><\/div>\n<div style=\"padding-left: 30px;\">Blahoslavova 2105<\/div>\n<div style=\"padding-left: 30px;\">508&nbsp;01 Ho\u0159ice<\/div>\n<div>&nbsp;<\/div>\n<div>\u0159editelka \u0161koly: Mgr.&nbsp;\u0160\u00e1rka \u0160andov\u00e1<\/div>\n<div>z\u00e1stupce \u0159editele: Mgr.&nbsp;Ji\u0159\u00ed Slez\u00e1k<\/div>\n<div>&nbsp;<\/div>\n<div  class=\"lgc-column lgc-grid-parent lgc-grid-33 lgc-tablet-grid-33 lgc-mobile-grid-100 lgc-equal-heights \"><div  class=\"inside-grid-column\">\n<p>\u0158editelka \u0161koly<br \/>\n<img loading=\"lazy\" decoding=\"async\" class=\"alignleft wp-image-2101 size-full\" src=\"http:\/\/www.gymhorice.cz\/wp-content\/uploads\/2015\/05\/telefon.png\" alt=\"telefon\" width=\"20\" height=\"20\"\/>737&nbsp;646&nbsp;071<br \/>\n\u0160\u00e1rka \u0160andov\u00e1<br \/>\n<img loading=\"lazy\" decoding=\"async\" class=\"alignleft wp-image-2104\" src=\"http:\/\/www.gymhorice.cz\/wp-content\/uploads\/2015\/05\/email.png\" alt=\"email\" width=\"20\" height=\"20\"\/>sandova@gymhorice.cz<\/p>\n<p><\/p><\/div><\/div>\n<div  class=\"lgc-column lgc-grid-parent lgc-grid-33 lgc-tablet-grid-33 lgc-mobile-grid-100 lgc-equal-heights \"><div  class=\"inside-grid-column\">\n<p>Kancel\u00e1\u0159 \u0161koly<br \/>\n<img loading=\"lazy\" decoding=\"async\" class=\"alignleft wp-image-2101 size-full\" src=\"http:\/\/www.gymhorice.cz\/wp-content\/uploads\/2015\/05\/telefon.png\" alt=\"telefon\" width=\"20\" height=\"20\"\/>732&nbsp;660&nbsp;443<br \/>\nAnna Trkalov\u00e1<br \/>\n<img loading=\"lazy\" decoding=\"async\" class=\"alignleft wp-image-2104\" src=\"http:\/\/www.gymhorice.cz\/wp-content\/uploads\/2015\/05\/email.png\" alt=\"email\" width=\"20\" height=\"20\"\/>skola@gymhorice.cz<\/p>\n<p><\/p><\/div><\/div>\n<div  class=\"lgc-column lgc-grid-parent lgc-grid-33 lgc-tablet-grid-33 lgc-mobile-grid-100 lgc-equal-heights \"><div  class=\"inside-grid-column\">\n<p>Z\u00e1stupce \u0159editele<br \/>\n<img loading=\"lazy\" decoding=\"async\" class=\"alignleft wp-image-2101 size-full\" src=\"http:\/\/www.gymhorice.cz\/wp-content\/uploads\/2015\/05\/telefon.png\" alt=\"telefon\" width=\"20\" height=\"20\"\/>778&nbsp;089&nbsp;617<br \/>\nJi\u0159\u00ed Slez\u00e1k<br \/>\n<img loading=\"lazy\" decoding=\"async\" class=\"alignleft wp-image-2104\" src=\"http:\/\/www.gymhorice.cz\/wp-content\/uploads\/2015\/05\/email.png\" alt=\"email\" width=\"20\" height=\"20\"\/>slezak@gymhorice.cz<\/p>\n<p><\/p><\/div><\/div><div class=\"lgc-clear\"><\/div>\n<div>&nbsp;<\/div>\n<div  class=\"lgc-column lgc-grid-parent lgc-grid-33 lgc-tablet-grid-33 lgc-mobile-grid-100 lgc-equal-heights \"><div  class=\"inside-grid-column\"><br \/>\nDatov\u00e1 schr\u00e1nka<br \/>\n<img loading=\"lazy\" decoding=\"async\" class=\"alignleft size-full wp-image-13843\" src=\"http:\/\/www.gymhorice.cz\/wp-content\/uploads\/2021\/03\/logo-datova-schranka.png\" alt=\"\" width=\"19\" height=\"19\"\/>ID datov\u00e9 schr\u00e1nky: ku6mcb5<br \/>\n<\/div><\/div>\n<div  class=\"lgc-column lgc-grid-parent lgc-grid-33 lgc-tablet-grid-33 lgc-mobile-grid-100 lgc-equal-heights \"><div  class=\"inside-grid-column\"><br \/>\nV\u00fdchovn\u00fd poradce<br \/>\nMgr.&nbsp;Blanka Do\u010dekalov\u00e1<br \/>\n<img loading=\"lazy\" decoding=\"async\" class=\"alignleft wp-image-2104\" src=\"http:\/\/www.gymhorice.cz\/wp-content\/uploads\/2015\/05\/email.png\" alt=\"email\" width=\"20\" height=\"20\"\/>docekalova@gymhorice.cz<br \/>\n<\/div><\/div>\n<div  class=\"lgc-column lgc-grid-parent lgc-grid-33 lgc-tablet-grid-33 lgc-mobile-grid-100 lgc-equal-heights \"><div  class=\"inside-grid-column\"><br \/>\nMetodik prevence<br \/>\nMgr.&nbsp;Denisa Kvapilov\u00e1<br \/>\n<img loading=\"lazy\" decoding=\"async\" class=\"alignleft wp-image-2104\" src=\"http:\/\/www.gymhorice.cz\/wp-content\/uploads\/2015\/05\/email.png\" alt=\"email\" width=\"20\" height=\"20\"\/>kvapilova@gymhorice.cz<br \/>\n<\/div><\/div><div class=\"lgc-clear\"><\/div>\n<div>&nbsp;<\/div>\n<div>&nbsp;<\/div>\n<p><img loading=\"lazy\" decoding=\"async\" class=\"alignleft size-full wp-image-16635\" src=\"http:\/\/www.gymhorice.cz\/wp-content\/uploads\/2023\/11\/2023-11-horice-mapa.jpg\" alt=\"\" width=\"995\" height=\"805\" srcset=\"https:\/\/www.gymhorice.cz\/wp-content\/uploads\/2023\/11\/2023-11-horice-mapa.jpg 995w, https:\/\/www.gymhorice.cz\/wp-content\/uploads\/2023\/11\/2023-11-horice-mapa-247x200.jpg 247w, https:\/\/www.gymhorice.cz\/wp-content\/uploads\/2023\/11\/2023-11-horice-mapa-371x300.jpg 371w, https:\/\/www.gymhorice.cz\/wp-content\/uploads\/2023\/11\/2023-11-horice-mapa-164x133.jpg 164w, https:\/\/www.gymhorice.cz\/wp-content\/uploads\/2023\/11\/2023-11-horice-mapa-768x621.jpg 768w\" sizes=\"auto, (max-width: 995px) 100vw, 995px\" \/><\/p>\n","protected":false},"excerpt":{"rendered":"<p>Ho\u0159ick\u00e9 gymn\u00e1zium soukrom\u00e9 \u010dty\u0159let\u00e9 gymn\u00e1zium Adresa \u0161koly: Blahoslavova 2105&nbsp;508&nbsp;01 Ho\u0159ice &nbsp; \u0159editelka \u0161koly: Mgr.&nbsp;\u0160\u00e1rka \u0160andov\u00e1 z\u00e1stupce \u0159editele: Mgr.&nbsp;Ji\u0159\u00ed Slez\u00e1k &nbsp; &nbsp; &nbsp; &nbsp;<\/p>\n","protected":false},"author":1,"featured_media":0,"parent":0,"menu_order":0,"comment_status":"closed","ping_status":"closed","template":"","meta":{"ngg_post_thumbnail":0,"footnotes":""},"class_list":["post-2060","page","type-page","status-publish"],"_links":{"self":[{"href":"https:\/\/www.gymhorice.cz\/index.php?rest_route=\/wp\/v2\/pages\/2060","targetHints":{"allow":["GET"]}}],"collection":[{"href":"https:\/\/www.gymhorice.cz\/index.php?rest_route=\/wp\/v2\/pages"}],"about":[{"href":"https:\/\/www.gymhorice.cz\/index.php?rest_route=\/wp\/v2\/types\/page"}],"author":[{"embeddable":true,"href":"https:\/\/www.gymhorice.cz\/index.php?rest_route=\/wp\/v2\/users\/1"}],"replies":[{"embeddable":true,"href":"https:\/\/www.gymhorice.cz\/index.php?rest_route=%2Fwp%2Fv2%2Fcomments&post=2060"}],"version-history":[{"count":28,"href":"https:\/\/www.gymhorice.cz\/index.php?rest_route=\/wp\/v2\/pages\/2060\/revisions"}],"predecessor-version":[{"id":19314,"href":"https:\/\/www.gymhorice.cz\/index.php?rest_route=\/wp\/v2\/pages\/2060\/revisions\/19314"}],"wp:attachment":[{"href":"https:\/\/www.gymhorice.cz\/index.php?rest_route=%2Fwp%2Fv2%2Fmedia&parent=2060"}],"curies":[{"name":"wp","href":"https:\/\/api.w.org\/{rel}","templated":true}]}}