{"id":2045,"date":"2015-03-30T22:40:49","date_gmt":"2015-03-30T21:40:49","guid":{"rendered":"http:\/\/127.0.0.1:8887\/?page_id=2045"},"modified":"2023-10-24T10:40:55","modified_gmt":"2023-10-24T09:40:55","slug":"filosofie-skoly","status":"publish","type":"page","link":"https:\/\/www.gymhorice.cz\/?page_id=2045","title":{"rendered":"Filosofie \u0161koly"},"content":{"rendered":"<div class=\"vlastniclanek\">\n<ul class=\"tabulator oddil-li znak1\">\n<li>Ka\u017ed\u00fd \u010dlov\u011bk chce b\u00fdt v&nbsp;\u017eivot\u011b \u0161\u0165astn\u00fd a&nbsp;\u0161\u0165astn\u00fd \u010dlov\u011bk je velk\u00fdm p\u0159\u00ednosem nejen pro sv\u00e9 okol\u00ed, ale tak\u00e9 pro \u0161ir\u0161\u00ed spole\u010dnost. Trval\u00e9 \u0161t\u011bst\u00ed \u010dlov\u011bku p\u0159in\u00e1\u0161\u00ed v\u011bdom\u00ed vlastn\u00ed hodnoty a&nbsp;u\u017eite\u010dnosti. To je podm\u00edn\u011bno pouze p\u0159esn\u00fdm v\u011bd\u011bn\u00edm o&nbsp;jeho m\u00edst\u011b ve sv\u011bt\u011b. Toto v\u011bd\u011bn\u00ed, kter\u00e9 \u010dlov\u011bka za\u010dle\u0148uje do v\u011bt\u0161\u00edho celku, mu ukazuje jeho prosp\u011b\u0161nost a&nbsp;nezastupitelnou \u00falohu ve v\u00fdvoji sv\u011bta. Pak si je takov\u00fd \u010dlov\u011bk v\u011bdom\u00fd sv\u00e9 role a&nbsp;sv\u00e9 odpov\u011bdnosti, za\u010dne zlep\u0161ovat s\u00e1m sebe a&nbsp;plnohodnotn\u00fd \u017eivot, jeho\u017e smysl pochop\u00ed, jej n\u00e1sledn\u011b napln\u00ed trvalou radost\u00ed.<\/li>\n<li class=\"bold\">Z\u00e1m\u011brem Ho\u0159ick\u00e9ho gymn\u00e1zia je umo\u017enit \u017e\u00e1k\u016fm harmonick\u00fd rozvoj osobnosti a&nbsp;pomoci jim v&nbsp;jejich \u017eivotn\u00ed cest\u011b za pozn\u00e1n\u00edm. Vzd\u011bl\u00e1n\u00ed ch\u00e1peme jako komplexn\u00ed proces, nebo\u0165 \u010dlov\u011bka utv\u00e1\u0159ej\u00ed nejen jeho v\u011bdomosti, ale i&nbsp;pro\u017eitky, vlastn\u00ed zku\u0161enosti, tvo\u0159iv\u00e9 a&nbsp;praktick\u00e9 \u010dinnosti. D\u016fle\u017eit\u00fd je pro n\u00e1s cel\u00fd proces u\u010den\u00ed, nejen jeho v\u00fdsledek.<\/li>\n<li>P\u0159ejeme si, aby si \u017e\u00e1ci udr\u017eeli \u010di&nbsp;znovu nalezli touhu po&nbsp;pozn\u00e1v\u00e1n\u00ed a&nbsp;radost z&nbsp;objevov\u00e1n\u00ed. Chceme u\u010dit \u017e\u00e1ky v\u011bcem pot\u0159ebn\u00fdm a&nbsp;do procesu u\u010den\u00ed si p\u0159ejeme vn\u00e9st lehkost a&nbsp;plynulost.<\/li>\n<li>Ka\u017ed\u00fd \u010dlov\u011bk si p\u0159in\u00e1\u0161\u00ed na tento sv\u011bt ur\u010dit\u00e9 schopnosti nebo p\u0159edpoklady pro n\u011b, ka\u017ed\u00fd m\u00e1 sv\u00e9 vlastn\u00ed nad\u00e1n\u00ed, talent. Pom\u00e1h\u00e1me student\u016fm jejich talent nejen objevit, ale tak\u00e9 rozv\u00edjet.<\/li>\n<li>Pozn\u00e1v\u00e1n\u00edm p\u0159\u00edrodn\u00edch z\u00e1konitost\u00ed, kter\u00e9 jsou nem\u011bnn\u00e9 a&nbsp;ovliv\u0148uj\u00ed ve\u0161ker\u00e9 d\u011bn\u00ed, objevujeme spole\u010dn\u011b s&nbsp;\u017e\u00e1ky fungov\u00e1n\u00ed sv\u011bta. Vedeme je k&nbsp;samostatn\u00e9mu my\u0161len\u00ed a&nbsp;k&nbsp;utv\u00e1\u0159en\u00ed vlastn\u00edho n\u00e1zoru na smysl \u017eivota a&nbsp;lidsk\u00e9 existence.<\/li>\n<li>Sna\u017e\u00edme se, aby si \u017e\u00e1ci byli v\u011bdomi vlastn\u00ed odpov\u011bdnosti jak za sv\u00e9 vzd\u011bl\u00e1n\u00ed, tak za sv\u00e9 my\u0161len\u00ed, mluven\u00ed a&nbsp;jedn\u00e1n\u00ed, nebo\u0165 t\u00edm, jak mysl\u00edme, mluv\u00edme a&nbsp;jedn\u00e1me v&nbsp;sou\u010dasnosti, tvo\u0159\u00edme na\u0161i budoucnost.<\/li>\n<li>Jde n\u00e1m t\u00e9\u017e o&nbsp;rozvoj mor\u00e1ln\u00edch hodnot a&nbsp;ctnost\u00ed, je\u017e se projevuj\u00ed navenek nap\u0159.&nbsp;slu\u0161nost\u00ed, ohleduplnost\u00ed, poctivost\u00ed, otev\u0159enost\u00ed, soucitem, vz\u00e1jemnou pomoc\u00ed apod.<\/li>\n<li>Spole\u010dn\u011b s&nbsp;\u017e\u00e1ky obnovujeme a&nbsp;posilujeme na\u0161e n\u00e1rodn\u00ed tradice a&nbsp;zvyky a&nbsp;kultivujeme mate\u0159skou \u0159e\u010d. Dobr\u00e1 znalost minulosti a&nbsp;v\u00fdchova k&nbsp;zdrav\u00e9mu vlastenectv\u00ed p\u0159i&nbsp;v\u011bdom\u00ed hodnot jin\u00fdch n\u00e1rod\u016f je p\u0159edpokladem pochopen\u00ed odli\u0161nost\u00ed a&nbsp;vz\u00e1jemn\u00e9ho respektu. Proto podporujeme a&nbsp;umo\u017e\u0148ujeme tak\u00e9 pozn\u00e1v\u00e1n\u00ed ostatn\u00edch zem\u00ed a&nbsp;kultur.<\/li>\n<li>V\u00fdukou a&nbsp;pobytem ve &#8222;\u0161kole v&nbsp;p\u0159\u00edrod\u011b&#8220; rozv\u00edj\u00edme u&nbsp;\u017e\u00e1k\u016f spr\u00e1vn\u00e9 n\u00e1vyky a&nbsp;rytmy. St\u0159\u00edd\u00e1n\u00ed praktick\u00fdch \u010dinnost\u00ed s&nbsp;prac\u00ed intelektu\u00e1ln\u00ed, dostatek pohybu a&nbsp;pobyt na \u010derstv\u00e9m vzduchu jsou pro n\u00e1s nepostradateln\u00e9 aspekty zdrav\u00e9ho \u017eivota. Sna\u017e\u00edme se \u017e\u00e1ky propojovat s&nbsp;p\u0159\u00edrodou a&nbsp;t\u00edm je uv\u00e1d\u011bt do souladu s&nbsp;rytmick\u00fdmi p\u0159\u00edrodn\u00edmi cykly.<\/li>\n<li>Podporujeme aktivitu, tvo\u0159ivost a&nbsp;spolupr\u00e1ci v&nbsp;kolektivu, ne pasivn\u00ed p\u0159ej\u00edm\u00e1n\u00ed a&nbsp;sout\u011b\u017eivost. Nechceme p\u0159ekon\u00e1vat ostatn\u00ed, ale sami sebe.<\/li>\n<li>Samoz\u0159ejmost\u00ed je pro n\u00e1s p\u0159\u00edjemn\u00e9 prost\u0159ed\u00ed, vz\u00e1jemn\u00fd respekt a&nbsp;\u00facta.<\/li>\n<li>U\u010ditele vid\u00edme jako pr\u016fvodce a&nbsp;pomocn\u00edka s&nbsp;p\u0159irozenou autoritou, kter\u00e1 vypl\u00fdv\u00e1 z&nbsp;jeho osobnostn\u00edch kvalit.<\/li>\n<li class=\"bold\">\u0160kolu bereme jako \u017eiv\u00fd organismus, kter\u00fd se st\u00e1le vyv\u00edj\u00ed. Na utv\u00e1\u0159en\u00ed podoby \u0161koly se pod\u00edlej\u00ed \u017e\u00e1ci, u\u010ditel\u00e9, rodi\u010de i&nbsp;dal\u0161\u00ed p\u0159\u00edznivci z&nbsp;\u0159ad odborn\u00e9 i&nbsp;\u0161irok\u00e9 ve\u0159ejnosti.<\/li>\n<li>P\u0159i tvorb\u011b \u0161koly se inspirujeme \u0161kolami podobn\u00e9ho zam\u011b\u0159en\u00ed (Re\u00e1ln\u00fdm gymn\u00e1ziem P\u0159\u00edrodn\u00ed \u0161kola, Trojsk\u00fdm gymn\u00e1ziem aj.), vych\u00e1z\u00edme z&nbsp;n\u00e1zor\u016f filosof\u016f, psycholog\u016f, sociolog\u016f a&nbsp;jin\u00fdch osobnost\u00ed, kter\u00e9 se v\u00fdchov\u011b a&nbsp;vzd\u011bl\u00e1v\u00e1n\u00ed v\u011bnovaly, z&nbsp;n\u00e1zor\u016f pedagog\u016f r\u016fzn\u00fdch typ\u016f \u0161kol, rodi\u010d\u016f a&nbsp;\u017e\u00e1k\u016f. Oporou jsou n\u00e1m velkou m\u011brou tak\u00e9 vlastn\u00ed n\u00e1zory a&nbsp;zku\u0161enosti z&nbsp;mnohalet\u00e9 pr\u00e1ce ve \u0161kolstv\u00ed.<\/li>\n<\/ul>\n<p>&nbsp;<\/p>\n<blockquote><p><span class=\"modra\">\u0160kola je otev\u0159ena v\u0161em z\u00e1jemc\u016fm o&nbsp;studium, pokud spl\u0148uj\u00ed podm\u00ednky k&nbsp;p\u0159ijet\u00ed. Sou\u010d\u00e1st\u00ed podm\u00ednek je rovn\u011b\u017e p\u0159ijet\u00ed v\u00fd\u0161e uveden\u00fdch princip\u016f.<\/span><\/p><\/blockquote>\n<\/div>\n","protected":false},"excerpt":{"rendered":"<p>Ka\u017ed\u00fd \u010dlov\u011bk chce b\u00fdt v&nbsp;\u017eivot\u011b \u0161\u0165astn\u00fd a&nbsp;\u0161\u0165astn\u00fd \u010dlov\u011bk je velk\u00fdm p\u0159\u00ednosem nejen pro sv\u00e9 okol\u00ed, ale tak\u00e9 pro \u0161ir\u0161\u00ed spole\u010dnost. Trval\u00e9 \u0161t\u011bst\u00ed \u010dlov\u011bku p\u0159in\u00e1\u0161\u00ed v\u011bdom\u00ed vlastn\u00ed hodnoty a&nbsp;u\u017eite\u010dnosti. To je podm\u00edn\u011bno pouze p\u0159esn\u00fdm v\u011bd\u011bn\u00edm o&nbsp;jeho m\u00edst\u011b ve sv\u011bt\u011b. Toto v\u011bd\u011bn\u00ed, kter\u00e9 \u010dlov\u011bka za\u010dle\u0148uje do v\u011bt\u0161\u00edho celku, mu ukazuje jeho prosp\u011b\u0161nost &#8230; <a title=\"Filosofie \u0161koly\" class=\"read-more\" href=\"https:\/\/www.gymhorice.cz\/?page_id=2045\" aria-label=\"\u010c\u00edst v\u00edce o Filosofie \u0161koly\">p\u0159e\u010d\u00edst v\u0161e<\/a><\/p>\n","protected":false},"author":1,"featured_media":0,"parent":0,"menu_order":0,"comment_status":"closed","ping_status":"closed","template":"","meta":{"ngg_post_thumbnail":0,"footnotes":""},"class_list":["post-2045","page","type-page","status-publish"],"_links":{"self":[{"href":"https:\/\/www.gymhorice.cz\/index.php?rest_route=\/wp\/v2\/pages\/2045","targetHints":{"allow":["GET"]}}],"collection":[{"href":"https:\/\/www.gymhorice.cz\/index.php?rest_route=\/wp\/v2\/pages"}],"about":[{"href":"https:\/\/www.gymhorice.cz\/index.php?rest_route=\/wp\/v2\/types\/page"}],"author":[{"embeddable":true,"href":"https:\/\/www.gymhorice.cz\/index.php?rest_route=\/wp\/v2\/users\/1"}],"replies":[{"embeddable":true,"href":"https:\/\/www.gymhorice.cz\/index.php?rest_route=%2Fwp%2Fv2%2Fcomments&post=2045"}],"version-history":[{"count":5,"href":"https:\/\/www.gymhorice.cz\/index.php?rest_route=\/wp\/v2\/pages\/2045\/revisions"}],"predecessor-version":[{"id":16511,"href":"https:\/\/www.gymhorice.cz\/index.php?rest_route=\/wp\/v2\/pages\/2045\/revisions\/16511"}],"wp:attachment":[{"href":"https:\/\/www.gymhorice.cz\/index.php?rest_route=%2Fwp%2Fv2%2Fmedia&parent=2045"}],"curies":[{"name":"wp","href":"https:\/\/api.w.org\/{rel}","templated":true}]}}