{"id":2035,"date":"2014-12-30T22:07:48","date_gmt":"2014-12-30T22:07:48","guid":{"rendered":"http:\/\/127.0.0.1:8887\/?page_id=2035"},"modified":"2023-10-24T10:40:26","modified_gmt":"2023-10-24T09:40:26","slug":"hodnoty-skoly","status":"publish","type":"page","link":"https:\/\/www.gymhorice.cz\/?page_id=2035","title":{"rendered":"Hodnoty \u0161koly"},"content":{"rendered":"<ul class=\"oddil-li znak1\">\n<li>\u0160kola umo\u017e\u0148uje \u017e\u00e1k\u016fm zam\u011b\u0159it se v\u00edce na pr\u016fb\u011bh v\u00fdchovn\u011b-vzd\u011bl\u00e1vac\u00edho procesu, ne pouze na jeho v\u00fdsledek.<\/li>\n<li>V\u00fdchova a&nbsp;vzd\u011bl\u00e1n\u00ed se realizuje ve vz\u00e1jemn\u00e9m vztahu mezi u\u010ditelem a&nbsp;\u017e\u00e1kem, oba se od sebe u\u010d\u00ed, respektuj\u00ed sv\u00e9 osobn\u00ed n\u00e1zory a&nbsp;cesty k&nbsp;jejich realizaci.<\/li>\n<li>V\u00fduka je zalo\u017eena p\u0159edev\u0161\u00edm na aktivit\u011b \u017e\u00e1k\u016f, u\u010ditel je jejich zku\u0161en\u011bj\u0161\u00edm pr\u016fvodcem.<\/li>\n<li>\u017d\u00e1k p\u0159ij\u00edm\u00e1 svou osobn\u00ed odpov\u011bdnost za to, \u017ee se do realizovan\u00e9ho vzd\u011bl\u00e1vac\u00edho syst\u00e9mu zapoj\u00ed. U\u010d\u00ed se rozhodovat o&nbsp;sob\u011b sam\u00e9m a&nbsp;u\u010d\u00ed se p\u0159ij\u00edmat n\u00e1sledky sv\u00e9ho jedn\u00e1n\u00ed.<\/li>\n<li>V\u00fdchova a&nbsp;vzd\u011bl\u00e1v\u00e1n\u00ed se prov\u00e1d\u011bj\u00ed v&nbsp;ka\u017edodenn\u00edm \u017eivot\u011b tak\u00e9 p\u0159\u00edkladem, prost\u0159ed\u00edm, \u010dinnostmi, lidmi, s&nbsp;kter\u00fdmi se potk\u00e1v\u00e1me, vlastn\u00edmi zku\u0161enostmi a&nbsp;jejich vyhodnocen\u00edm.<\/li>\n<\/ul>\n<p>&nbsp;<\/p>\n<blockquote><p><span class=\"modra\">Na utv\u00e1\u0159en\u00ed \u0161koly se krom\u011b pedagog\u016f pod\u00edlej\u00ed tak\u00e9 \u017e\u00e1ci, rodi\u010de a&nbsp;z\u00e1jemci z&nbsp;ve\u0159ejnosti.<\/span><\/p><\/blockquote>\n","protected":false},"excerpt":{"rendered":"<p>\u0160kola umo\u017e\u0148uje \u017e\u00e1k\u016fm zam\u011b\u0159it se v\u00edce na pr\u016fb\u011bh v\u00fdchovn\u011b-vzd\u011bl\u00e1vac\u00edho procesu, ne pouze na jeho v\u00fdsledek. V\u00fdchova a&nbsp;vzd\u011bl\u00e1n\u00ed se realizuje ve vz\u00e1jemn\u00e9m vztahu mezi u\u010ditelem a&nbsp;\u017e\u00e1kem, oba se od sebe u\u010d\u00ed, respektuj\u00ed sv\u00e9 osobn\u00ed n\u00e1zory a&nbsp;cesty k&nbsp;jejich realizaci. V\u00fduka je zalo\u017eena p\u0159edev\u0161\u00edm na aktivit\u011b \u017e\u00e1k\u016f, u\u010ditel je jejich zku\u0161en\u011bj\u0161\u00edm pr\u016fvodcem. \u017d\u00e1k &#8230; <a title=\"Hodnoty \u0161koly\" class=\"read-more\" href=\"https:\/\/www.gymhorice.cz\/?page_id=2035\" aria-label=\"\u010c\u00edst v\u00edce o Hodnoty \u0161koly\">p\u0159e\u010d\u00edst v\u0161e<\/a><\/p>\n","protected":false},"author":1,"featured_media":0,"parent":0,"menu_order":0,"comment_status":"closed","ping_status":"closed","template":"","meta":{"ngg_post_thumbnail":0,"footnotes":""},"class_list":["post-2035","page","type-page","status-publish"],"_links":{"self":[{"href":"https:\/\/www.gymhorice.cz\/index.php?rest_route=\/wp\/v2\/pages\/2035","targetHints":{"allow":["GET"]}}],"collection":[{"href":"https:\/\/www.gymhorice.cz\/index.php?rest_route=\/wp\/v2\/pages"}],"about":[{"href":"https:\/\/www.gymhorice.cz\/index.php?rest_route=\/wp\/v2\/types\/page"}],"author":[{"embeddable":true,"href":"https:\/\/www.gymhorice.cz\/index.php?rest_route=\/wp\/v2\/users\/1"}],"replies":[{"embeddable":true,"href":"https:\/\/www.gymhorice.cz\/index.php?rest_route=%2Fwp%2Fv2%2Fcomments&post=2035"}],"version-history":[{"count":6,"href":"https:\/\/www.gymhorice.cz\/index.php?rest_route=\/wp\/v2\/pages\/2035\/revisions"}],"predecessor-version":[{"id":16510,"href":"https:\/\/www.gymhorice.cz\/index.php?rest_route=\/wp\/v2\/pages\/2035\/revisions\/16510"}],"wp:attachment":[{"href":"https:\/\/www.gymhorice.cz\/index.php?rest_route=%2Fwp%2Fv2%2Fmedia&parent=2035"}],"curies":[{"name":"wp","href":"https:\/\/api.w.org\/{rel}","templated":true}]}}