{"id":1971,"date":"2024-07-02T08:14:45","date_gmt":"2024-07-02T07:14:45","guid":{"rendered":"http:\/\/127.0.0.1:8887\/?page_id=1971"},"modified":"2026-05-06T09:50:09","modified_gmt":"2026-05-06T08:50:09","slug":"organizace-roku","status":"publish","type":"page","link":"https:\/\/www.gymhorice.cz\/?page_id=1971","title":{"rendered":"Organizace roku"},"content":{"rendered":"<table class=\"pruhledna-tabulka\">\n<tbody>\n<tr>\n<th style=\"width: 25%;\"><span class=\"modra\">DATUM<\/span><\/th>\n<th style=\"width: 75%;\"><span class=\"modra\">AKCE<\/span><\/th>\n<\/tr>\n<tr>\n<td>28.&nbsp;6. &#8211; 31.&nbsp;8.&nbsp;2025<\/td>\n<td>letn\u00ed pr\u00e1zdniny<\/td>\n<\/tr>\n<tr>\n<td>20. &#8211; 22.&nbsp;8.&nbsp;2025<\/td>\n<td>Borovice 2025<\/td>\n<\/tr>\n<tr>\n<td>23.&nbsp;8.&nbsp;2025<\/td>\n<td>Michal\u016fv b\u011bh<\/td>\n<\/tr>\n<tr>\n<td>23.&nbsp;8.&nbsp;2025<\/td>\n<td>PechaKucha Night HK<\/td>\n<\/tr>\n<tr>\n<td>26. &#8211; 29.&nbsp;8.&nbsp;2025<\/td>\n<td>p\u0159\u00edpravn\u00fd t\u00fdden &#8211; brig\u00e1da, doklasifikace<\/td>\n<\/tr>\n<tr>\n<td>29.&nbsp;8.&nbsp;2025, 8:30<\/td>\n<td>porada provozn\u00ed<\/td>\n<\/tr>\n<tr>\n<td>1.&nbsp;9.&nbsp;2025, 9:00<\/td>\n<td>zah\u00e1jen\u00ed \u0161koln\u00edho roku<\/td>\n<\/tr>\n<tr>\n<td>1. &#8211; 2.&nbsp;9.&nbsp;2025<\/td>\n<td>MZ &#8211; didaktick\u00e9 testy (CERMAT)<\/td>\n<\/tr>\n<tr>\n<td>3.&nbsp;9.&nbsp;2025<\/td>\n<td>\u0161kolen\u00ed zam\u011bstnanc\u016f BOZP, PO<\/td>\n<\/tr>\n<tr>\n<td>4.&nbsp;9.&nbsp;2025<\/td>\n<td>MZ &#8211; p\u00edsemn\u00e1 pr\u00e1ce z&nbsp;AJ<\/td>\n<\/tr>\n<tr>\n<td>8. &#8211; 12.&nbsp;9.&nbsp;2025<\/td>\n<td>Borek &#8211; \u00favodn\u00ed kurz<\/td>\n<\/tr>\n<tr>\n<td>16.&nbsp;9.&nbsp;2025<\/td>\n<td>MZ &#8211; profilov\u00e9 zkou\u0161ky<\/td>\n<\/tr>\n<tr>\n<td>17.&nbsp;9.&nbsp;2025<\/td>\n<td>burza knih &#8211; klubovna<\/td>\n<\/tr>\n<tr>\n<td>21.&nbsp;9.&nbsp;2025 (Ne)<\/td>\n<td>Za\u017e\u00edt m\u011bsto jinak (11:00-18:00) &#8211; d\u00edlni\u010dky<\/td>\n<\/tr>\n<tr>\n<td>26.&nbsp;9.&nbsp;2025<\/td>\n<td>t\u0159\u00eddn\u00ed sch\u016fzka &#8211; 1.ro\u010dn\u00edk, 16:00<\/td>\n<\/tr>\n<tr>\n<td>26.&nbsp;9.&nbsp;2025<\/td>\n<td>zahradn\u00ed slavnost, 17:00<\/td>\n<\/tr>\n<tr>\n<td>29.&nbsp;9.&nbsp;2025<\/td>\n<td>Jak se u\u010dit<\/td>\n<\/tr>\n<tr>\n<td>z\u00e1\u0159\u00ed<\/td>\n<td>Intimita v&nbsp;dosp\u00edv\u00e1n\u00ed<\/td>\n<\/tr>\n<tr>\n<td>1.&nbsp;10.&nbsp;2025<\/td>\n<td>Provozn\u00ed porada<\/td>\n<\/tr>\n<tr>\n<td>p\u0159elom z\u00e1\u0159\u00ed\/\u0159\u00edjen<\/td>\n<td>N\u00e1rodn\u00ed muzeum &#8211; Lucy<\/td>\n<\/tr>\n<tr>\n<td>8.&nbsp;10.&nbsp;2025<\/td>\n<td>divadlo Mlad\u00e1 Boleslav &#8211; Dr\u00e1kula<\/td>\n<\/tr>\n<tr>\n<td>8. &#8211; 9.&nbsp;10.&nbsp;2025<\/td>\n<td>Praha &#8211; Sv\u011btov\u00e1 \u0161kola<\/td>\n<\/tr>\n<tr>\n<td>20. &#8211; 24.&nbsp;10.&nbsp;2025<\/td>\n<td>Studenov &#8211; podzimn\u00ed v\u00fdjezd<\/td>\n<\/tr>\n<tr>\n<td>27. &#8211; 29.&nbsp;10.&nbsp;2025<\/td>\n<td>podzimn\u00ed pr\u00e1zdniny<\/td>\n<\/tr>\n<tr>\n<td>28.&nbsp;10.&nbsp;2025<\/td>\n<td>st\u00e1tn\u00ed sv\u00e1tek &#8211; Den vzniku samostatn\u00e9ho \u010deskoslovensk\u00e9ho st\u00e1tu<\/td>\n<\/tr>\n<tr>\n<td>30. &#8211; 31.&nbsp;10 .2025<\/td>\n<td>\u0159editelsk\u00e9 volno<\/td>\n<\/tr>\n<tr>\n<td>\u0159\u00edjen\/listopad<\/td>\n<td>CTM (Centrum talentovan\u00e9 ml\u00e1de\u017ee)<\/td>\n<\/tr>\n<tr>\n<td>3.&nbsp;11.&nbsp;2025<\/td>\n<td>\u0160kolen\u00ed pro u\u010ditele &#8211; Co d\u011blat v&nbsp;krizov\u00fdch situac\u00edch<\/td>\n<\/tr>\n<tr>\n<td>5.&nbsp;11.&nbsp;2025<\/td>\n<td>divadlo Mlad\u00e1 Boleslav &#8211; Hr\u00e1\u010di<\/td>\n<\/tr>\n<tr>\n<td>6.&nbsp;11.&nbsp;2025<\/td>\n<td>florbal &#8211; Ji\u010d\u00edn &#8211; d\u00edvky<\/td>\n<\/tr>\n<tr>\n<td>10.&nbsp;11.&nbsp;2025<\/td>\n<td>semin\u00e1\u0159 Pr\u00e1ce se stresem &#8211; Lucie Kr\u00e1\u010dmarov\u00e1<\/td>\n<\/tr>\n<tr>\n<td>12.&nbsp;11.&nbsp;2025, 14:00<\/td>\n<td>sch\u016fzka \u0160PO<\/td>\n<\/tr>\n<tr>\n<td>14.&nbsp;11.&nbsp;2025<\/td>\n<td>projektov\u00fd den Samet na \u0161kol\u00e1ch<\/td>\n<\/tr>\n<tr>\n<td>17.&nbsp;11.&nbsp;2025<\/td>\n<td>st\u00e1tn\u00ed sv\u00e1tek (Den boje za svobodu a&nbsp;demokracii) + Rodi\u010dovsk\u00e1 kav\u00e1rna zve na v\u00fd\u0161lap na Zvi\u010dinu<\/td>\n<\/tr>\n<tr>\n<td>19.&nbsp;11.&nbsp;2025<\/td>\n<td>beseda &#8211; p.Vidl\u00e1kov\u00e1 (radnice)<\/td>\n<\/tr>\n<tr>\n<td>20.&nbsp;11.&nbsp;2025<\/td>\n<td>Den otev\u0159en\u00fdch dve\u0159\u00ed 9:00-18:00, 16:30 spole\u010dn\u00e9 setk\u00e1n\u00ed<\/td>\n<\/tr>\n<tr>\n<td>20.&nbsp;11.&nbsp;2025<\/td>\n<td>Sv\u011btov\u00fd den filozofie<\/td>\n<\/tr>\n<tr>\n<td>25.&nbsp;11.&nbsp;2025<\/td>\n<td>Mathing &#8211; sout\u011b\u017e online<\/td>\n<\/tr>\n<tr>\n<td>26.&nbsp;11.&nbsp;2025<\/td>\n<td>pedagogick\u00e1 rada (\u010dtvrtletn\u00ed)<\/td>\n<\/tr>\n<tr>\n<td>27.&nbsp;11.&nbsp;2025, 16:30<\/td>\n<td>rodi\u010dovsk\u00e1 sch\u016fzka<\/td>\n<\/tr>\n<tr>\n<td>27.&nbsp;11.&nbsp;2025<\/td>\n<td>sout\u011b\u017e &#8211; Best in English<\/td>\n<\/tr>\n<tr>\n<td>28.&nbsp;11.&nbsp;2025<\/td>\n<td>Readycon &#8211; kari\u00e9rov\u00e9 poradenstv\u00ed<\/td>\n<\/tr>\n<tr>\n<td>29.&nbsp;11.&nbsp;2025<\/td>\n<td>p\u0159\u00edpravn\u00fd kurz I<\/td>\n<\/tr>\n<tr>\n<td>4.&nbsp;12.&nbsp;2025<\/td>\n<td>Cesta na M\u011bs\u00edc &#8211; projekt 2.A<\/td>\n<\/tr>\n<tr>\n<td>9.&nbsp;12.&nbsp;2025<\/td>\n<td>B\u00edl\u00e1 nemoc &#8211; DK Koruna Ho\u0159ice<\/td>\n<\/tr>\n<tr>\n<td>9. &#8211; 13.&nbsp;12.&nbsp;2025<\/td>\n<td>Cern, \u017deneva<\/td>\n<\/tr>\n<tr>\n<td>12.&nbsp;12.&nbsp;2025<\/td>\n<td>TV Contact &#8211; Kurz sebeobrany pro studenty<\/td>\n<\/tr>\n<tr>\n<td>15.&nbsp;12.&nbsp;2025<\/td>\n<td>Cesta do vesm\u00edru &#8211; p\u0159edn\u00e1\u0161ka Stely \u0160ar\u0161onov\u00e9<\/td>\n<\/tr>\n<tr>\n<td>18.&nbsp;12.&nbsp;2025<\/td>\n<td>Havlovy kalhoty<\/td>\n<\/tr>\n<tr>\n<td>19.&nbsp;12.&nbsp;2025<\/td>\n<td>\u0161koln\u00ed V\u00e1noce<\/td>\n<\/tr>\n<tr>\n<td>22.&nbsp;12. &#8211; 4.&nbsp;1.&nbsp;2026<\/td>\n<td>v\u00e1no\u010dn\u00ed pr\u00e1zdniny<\/td>\n<\/tr>\n<tr>\n<td>3.&nbsp;1.&nbsp;2026<\/td>\n<td>T\u0159\u00edkr\u00e1lov\u00fd v\u00fd\u0161lap<\/td>\n<\/tr>\n<tr>\n<td>12. &#8211; 16.&nbsp;1.&nbsp;2026<\/td>\n<td>milostiv\u00fd t\u00fdden<\/td>\n<\/tr>\n<tr>\n<td>13.&nbsp;1.&nbsp;2026<\/td>\n<td>Zdravotn\u00ed kurz pro zam\u011bstnance 13-17 hod.<\/td>\n<\/tr>\n<tr>\n<td>17.&nbsp;1.&nbsp;2026<\/td>\n<td>p\u0159\u00edpravn\u00fd kurz II<\/td>\n<\/tr>\n<tr>\n<td>22.&nbsp;1.&nbsp;2026<\/td>\n<td>Den otev\u0159en\u00fdch dve\u0159\u00ed 9:00-16:00<\/td>\n<\/tr>\n<tr>\n<td>24.&nbsp;1.&nbsp;2026<\/td>\n<td>Den otev\u0159en\u00fdch dve\u0159\u00ed 9:00-12:00<\/td>\n<\/tr>\n<tr>\n<td>26.&nbsp;1.&nbsp;2026<\/td>\n<td>Den s&nbsp;vysoko\u0161kol\u00e1kem<\/td>\n<\/tr>\n<tr>\n<td>26.&nbsp;1.&nbsp;2026<\/td>\n<td>pedagogick\u00e1 rada (pololetn\u00ed)<\/td>\n<\/tr>\n<tr>\n<td>28.&nbsp;1.&nbsp;2026<\/td>\n<td>divadlo Mlad\u00e1 Boleslav &#8211; Holky z&nbsp;kalend\u00e1\u0159e<\/td>\n<\/tr>\n<tr>\n<td>29.&nbsp;1.&nbsp;2026<\/td>\n<td>hodnocen\u00ed 1.&nbsp;pololet\u00ed (vysv\u011bd\u010den\u00ed)<\/td>\n<\/tr>\n<tr>\n<td>30.&nbsp;1.&nbsp;2026<\/td>\n<td>pololetn\u00ed pr\u00e1zdniny<\/td>\n<\/tr>\n<tr>\n<td>2. &#8211; 6.&nbsp;2.&nbsp;2026<\/td>\n<td>jarn\u00ed pr\u00e1zdniny<\/td>\n<\/tr>\n<tr>\n<td>10.&nbsp;2.&nbsp;2026<\/td>\n<td>exkurze bi + d\u011b + SVS 3.AB<\/td>\n<\/tr>\n<tr>\n<td>10.&nbsp;2.&nbsp;2026<\/td>\n<td>n\u00e1v\u0161t\u011bva v&nbsp;gymn\u00e1ziu P\u0159\u00edrodn\u00ed \u0161kola<\/td>\n<\/tr>\n<tr>\n<td>11.&nbsp;2.&nbsp;2026<\/td>\n<td>divadlo Mlad\u00e1 Boleslav &#8211; Sex na vln\u00e1ch<\/td>\n<\/tr>\n<tr>\n<td>13.&nbsp;2.&nbsp;2026<\/td>\n<td>Fyzikl\u00e1n\u00ed (Praha)<\/td>\n<\/tr>\n<tr>\n<td>14.&nbsp;2.&nbsp;2026<\/td>\n<td>p\u0159\u00edpravn\u00fd kurz III<\/td>\n<\/tr>\n<tr>\n<td>19.&nbsp;2.&nbsp;2026<\/td>\n<td>exkurze bi + d\u011b + SVS 2.A<\/td>\n<\/tr>\n<tr>\n<td>23.&nbsp;2.&nbsp;2026<\/td>\n<td>odevzd\u00e1n\u00ed ro\u010dn\u00edkovek<\/td>\n<\/tr>\n<tr>\n<td>27.&nbsp;2.&nbsp;2026<\/td>\n<td>\u0161koln\u00ed ples<\/td>\n<\/tr>\n<tr>\n<td>5.&nbsp;3.&nbsp;2026<\/td>\n<td>Praha &#8211; Rudolfinum (2.A)<\/td>\n<\/tr>\n<tr>\n<td>7.&nbsp;3.&nbsp;2026<\/td>\n<td>p\u0159\u00edpravn\u00fd kurz IV<\/td>\n<\/tr>\n<tr>\n<td>10.&nbsp;3.&nbsp;2026<\/td>\n<td>Den pro Tibet<\/td>\n<\/tr>\n<tr>\n<td>12.&nbsp;3.&nbsp;2026<\/td>\n<td>Den s&nbsp;nejkr\u00e1sn\u011bj\u0161\u00edm \u010d\u00edslem<\/td>\n<\/tr>\n<tr>\n<td>16.&nbsp;3.&nbsp;2026<\/td>\n<td>Festival JSNS &#8211; HK (3.AB)<\/td>\n<\/tr>\n<tr>\n<td>15. &#8211; 20.&nbsp;3.&nbsp;2026<\/td>\n<td>Javorka &#8211; zimn\u00ed v\u00fdjezd<\/td>\n<\/tr>\n<tr>\n<td>20.&nbsp;3.&nbsp;2026<\/td>\n<td>Matematick\u00fd Klokan<\/td>\n<\/tr>\n<tr>\n<td>23. &#8211; 26.&nbsp;3.&nbsp;2026<\/td>\n<td>\u0160PZ &#8211; pohovory &#8211; p\u0159ij\u00edma\u010dky<\/td>\n<\/tr>\n<tr>\n<td>25.&nbsp;3.&nbsp;2026<\/td>\n<td>divadlo Mlad\u00e1 Boleslav &#8211; Post\u0159i\u017einy<\/td>\n<\/tr>\n<tr>\n<td>30. &#8211; 31.&nbsp;3.&nbsp;2026<\/td>\n<td>obhajoby ro\u010dn\u00edkov\u00fdch prac\u00ed (1.&nbsp;term\u00edn)<\/td>\n<\/tr>\n<tr>\n<td>1.&nbsp;4.&nbsp;2026<\/td>\n<td>odevzd\u00e1n\u00ed ro\u010dn\u00edkov\u00fdch prac\u00ed (2.&nbsp;term\u00edn)<\/td>\n<\/tr>\n<tr>\n<td>2. &#8211; 6.&nbsp;4.&nbsp;2026<\/td>\n<td>velikono\u010dn\u00ed pr\u00e1zdniny<\/td>\n<\/tr>\n<tr>\n<td>7. &#8211; 9.&nbsp;4.&nbsp;2026<\/td>\n<td>PPMZ<\/td>\n<\/tr>\n<tr>\n<td>10.&nbsp;4.&nbsp;2026<\/td>\n<td>den sportu<\/td>\n<\/tr>\n<tr>\n<td>10.&nbsp;4.&nbsp;2026<\/td>\n<td>JPZ (CERMAT)<\/td>\n<\/tr>\n<tr>\n<td>13.&nbsp;4.&nbsp;2026<\/td>\n<td>JPZ (CERMAT)<\/td>\n<\/tr>\n<tr>\n<td>13.&nbsp;4.&nbsp;2026<\/td>\n<td>Ukli\u010fme \u010cesko<\/td>\n<\/tr>\n<tr>\n<td>15.&nbsp;4.&nbsp;2026<\/td>\n<td>zdravo\u0165\u00e1k pro Z\u0160<\/td>\n<\/tr>\n<tr>\n<td>16. &#8211; 19.&nbsp;4.&nbsp;2026<\/td>\n<td>Kulturou proti antisemitismu<\/td>\n<\/tr>\n<tr>\n<td>20.&nbsp;4.&nbsp;2026<\/td>\n<td>\u017divot v&nbsp;P\u00e1kist\u00e1nu (p\u0159edn\u00e1\u0161ka)<\/td>\n<\/tr>\n<tr>\n<td>22.&nbsp;4.&nbsp;2026, 14:00<\/td>\n<td>pedagogick\u00e1 rada (\u010dtvrtletn\u00ed)<\/td>\n<\/tr>\n<tr>\n<td>23.&nbsp;4.&nbsp;2026, 17:00<\/td>\n<td>rodi\u010dovsk\u00e9 sch\u016fzky<\/td>\n<\/tr>\n<tr>\n<td>do 24.&nbsp;4.&nbsp;2026<\/td>\n<td>uzav\u0159\u00edt zn\u00e1mky maturant\u016f<\/td>\n<\/tr>\n<tr>\n<td>27.&nbsp;4.&nbsp;2026<\/td>\n<td>n\u00e1hradn\u00ed term\u00edn \u0160PZ<\/td>\n<\/tr>\n<tr>\n<td>29. &#8211; 30.&nbsp;4.&nbsp;2026<\/td>\n<td>n\u00e1hradn\u00ed term\u00edn JPZ (CERMAT)<\/td>\n<\/tr>\n<tr>\n<td>30.&nbsp;4.&nbsp;2026<\/td>\n<td>SO\u010c (2.A)<\/td>\n<\/tr>\n<tr>\n<td>30.&nbsp;4.&nbsp;2026<\/td>\n<td>posledn\u00ed zvon\u011bn\u00ed + vysv\u011bd\u010den\u00ed 4.A<\/td>\n<\/tr>\n<tr>\n<td>1.&nbsp;5.&nbsp;2026&nbsp;<\/td>\n<td>Sv\u00e1tek pr\u00e1ce<\/td>\n<\/tr>\n<tr>\n<td>2. &#8211; 9.&nbsp;5.&nbsp;2026<\/td>\n<td>Anglie<\/td>\n<\/tr>\n<tr>\n<td>4.&nbsp;5.&nbsp;2026<\/td>\n<td>beseda s&nbsp;fotografem Davidem T\u011b\u0161\u00ednsk\u00fdm &#8211; Sv\u011bt, kter\u00fd b\u011b\u017en\u011b nevid\u00edme<\/td>\n<\/tr>\n<tr>\n<td>4. &#8211; 5.&nbsp;5.&nbsp;2026<\/td>\n<td>DTMZ<\/td>\n<\/tr>\n<tr>\n<td>8.&nbsp;5.&nbsp;2026<\/td>\n<td>sv\u00e1tek &#8211; Den osvobozen\u00ed<\/td>\n<\/tr>\n<tr>\n<td>11.&nbsp;5.&nbsp;2026<\/td>\n<td>divadlo Drak HK &#8211; p\u0159edstaven\u00ed Matilda (3.AB)<\/td>\n<\/tr>\n<tr>\n<td>11.&nbsp;5.&nbsp;2026<\/td>\n<td>S\u00edt\u011b pro Ukrajinu (1.AB)<\/td>\n<\/tr>\n<tr>\n<td>14.&nbsp;5.&nbsp;2026<\/td>\n<td>environment\u00e1ln\u00ed kriminalita<\/td>\n<\/tr>\n<tr>\n<td>11. &#8211; 15.&nbsp;5.&nbsp;2026<\/td>\n<td>sva\u0165\u00e1k<\/td>\n<\/tr>\n<tr>\n<td>18. &#8211; 20.&nbsp;5.&nbsp;2026<\/td>\n<td>\u00fastn\u00ed MZ<\/td>\n<\/tr>\n<tr>\n<td>25.&nbsp;5.&nbsp;2026<\/td>\n<td>rozd\u00e1v\u00e1n\u00ed maturitn\u00edch vysv\u011bd\u010den\u00ed na radnici<\/td>\n<\/tr>\n<tr>\n<td>1. &#8211; 5.&nbsp;6.&nbsp;2026<\/td>\n<td>milostiv\u00fd t\u00fdden<\/td>\n<\/tr>\n<tr>\n<td>2.\/3.&nbsp;6.&nbsp;2026<\/td>\n<td>Veletrh v\u011bdy, Praha Let\u0148any<\/td>\n<\/tr>\n<tr>\n<td>8.&nbsp;6.&nbsp;2026<\/td>\n<td>obhajoby ro\u010dn\u00edkov\u00fdch prac\u00ed 2.&nbsp;term\u00edn<\/td>\n<\/tr>\n<tr>\n<td>9.&nbsp;6.&nbsp;2026<\/td>\n<td>informativn\u00ed sch\u016fzka budouc\u00edch prv\u00e1k\u016f<\/td>\n<\/tr>\n<tr>\n<td>11. &#8211; 12.&nbsp;6.&nbsp;2026<\/td>\n<td>p\u0159\u00edprava Expedice (\u010dt, p\u00e1)<\/td>\n<\/tr>\n<tr>\n<td>14. &#8211; 19.&nbsp;6.&nbsp;2026<\/td>\n<td>Expedice Ch\u0159ibsk\u00e1<\/td>\n<\/tr>\n<tr>\n<td>22.&nbsp;6.&nbsp;2026<\/td>\n<td>pedagogick\u00e1 rada<\/td>\n<\/tr>\n<tr>\n<td>25.&nbsp;6.&nbsp;2026, 16:00<\/td>\n<td>prezentace Expedice na radnici<\/td>\n<\/tr>\n<tr>\n<td>25.&nbsp;6.&nbsp;2026<\/td>\n<td>\u00faklid \u0161koly<\/td>\n<\/tr>\n<tr>\n<td>26.&nbsp;6.&nbsp;2026<\/td>\n<td>hodnocen\u00ed roku, vysv\u011bd\u010den\u00ed<\/td>\n<\/tr>\n<tr>\n<td>srpen 2026<\/td>\n<td>Borovice 2026<\/td>\n<\/tr>\n<\/tbody>\n<\/table>\n<p>&nbsp;<\/p>\n","protected":false},"excerpt":{"rendered":"<p>DATUM AKCE 28.&nbsp;6. &#8211; 31.&nbsp;8.&nbsp;2025 letn\u00ed pr\u00e1zdniny 20. &#8211; 22.&nbsp;8.&nbsp;2025 Borovice 2025&nbsp;23.&nbsp;8.&nbsp;2025 Michal\u016fv b\u011bh 23.&nbsp;8.&nbsp;2025 PechaKucha Night HK 26. &#8211; 29.&nbsp;8.&nbsp;2025 p\u0159\u00edpravn\u00fd t\u00fdden &#8211; brig\u00e1da, doklasifikace 29.&nbsp;8.&nbsp;2025, 8:30 porada provozn\u00ed 1.&nbsp;9.&nbsp;2025, 9:00 zah\u00e1jen\u00ed \u0161koln\u00edho roku 1. &#8211; 2.&nbsp;9.&nbsp;2025 MZ &#8211; didaktick\u00e9 testy (CERMAT) 3.&nbsp;9.&nbsp;2025 \u0161kolen\u00ed zam\u011bstnanc\u016f BOZP, PO&nbsp;4.&nbsp;9.&nbsp;2025 &#8230; <a title=\"Organizace roku\" class=\"read-more\" href=\"https:\/\/www.gymhorice.cz\/?page_id=1971\" aria-label=\"\u010c\u00edst v\u00edce o Organizace roku\">p\u0159e\u010d\u00edst v\u0161e<\/a><\/p>\n","protected":false},"author":1,"featured_media":0,"parent":0,"menu_order":0,"comment_status":"closed","ping_status":"closed","template":"","meta":{"ngg_post_thumbnail":0,"footnotes":""},"class_list":["post-1971","page","type-page","status-publish"],"_links":{"self":[{"href":"https:\/\/www.gymhorice.cz\/index.php?rest_route=\/wp\/v2\/pages\/1971","targetHints":{"allow":["GET"]}}],"collection":[{"href":"https:\/\/www.gymhorice.cz\/index.php?rest_route=\/wp\/v2\/pages"}],"about":[{"href":"https:\/\/www.gymhorice.cz\/index.php?rest_route=\/wp\/v2\/types\/page"}],"author":[{"embeddable":true,"href":"https:\/\/www.gymhorice.cz\/index.php?rest_route=\/wp\/v2\/users\/1"}],"replies":[{"embeddable":true,"href":"https:\/\/www.gymhorice.cz\/index.php?rest_route=%2Fwp%2Fv2%2Fcomments&post=1971"}],"version-history":[{"count":232,"href":"https:\/\/www.gymhorice.cz\/index.php?rest_route=\/wp\/v2\/pages\/1971\/revisions"}],"predecessor-version":[{"id":20059,"href":"https:\/\/www.gymhorice.cz\/index.php?rest_route=\/wp\/v2\/pages\/1971\/revisions\/20059"}],"wp:attachment":[{"href":"https:\/\/www.gymhorice.cz\/index.php?rest_route=%2Fwp%2Fv2%2Fmedia&parent=1971"}],"curies":[{"name":"wp","href":"https:\/\/api.w.org\/{rel}","templated":true}]}}