{"id":1965,"date":"2015-08-31T18:06:12","date_gmt":"2015-08-31T17:06:12","guid":{"rendered":"http:\/\/127.0.0.1:8887\/?page_id=1965"},"modified":"2025-10-08T14:28:22","modified_gmt":"2025-10-08T13:28:22","slug":"o-studiu","status":"publish","type":"page","link":"https:\/\/www.gymhorice.cz\/?page_id=1965","title":{"rendered":"Informace o&nbsp;studiu"},"content":{"rendered":"<ul>\n<li>Ministerstvo \u0161kolstv\u00ed, ml\u00e1de\u017ee a&nbsp;t\u011blov\u00fdchovy dne 8.&nbsp;7.&nbsp;2014 vyhov\u011blo \u017e\u00e1dosti o&nbsp;z\u00e1pis do rejst\u0159\u00edku \u0161kol s&nbsp;\u00fa\u010dinnost\u00ed od 1.&nbsp;9.&nbsp;2014. P\u0159esto\u017ee term\u00edn vyd\u00e1n\u00ed rozhodnut\u00ed nebyl z&nbsp;hlediska za\u010d\u00e1tku \u0161koln\u00edho roku 2014\/2015 p\u0159\u00edzniv\u00fd, rozhodli jsme se od 1.&nbsp;9.&nbsp;otev\u0159\u00edt ro\u010dn\u00edky, o&nbsp;n\u011b\u017e byl z\u00e1jem. V&nbsp;prvn\u00edm roce \u0161koly jsme tak m\u011bli \u017e\u00e1ky v&nbsp;1.&nbsp;a&nbsp;2.&nbsp;ro\u010dn\u00edku a&nbsp;p\u0159ij\u00edm\u00e1n\u00ed se uskute\u010dnilo formou p\u0159estupu z&nbsp;jin\u00e9 st\u0159edn\u00ed \u0161koly. Tento postup byl v&nbsp;souladu se \u0161kolsk\u00fdm z\u00e1konem a&nbsp;byl mimo\u0159\u00e1dn\u00fd. Zvolili jsme jej s&nbsp;p\u0159ihl\u00e9dnut\u00edm k&nbsp;pozdn\u00edmu term\u00ednu z\u00e1pisu \u0161koly do rejst\u0159\u00edku \u0161kol a&nbsp;\u010dasov\u00e9 t\u00edsni s&nbsp;t\u00edm spojen\u00e9.<br \/>\nDo prvn\u00edho ro\u010dn\u00edku \u0161koln\u00edho roku 2015\/2016 se konaly \u0159\u00e1dn\u00e9 p\u0159ij\u00edmac\u00ed zkou\u0161ky a&nbsp;\u017e\u00e1ci byli p\u0159ijati na z\u00e1klad\u011b spln\u011bn\u00fdch podm\u00ednek p\u0159ij\u00edmac\u00edho \u0159\u00edzen\u00ed.<\/li>\n<li>Od \u0161koln\u00edho roku 2016\/2017 m\u00e1me ve \u0161kole v\u0161echny \u010dty\u0159i ro\u010dn\u00edky. <strong>Do ka\u017ed\u00e9ho ro\u010dn\u00edku mohou i&nbsp;v&nbsp;pr\u016fb\u011bhu \u0161koln\u00edho roku p\u0159estupovat dal\u0161\u00ed \u017e\u00e1ci. Podrobn\u011bj\u0161\u00ed <a href=\"http:\/\/www.gymhorice.cz\/?page_id=13225\">informace k&nbsp;p\u0159estupu najdete zde.<\/a><\/strong><\/li>\n<li><strong>Minim\u00e1ln\u00ed \u0161koln\u00e9 na \u0161koln\u00ed rok \u010din\u00ed 24&nbsp;000&nbsp;K\u010d ro\u010dn\u011b.<\/strong> V&nbsp;z\u00e1\u0159\u00ed 2022 jsme zavedli nov\u00fd typ \u0161koln\u00e9ho, tzv.&nbsp;<strong>klouzav\u00e9 \u0161koln\u00e9<\/strong>. Maxim\u00e1ln\u00ed v\u00fd\u0161e \u0161koln\u00e9ho \u010din\u00ed v\u017edy dvojn\u00e1sobek minim\u00e1ln\u00ed \u010d\u00e1stky (tedy 48&nbsp;000&nbsp;K\u010d) a&nbsp;rodiny se samy podle sv\u00fdch mo\u017enost\u00ed rozhoduj\u00ed o&nbsp;v\u00fd\u0161i p\u0159\u00edsp\u011bvku. Zvolen\u00e1 v\u00fd\u0161e \u0161koln\u00e9ho nem\u00e1 v&nbsp;\u017e\u00e1dn\u00e9m p\u0159\u00edpad\u011b vliv na hodnocen\u00ed \u017e\u00e1k\u016f.<\/li>\n<li>Zp\u016fsob hrazen\u00ed \u0161koln\u00e9ho je bu\u010f formou\n<ul>\n<li>m\u011bs\u00ed\u010dn\u00edch spl\u00e1tek (2&nbsp;000&nbsp;K\u010d \u2013 4&nbsp;000&nbsp;K\u010d x 12) v\u017edy do 15.&nbsp;dne ka\u017ed\u00e9ho m\u011bs\u00edce,<\/li>\n<li>nebo pololetn\u00edch spl\u00e1tek (12&nbsp;000&nbsp;K\u010d \u2013 24&nbsp;000 x 2) do 15.&nbsp;z\u00e1\u0159\u00ed a&nbsp;31.&nbsp;ledna p\u0159\u00edslu\u0161n\u00e9ho <strong><b>\u0161koln\u00edho roku <\/b><\/strong><\/li>\n<li>nebo formou jednor\u00e1zov\u00e9 spl\u00e1tky 24&nbsp;000&nbsp;K\u010d \u2013 48&nbsp;000&nbsp;K\u010d v\u017edy do konce z\u00e1\u0159\u00ed nov\u011b zapo\u010dat\u00e9ho \u0161koln\u00edho roku.<\/li>\n<\/ul>\n<p>\u0160koln\u00e9 lze hradit bezhotovostn\u011b na \u00fa\u010det \u0161koly <strong>107-815&nbsp;351&nbsp;0227\/0100<\/strong> u&nbsp;Komer\u010dn\u00ed banky, variabiln\u00edm symbolem je \u010d\u00edslo:<strong> 123456<\/strong>.<\/li>\n<li><strong>Slevy na \u0161koln\u00e9m<\/strong> jsou poskytov\u00e1ny <strong>sourozenc\u016fm<\/strong> \u2013 na prvn\u00edho mlad\u0161\u00edho sourozence 50&nbsp;% ro\u010dn\u00edho \u0161koln\u00e9ho, na p\u0159\u00edpadn\u00e9ho dal\u0161\u00edho sourozence 70&nbsp;% ro\u010dn\u00edho \u0161koln\u00e9ho p\u0159i&nbsp;t\u0159ech \u017e\u00e1c\u00edch na HG. <strong>Soci\u00e1ln\u00ed slevy<\/strong> se poskytuj\u00ed ze soci\u00e1ln\u00edch d\u016fvod\u016f na z\u00e1klad\u011b \u017e\u00e1dosti z\u00e1konn\u00e9ho z\u00e1stupce. P\u0159i&nbsp;v\u011bt\u0161\u00ed dojezdov\u00e9 vzd\u00e1lenosti lze o&nbsp;slevu na \u0161koln\u00e9m po\u017e\u00e1dat tak\u00e9.<\/li>\n<li>Ob\u011bdy jsou pro \u017e\u00e1ky zaji\u0161t\u011bny v&nbsp;j\u00eddeln\u011b St\u0159edn\u00ed pr\u016fmyslov\u00e9 \u0161kole kamenick\u00e9 a&nbsp;socha\u0159sk\u00e9 Ho\u0159ice.<br \/>\n<strong>\u0160kola nedisponuje vlastn\u00edm ubytovac\u00edm za\u0159\u00edzen\u00edm, uchaze\u010d\u016fm ze vzd\u00e1len\u011bj\u0161\u00edch region\u016f lze zajistit ubytov\u00e1n\u00ed na intern\u00e1tu jin\u00e9 st\u0159edn\u00ed \u0161koly ve m\u011bst\u011b.<\/strong><\/li>\n<\/ul>\n<p><a title=\"\" href=\"http:\/\/www.gymhorice.cz\/?page_id=13229\"><strong>Smlouvu o&nbsp;studiu si m\u016f\u017eete st\u00e1hnout z&nbsp;t\u00e9to str\u00e1nky.<\/strong><\/a><\/p>\n","protected":false},"excerpt":{"rendered":"<p>Ministerstvo \u0161kolstv\u00ed, ml\u00e1de\u017ee a&nbsp;t\u011blov\u00fdchovy dne 8.&nbsp;7.&nbsp;2014 vyhov\u011blo \u017e\u00e1dosti o&nbsp;z\u00e1pis do rejst\u0159\u00edku \u0161kol s&nbsp;\u00fa\u010dinnost\u00ed od 1.&nbsp;9.&nbsp;2014. P\u0159esto\u017ee term\u00edn vyd\u00e1n\u00ed rozhodnut\u00ed nebyl z&nbsp;hlediska za\u010d\u00e1tku \u0161koln\u00edho roku 2014\/2015 p\u0159\u00edzniv\u00fd, rozhodli jsme se od 1.&nbsp;9.&nbsp;otev\u0159\u00edt ro\u010dn\u00edky, o&nbsp;n\u011b\u017e byl z\u00e1jem. V&nbsp;prvn\u00edm roce \u0161koly jsme tak m\u011bli \u017e\u00e1ky v&nbsp;1.&nbsp;a&nbsp;2.&nbsp;ro\u010dn\u00edku a&nbsp;p\u0159ij\u00edm\u00e1n\u00ed se uskute\u010dnilo formou p\u0159estupu z&nbsp;jin\u00e9 st\u0159edn\u00ed &#8230; <a title=\"Informace o&nbsp;studiu\" class=\"read-more\" href=\"https:\/\/www.gymhorice.cz\/?page_id=1965\" aria-label=\"\u010c\u00edst v\u00edce o Informace o&nbsp;studiu\">p\u0159e\u010d\u00edst v\u0161e<\/a><\/p>\n","protected":false},"author":1,"featured_media":0,"parent":0,"menu_order":0,"comment_status":"closed","ping_status":"closed","template":"","meta":{"ngg_post_thumbnail":0,"footnotes":""},"class_list":["post-1965","page","type-page","status-publish"],"_links":{"self":[{"href":"https:\/\/www.gymhorice.cz\/index.php?rest_route=\/wp\/v2\/pages\/1965","targetHints":{"allow":["GET"]}}],"collection":[{"href":"https:\/\/www.gymhorice.cz\/index.php?rest_route=\/wp\/v2\/pages"}],"about":[{"href":"https:\/\/www.gymhorice.cz\/index.php?rest_route=\/wp\/v2\/types\/page"}],"author":[{"embeddable":true,"href":"https:\/\/www.gymhorice.cz\/index.php?rest_route=\/wp\/v2\/users\/1"}],"replies":[{"embeddable":true,"href":"https:\/\/www.gymhorice.cz\/index.php?rest_route=%2Fwp%2Fv2%2Fcomments&post=1965"}],"version-history":[{"count":25,"href":"https:\/\/www.gymhorice.cz\/index.php?rest_route=\/wp\/v2\/pages\/1965\/revisions"}],"predecessor-version":[{"id":19032,"href":"https:\/\/www.gymhorice.cz\/index.php?rest_route=\/wp\/v2\/pages\/1965\/revisions\/19032"}],"wp:attachment":[{"href":"https:\/\/www.gymhorice.cz\/index.php?rest_route=%2Fwp%2Fv2%2Fmedia&parent=1965"}],"curies":[{"name":"wp","href":"https:\/\/api.w.org\/{rel}","templated":true}]}}