{"id":1960,"date":"2014-10-28T13:11:27","date_gmt":"2014-10-28T13:11:27","guid":{"rendered":"http:\/\/127.0.0.1:8887\/?page_id=1960"},"modified":"2023-10-24T10:41:36","modified_gmt":"2023-10-24T09:41:36","slug":"profil-absolventa","status":"publish","type":"page","link":"https:\/\/www.gymhorice.cz\/?page_id=1960","title":{"rendered":"Profil absolventa"},"content":{"rendered":"<p><span class=\"modra\"><strong>P\u0159ejeme si<\/strong><\/span>,<\/p>\n<div style=\"padding-left: 30px; margin-top: -15px;\">\n<ul class=\"znak1\">\n<li>aby si absolvent Ho\u0159ick\u00e9ho gymn\u00e1zia um\u011bl poradit se sebou sam\u00fdm a&nbsp;z\u00e1rove\u0148 s&nbsp;rychl\u00fdmi spole\u010densk\u00fdmi zm\u011bnami,<\/li>\n<li>aby se dok\u00e1zal o&nbsp;sebe postarat jak doma, tak ve sv\u011bt\u011b a&nbsp;aby vzd\u011bl\u00e1v\u00e1n\u00ed pova\u017eoval za celo\u017eivotn\u00ed z\u00e1le\u017eitost.<\/li>\n<\/ul>\n<\/div>\n<p><span class=\"modra\"><strong>D\u00e1le<\/strong> <\/span>aby pom\u00e1hal ostatn\u00edm a&nbsp;s\u00e1m dok\u00e1zal v&nbsp;p\u0159\u00edpad\u011b pot\u0159eby p\u0159ijmout pomoc od jin\u00fdch,<\/p>\n<div style=\"padding-left: 30px; margin-top: -15px;\">\n<ul class=\"znak1\">\n<li>aby se um\u011bl pt\u00e1t, ale i&nbsp;naslouchat,<\/li>\n<li>aby odpov\u011bdi hledal a&nbsp;tak\u00e9 je nal\u00e9zal,<\/li>\n<li>aby se neb\u00e1l j\u00edt vlastn\u00ed cestou a&nbsp;rovn\u011b\u017e um\u011bl j\u00edt s&nbsp;ostatn\u00edmi,<\/li>\n<li>aby v\u00edt\u011bzil p\u0159edev\u0161\u00edm nad sebou a&nbsp;nesoupe\u0159il s&nbsp;jin\u00fdmi,<\/li>\n<li>aby rozeznal kr\u00e1su a&nbsp;s&nbsp;o\u0161klivost\u00ed bojoval,<\/li>\n<li>aby si byl v\u011bdom odpov\u011bdnosti a&nbsp;n\u00e1sledk\u016f sv\u00e9ho jedn\u00e1n\u00ed,<\/li>\n<li>aby ne\u00fasp\u011bch dok\u00e1zal prom\u011bnit v&nbsp;d\u016fle\u017eitou zku\u0161enost a&nbsp;nespokojenost v&nbsp;\u010dinorodost,<\/li>\n<li>aby um\u011bl jasn\u011b zformulovat n\u00e1zor a&nbsp;neboj\u00e1cn\u011b jej vyslovil,<\/li>\n<li>aby si byl v\u011bdom sv\u00e9 osobitosti a&nbsp;um\u011bl ocenit jin\u00e9ho,<\/li>\n<li>aby um\u011bl v\u00e9st, ale tak\u00e9 b\u00fdt veden,<\/li>\n<li>aby se um\u011bl radovat a&nbsp;neb\u00e1l se pro\u017e\u00edt bolest,<\/li>\n<li>aby \u017eil s&nbsp;lehkost\u00ed, a&nbsp;p\u0159itom nebral \u017eivot na lehkou v\u00e1hu,<\/li>\n<li>aby byl pravdiv\u00fd, \u010destn\u00fd a&nbsp;p\u0159ek\u00e1\u017eky bral jako v\u00fdzvu.<\/li>\n<\/ul>\n<\/div>\n<blockquote><p><span class=\"modra\">Prost\u011b a&nbsp;jednodu\u0161e: p\u0159ejeme si, aby se absolvent Ho\u0159ick\u00e9ho gymn\u00e1zia \u017eivota neb\u00e1l a&nbsp;um\u011bl b\u00fdt \u0161\u0165astn\u00fd.<\/span><\/p><\/blockquote>\n","protected":false},"excerpt":{"rendered":"<p>P\u0159ejeme si, aby si absolvent Ho\u0159ick\u00e9ho gymn\u00e1zia um\u011bl poradit se sebou sam\u00fdm a&nbsp;z\u00e1rove\u0148 s&nbsp;rychl\u00fdmi spole\u010densk\u00fdmi zm\u011bnami, aby se dok\u00e1zal o&nbsp;sebe postarat jak doma, tak ve sv\u011bt\u011b a&nbsp;aby vzd\u011bl\u00e1v\u00e1n\u00ed pova\u017eoval za celo\u017eivotn\u00ed z\u00e1le\u017eitost. D\u00e1le aby pom\u00e1hal ostatn\u00edm a&nbsp;s\u00e1m dok\u00e1zal v&nbsp;p\u0159\u00edpad\u011b pot\u0159eby p\u0159ijmout pomoc od jin\u00fdch, aby se um\u011bl pt\u00e1t, ale i&nbsp;naslouchat, &#8230; <a title=\"Profil absolventa\" class=\"read-more\" href=\"https:\/\/www.gymhorice.cz\/?page_id=1960\" aria-label=\"\u010c\u00edst v\u00edce o Profil absolventa\">p\u0159e\u010d\u00edst v\u0161e<\/a><\/p>\n","protected":false},"author":1,"featured_media":0,"parent":0,"menu_order":0,"comment_status":"closed","ping_status":"closed","template":"","meta":{"ngg_post_thumbnail":0,"footnotes":""},"class_list":["post-1960","page","type-page","status-publish"],"_links":{"self":[{"href":"https:\/\/www.gymhorice.cz\/index.php?rest_route=\/wp\/v2\/pages\/1960","targetHints":{"allow":["GET"]}}],"collection":[{"href":"https:\/\/www.gymhorice.cz\/index.php?rest_route=\/wp\/v2\/pages"}],"about":[{"href":"https:\/\/www.gymhorice.cz\/index.php?rest_route=\/wp\/v2\/types\/page"}],"author":[{"embeddable":true,"href":"https:\/\/www.gymhorice.cz\/index.php?rest_route=\/wp\/v2\/users\/1"}],"replies":[{"embeddable":true,"href":"https:\/\/www.gymhorice.cz\/index.php?rest_route=%2Fwp%2Fv2%2Fcomments&post=1960"}],"version-history":[{"count":17,"href":"https:\/\/www.gymhorice.cz\/index.php?rest_route=\/wp\/v2\/pages\/1960\/revisions"}],"predecessor-version":[{"id":16512,"href":"https:\/\/www.gymhorice.cz\/index.php?rest_route=\/wp\/v2\/pages\/1960\/revisions\/16512"}],"wp:attachment":[{"href":"https:\/\/www.gymhorice.cz\/index.php?rest_route=%2Fwp%2Fv2%2Fmedia&parent=1960"}],"curies":[{"name":"wp","href":"https:\/\/api.w.org\/{rel}","templated":true}]}}