{"id":1956,"date":"2014-10-27T23:57:37","date_gmt":"2014-10-27T23:57:37","guid":{"rendered":"http:\/\/127.0.0.1:8887\/?page_id=1956"},"modified":"2024-11-26T17:12:15","modified_gmt":"2024-11-26T16:12:15","slug":"o-skole","status":"publish","type":"page","link":"https:\/\/www.gymhorice.cz\/?page_id=1956","title":{"rendered":"Informace o&nbsp;\u0161kole"},"content":{"rendered":"<ul>\n<li>Ho\u0159ick\u00e9 gymn\u00e1zium je soukrom\u00e1 st\u0159edn\u00ed \u0161kola. Nab\u00edz\u00ed \u010dty\u0159let\u00e9 studium pro \u017e\u00e1ky z&nbsp;dev\u00e1t\u00fdch t\u0159\u00edd. Koncipujeme ji jako v\u0161eobecn\u00e9 gymn\u00e1zium s&nbsp;\u0161irokou nab\u00eddkou voliteln\u00fdch a&nbsp;nepovinn\u00fdch p\u0159edm\u011bt\u016f jak p\u0159\u00edrodov\u011bdn\u00fdch, tak humanitn\u00edch.<\/li>\n<li>D\u00edky ni\u017e\u0161\u00edmu po\u010dtu \u017e\u00e1k\u016f je mo\u017en\u00e9 v\u00edce individualizovat a&nbsp;diferencovat v\u00fdchovn\u011b-vzd\u011bl\u00e1vac\u00ed proces podle pot\u0159eb jednotliv\u00fdch \u017e\u00e1k\u016f.<\/li>\n<li>\u0160kola nav\u00e1zala spolupr\u00e1ci s&nbsp;univerzitami, dal\u0161\u00edmi \u0161kolami ve m\u011bst\u011b, \u0161kolami podobn\u00e9ho zam\u011b\u0159en\u00ed z&nbsp;cel\u00e9 \u010cR a&nbsp;\u0161kolami v&nbsp;zahrani\u010d\u00ed, kulturn\u00edmi institucemi, neziskov\u00fdmi organizacemi, soci\u00e1ln\u00edmi \u00fastavy, podnikatelsk\u00fdmi subjekty aj.<\/li>\n<li>Z\u0159izovatelem \u0161kolsk\u00e9 pr\u00e1vnick\u00e9 osoby Ho\u0159ick\u00e9 gymn\u00e1zium jsou fyzick\u00e9 osoby, dlouholet\u00ed gymnazi\u00e1ln\u00ed pedagogov\u00e9: Mgr.&nbsp;Eva Sl\u00e1mov\u00e1, Mgr.&nbsp;Ji\u0159\u00ed Slez\u00e1k, Mgr.&nbsp;\u0160\u00e1rka \u0160andov\u00e1, Mgr.&nbsp;Sylva Zaj\u00edcov\u00e1.<\/li>\n<\/ul>\n<table style=\"width: 100%;\">\n<tbody>\n<tr style=\"background-color: #efefef;\">\n<th style=\"width: 50%;\"><span class=\"modra\">Obor vzd\u011bl\u00e1n\u00ed:<\/span><\/th>\n<th style=\"width: 50%;\"><span class=\"modra\">79-41-K\/41 Gymn\u00e1zium<\/span><\/th>\n<\/tr>\n<tr>\n<td>&nbsp;<\/td>\n<td style=\"text-align: right;\">denn\u00ed forma vzd\u011bl\u00e1v\u00e1n\u00ed<\/td>\n<\/tr>\n<tr style=\"background-color: #efefef;\">\n<td>D\u00e9lka vzd\u011bl\u00e1v\u00e1n\u00ed:<\/td>\n<td style=\"text-align: right;\">4 roky<\/td>\n<\/tr>\n<tr>\n<td>Den z\u00e1pisu do rejst\u0159\u00edku:<\/td>\n<td style=\"text-align: right;\">8.&nbsp;7.&nbsp;2014<\/td>\n<\/tr>\n<tr style=\"background-color: #efefef;\">\n<td>Den zah\u00e1jen\u00ed \u010dinnosti:<\/td>\n<td style=\"text-align: right;\">1.&nbsp;9.&nbsp;2014<\/td>\n<\/tr>\n<tr>\n<td>IZO:<\/td>\n<td style=\"text-align: right;\">181&nbsp;055&nbsp;660<\/td>\n<\/tr>\n<tr style=\"background-color: #efefef;\">\n<td>I\u010cO:<\/td>\n<td style=\"text-align: right;\">03&nbsp;230&nbsp;759<\/td>\n<\/tr>\n<tr>\n<td>REDIZO:<\/td>\n<td style=\"text-align: right;\">691&nbsp;006&nbsp;521<\/td>\n<\/tr>\n<tr style=\"background-color: #efefef;\">\n<td>\u010c\u00edslo bankovn\u00edho \u00fa\u010dtu:<\/td>\n<td style=\"text-align: right;\">107-815&nbsp;351&nbsp;0227\/0100<\/td>\n<\/tr>\n<\/tbody>\n<\/table>\n<p>&nbsp;<\/p>\n","protected":false},"excerpt":{"rendered":"<p>Ho\u0159ick\u00e9 gymn\u00e1zium je soukrom\u00e1 st\u0159edn\u00ed \u0161kola. Nab\u00edz\u00ed \u010dty\u0159let\u00e9 studium pro \u017e\u00e1ky z&nbsp;dev\u00e1t\u00fdch t\u0159\u00edd. Koncipujeme ji jako v\u0161eobecn\u00e9 gymn\u00e1zium s&nbsp;\u0161irokou nab\u00eddkou voliteln\u00fdch a&nbsp;nepovinn\u00fdch p\u0159edm\u011bt\u016f jak p\u0159\u00edrodov\u011bdn\u00fdch, tak humanitn\u00edch. D\u00edky ni\u017e\u0161\u00edmu po\u010dtu \u017e\u00e1k\u016f je mo\u017en\u00e9 v\u00edce individualizovat a&nbsp;diferencovat v\u00fdchovn\u011b-vzd\u011bl\u00e1vac\u00ed proces podle pot\u0159eb jednotliv\u00fdch \u017e\u00e1k\u016f. \u0160kola nav\u00e1zala spolupr\u00e1ci s&nbsp;univerzitami, dal\u0161\u00edmi \u0161kolami ve m\u011bst\u011b, &#8230; <a title=\"Informace o&nbsp;\u0161kole\" class=\"read-more\" href=\"https:\/\/www.gymhorice.cz\/?page_id=1956\" aria-label=\"\u010c\u00edst v\u00edce o Informace o&nbsp;\u0161kole\">p\u0159e\u010d\u00edst v\u0161e<\/a><\/p>\n","protected":false},"author":1,"featured_media":0,"parent":0,"menu_order":0,"comment_status":"closed","ping_status":"closed","template":"","meta":{"ngg_post_thumbnail":0,"footnotes":""},"class_list":["post-1956","page","type-page","status-publish"],"_links":{"self":[{"href":"https:\/\/www.gymhorice.cz\/index.php?rest_route=\/wp\/v2\/pages\/1956","targetHints":{"allow":["GET"]}}],"collection":[{"href":"https:\/\/www.gymhorice.cz\/index.php?rest_route=\/wp\/v2\/pages"}],"about":[{"href":"https:\/\/www.gymhorice.cz\/index.php?rest_route=\/wp\/v2\/types\/page"}],"author":[{"embeddable":true,"href":"https:\/\/www.gymhorice.cz\/index.php?rest_route=\/wp\/v2\/users\/1"}],"replies":[{"embeddable":true,"href":"https:\/\/www.gymhorice.cz\/index.php?rest_route=%2Fwp%2Fv2%2Fcomments&post=1956"}],"version-history":[{"count":17,"href":"https:\/\/www.gymhorice.cz\/index.php?rest_route=\/wp\/v2\/pages\/1956\/revisions"}],"predecessor-version":[{"id":18153,"href":"https:\/\/www.gymhorice.cz\/index.php?rest_route=\/wp\/v2\/pages\/1956\/revisions\/18153"}],"wp:attachment":[{"href":"https:\/\/www.gymhorice.cz\/index.php?rest_route=%2Fwp%2Fv2%2Fmedia&parent=1956"}],"curies":[{"name":"wp","href":"https:\/\/api.w.org\/{rel}","templated":true}]}}