{"id":19238,"date":"2025-11-04T15:42:45","date_gmt":"2025-11-04T14:42:45","guid":{"rendered":"https:\/\/www.gymhorice.cz\/?page_id=19238"},"modified":"2025-11-04T16:04:35","modified_gmt":"2025-11-04T15:04:35","slug":"reditelreditelka-budoucnosti","status":"publish","type":"page","link":"https:\/\/www.gymhorice.cz\/?page_id=19238","title":{"rendered":"\u0158editel*\u0158editelka BUDOUCNOSTI"},"content":{"rendered":"<p>Na\u0161e \u0159editelka <strong>\u0160\u00e1rka \u0160andov\u00e1<\/strong> usp\u011bla v&nbsp;presti\u017en\u00ed celost\u00e1tn\u00ed sout\u011b\u017ei \u0158editel*\u0158editelka BUDOUCNOSTI.<\/p>\n<p>Obsadila 4.&nbsp;m\u00edsto v&nbsp;celkov\u00e9m po\u0159ad\u00ed a&nbsp;z\u00e1rove\u0148 zv\u00edt\u011bzila mezi \u017eenami.<br \/>\nSout\u011b\u017e pod z\u00e1\u0161titou Ministerstva \u0161kolstv\u00ed, ml\u00e1de\u017ee a&nbsp;t\u011blov\u00fdchovy oce\u0148uje osobnosti, kter\u00e9 m\u011bn\u00ed \u010desk\u00e9 \u0161kolstv\u00ed k&nbsp;lep\u0161\u00edmu, a&nbsp;my m\u00e1me radost, \u017ee mezi nimi stoj\u00ed pr\u00e1v\u011b na\u0161e pan\u00ed \u0159editelka. Tento \u00fasp\u011bch je i&nbsp;potvrzen\u00edm toho, \u017ee na\u0161e \u0161kola stoj\u00ed na pevn\u00fdch z\u00e1kladech kvalitn\u00edho veden\u00ed, p\u0159\u00e1telsk\u00e9ho p\u0159\u00edstupu a&nbsp;otev\u0159enosti nov\u00fdm n\u00e1pad\u016fm. Jsme \u0161kolou, kter\u00e1 nejen u\u010d\u00ed, ale i&nbsp;inspiruje.<\/p>\n<p>V anket\u011b se \u0160\u00e1rka \u0160andov\u00e1 ohl\u00e9dla za sv\u00fdmi lety na \u0161kole v\u010detn\u011b za\u010d\u00e1tk\u016f, kter\u00e9 nebyly v\u017edy snadn\u00e9. O&nbsp;to v\u00edc t\u011b\u0161\u00ed, \u017ee dnes vid\u00edme, jak velk\u00fd smysl ta cesta m\u011bla.<\/p>\n<p>D\u011bkujeme v\u0161em u\u010ditel\u016fm, \u017e\u00e1k\u016fm i&nbsp;rodi\u010d\u016fm, \u017ee s&nbsp;n\u00e1mi tvo\u0159\u00ed \u0161kolu, ve kter\u00e9 je radost b\u00fdt. A&nbsp;pan\u00ed \u0159editelce ze srdce gratulujeme!<\/p>\n<p><img loading=\"lazy\" decoding=\"async\" class=\"alignleft size-full wp-image-19239\" src=\"http:\/\/www.gymhorice.cz\/wp-content\/uploads\/2025\/11\/Sarka-reditel-budoucnosti2025.jpg\" alt=\"\u0158editel budoucnosti\" width=\"1000\" height=\"877\" srcset=\"https:\/\/www.gymhorice.cz\/wp-content\/uploads\/2025\/11\/Sarka-reditel-budoucnosti2025.jpg 1000w, https:\/\/www.gymhorice.cz\/wp-content\/uploads\/2025\/11\/Sarka-reditel-budoucnosti2025-228x200.jpg 228w, https:\/\/www.gymhorice.cz\/wp-content\/uploads\/2025\/11\/Sarka-reditel-budoucnosti2025-342x300.jpg 342w, https:\/\/www.gymhorice.cz\/wp-content\/uploads\/2025\/11\/Sarka-reditel-budoucnosti2025-152x133.jpg 152w, https:\/\/www.gymhorice.cz\/wp-content\/uploads\/2025\/11\/Sarka-reditel-budoucnosti2025-768x674.jpg 768w\" sizes=\"auto, (max-width: 1000px) 100vw, 1000px\" \/><\/p>\n","protected":false},"excerpt":{"rendered":"<p>Na\u0161e \u0159editelka \u0160\u00e1rka \u0160andov\u00e1 usp\u011bla v&nbsp;presti\u017en\u00ed celost\u00e1tn\u00ed sout\u011b\u017ei \u0158editel*\u0158editelka BUDOUCNOSTI. Obsadila 4.&nbsp;m\u00edsto v&nbsp;celkov\u00e9m po\u0159ad\u00ed a&nbsp;z\u00e1rove\u0148 zv\u00edt\u011bzila mezi \u017eenami. Sout\u011b\u017e pod z\u00e1\u0161titou Ministerstva \u0161kolstv\u00ed, ml\u00e1de\u017ee a&nbsp;t\u011blov\u00fdchovy oce\u0148uje osobnosti, kter\u00e9 m\u011bn\u00ed \u010desk\u00e9 \u0161kolstv\u00ed k&nbsp;lep\u0161\u00edmu, a&nbsp;my m\u00e1me radost, \u017ee mezi nimi stoj\u00ed pr\u00e1v\u011b na\u0161e pan\u00ed \u0159editelka. Tento \u00fasp\u011bch je i&nbsp;potvrzen\u00edm toho, \u017ee na\u0161e &#8230; <a title=\"\u0158editel*\u0158editelka BUDOUCNOSTI\" class=\"read-more\" href=\"https:\/\/www.gymhorice.cz\/?page_id=19238\" aria-label=\"\u010c\u00edst v\u00edce o \u0158editel*\u0158editelka BUDOUCNOSTI\">p\u0159e\u010d\u00edst v\u0161e<\/a><\/p>\n","protected":false},"author":1,"featured_media":0,"parent":13377,"menu_order":0,"comment_status":"closed","ping_status":"closed","template":"","meta":{"ngg_post_thumbnail":0,"footnotes":""},"class_list":["post-19238","page","type-page","status-publish"],"_links":{"self":[{"href":"https:\/\/www.gymhorice.cz\/index.php?rest_route=\/wp\/v2\/pages\/19238","targetHints":{"allow":["GET"]}}],"collection":[{"href":"https:\/\/www.gymhorice.cz\/index.php?rest_route=\/wp\/v2\/pages"}],"about":[{"href":"https:\/\/www.gymhorice.cz\/index.php?rest_route=\/wp\/v2\/types\/page"}],"author":[{"embeddable":true,"href":"https:\/\/www.gymhorice.cz\/index.php?rest_route=\/wp\/v2\/users\/1"}],"replies":[{"embeddable":true,"href":"https:\/\/www.gymhorice.cz\/index.php?rest_route=%2Fwp%2Fv2%2Fcomments&post=19238"}],"version-history":[{"count":3,"href":"https:\/\/www.gymhorice.cz\/index.php?rest_route=\/wp\/v2\/pages\/19238\/revisions"}],"predecessor-version":[{"id":19244,"href":"https:\/\/www.gymhorice.cz\/index.php?rest_route=\/wp\/v2\/pages\/19238\/revisions\/19244"}],"up":[{"embeddable":true,"href":"https:\/\/www.gymhorice.cz\/index.php?rest_route=\/wp\/v2\/pages\/13377"}],"wp:attachment":[{"href":"https:\/\/www.gymhorice.cz\/index.php?rest_route=%2Fwp%2Fv2%2Fmedia&parent=19238"}],"curies":[{"name":"wp","href":"https:\/\/api.w.org\/{rel}","templated":true}]}}