{"id":16525,"date":"2023-11-01T14:11:01","date_gmt":"2023-11-01T13:11:01","guid":{"rendered":"https:\/\/www.gymhorice.cz\/?page_id=16525"},"modified":"2026-01-04T15:36:37","modified_gmt":"2026-01-04T14:36:37","slug":"prohlaseni-o-pristupnosti","status":"publish","type":"page","link":"https:\/\/www.gymhorice.cz\/?page_id=16525","title":{"rendered":"Prohl\u00e1\u0161en\u00ed o&nbsp;p\u0159\u00edstupnosti"},"content":{"rendered":"<p>Ho\u0159ick\u00e9 gymn\u00e1zium, Blahoslavova 2105, 508&nbsp;01 Ho\u0159ice se zavazuje k&nbsp;zp\u0159\u00edstupn\u011bn\u00ed sv\u00e9 internetov\u00e9 str\u00e1nky <a href=\"https:\/\/www.gymhorice.cz\">https:\/\/www.gymhorice.cz<\/a> v&nbsp;souladu se z\u00e1konem \u010d.&nbsp;99\/2019 Sb., o&nbsp;p\u0159\u00edstupnosti internetov\u00fdch str\u00e1nek a&nbsp;mobiln\u00edch aplikac\u00ed a&nbsp;o&nbsp;zm\u011bn\u011b z\u00e1kona \u010d.&nbsp;365\/2000 Sb., o&nbsp;informa\u010dn\u00edch syst\u00e9mech ve\u0159ejn\u00e9 spr\u00e1vy a&nbsp;o&nbsp;zm\u011bn\u011b n\u011bkter\u00fdch dal\u0161\u00edch z\u00e1kon\u016f, ve zn\u011bn\u00ed pozd\u011bj\u0161\u00edch p\u0159edpis\u016f, kter\u00e9 prov\u00e1d\u011bj\u00ed sm\u011brnici Evropsk\u00e9ho parlamentu a&nbsp;Rady (EU) 2016\/2102.<br \/>\nToto prohl\u00e1\u0161en\u00ed o&nbsp;p\u0159\u00edstupnosti se vztahuje na internetovou str\u00e1nku <a href=\"https:\/\/www.gymhorice.cz\">https:\/\/www.gymhorice.cz<\/a><\/p>\n<div class=\"modra\"><strong>Stav souladu<\/strong><\/div>\n<p>Tato internetov\u00e1 str\u00e1nka je pln\u011b v&nbsp;souladu se z\u00e1konem \u010d.&nbsp;99\/2019 Sb., o&nbsp;p\u0159\u00edstupnosti internetov\u00fdch str\u00e1nek a&nbsp;mobiln\u00edch aplikac\u00ed a&nbsp;o&nbsp;zm\u011bn\u011b z\u00e1kona \u010d.&nbsp;365\/2000 Sb., o&nbsp;informa\u010dn\u00edch syst\u00e9mech ve\u0159ejn\u00e9 spr\u00e1vy a&nbsp;o&nbsp;zm\u011bn\u011b n\u011bkter\u00fdch dal\u0161\u00edch z\u00e1kon\u016f, ve zn\u011bn\u00ed pozd\u011bj\u0161\u00edch p\u0159edpis\u016f. Nep\u0159\u00edstupn\u00fd je takov\u00fd obsah webu, kde to umo\u017e\u0148uje z\u00e1kon \u010d.&nbsp;99\/2019 Sb., viz v\u00fdjimka platn\u00e1 pro \u0161koly dle \u00a7 3, odst. 3.<\/p>\n<div class=\"modra\"><strong>Vypracov\u00e1n\u00ed tohoto prohl\u00e1\u0161en\u00ed o&nbsp;p\u0159\u00edstupnosti<\/strong><\/div>\n<p>Toto prohl\u00e1\u0161en\u00ed bylo vypracov\u00e1no dne 1.&nbsp;9.&nbsp;2023.<br \/>\nPro vypracov\u00e1n\u00ed tohoto prohl\u00e1\u0161en\u00ed byla v&nbsp;souladu s&nbsp;\u010dl. 3 odst. 1 prov\u00e1d\u011bc\u00edho rozhodnut\u00ed Komise (EU) 2018\/1523 pou\u017eita metoda vlastn\u00edho posouzen\u00ed proveden\u00e9 subjektem ve\u0159ejn\u00e9ho sektoru.<\/p>\n<div class=\"modra\"><strong>Zp\u011btn\u00e1 vazba a&nbsp;kontaktn\u00ed \u00fadaje<\/strong><\/div>\n<p>V p\u0159\u00edpad\u011b, \u017ee zaznamen\u00e1te probl\u00e9my s&nbsp;p\u0159\u00edstupnost\u00ed internetov\u00fdch str\u00e1nek, obracejte se, pros\u00edm na n\u00ed\u017ee uvedenou zodpov\u011bdnou osobu\/organiza\u010dn\u00ed slo\u017eku. Ta v\u00e1m poskytne informace o&nbsp;\u0159e\u0161en\u00ed p\u0159\u00edslu\u0161n\u00fdch probl\u00e9m\u016f v&nbsp;oblasti souladu a&nbsp;na vy\u017e\u00e1d\u00e1n\u00ed poskytne informace o&nbsp;obsahu, kter\u00fd je vy\u0148at z&nbsp;rozsahu p\u016fsobnosti sm\u011brnice Evropsk\u00e9ho parlamentu a&nbsp;Rady (EU) 2016\/2102.<br \/>\nZa p\u0159\u00edstupnost internetov\u00fdch str\u00e1nek je v&nbsp;organizaci zodpov\u011bdn\u00fd z\u00e1stupce \u0159editele \u0161koly.<\/p>\n<div class=\"modra\"><strong>Postupy pro prosazov\u00e1n\u00ed pr\u00e1va<\/strong><\/div>\n<p>M\u00e1te pr\u00e1vo na zaji\u0161t\u011bn\u00ed p\u0159\u00edstupnosti t\u00e9 \u010d\u00e1sti internetov\u00fdch str\u00e1nek, kter\u00e1 obsahuje informace o&nbsp;povinn\u00e9m subjektu dle z\u00e1kona \u010d.&nbsp;106\/1999 Sb., o&nbsp;svobodn\u00e9m p\u0159\u00edstupu k&nbsp;informac\u00edm ve zn\u011bn\u00ed vyhl\u00e1\u0161ky \u010d.&nbsp;515\/2020 Sb., kterou se stanov\u00ed struktura informac\u00ed zve\u0159ej\u0148ovan\u00fdch o&nbsp;povinn\u00e9m subjektu zp\u016fsobem umo\u017e\u0148uj\u00edc\u00edm d\u00e1lkov\u00fd p\u0159\u00edstup. V&nbsp;p\u0159\u00edpad\u011b, \u017ee u&nbsp;t\u00e9to \u010d\u00e1sti internetov\u00fdch str\u00e1nek \u0161koly nebude p\u0159\u00edstupnost zaji\u0161t\u011bna a&nbsp;\u0161kola nebude \u0159\u00e1dn\u011b reagovat na va\u0161e podn\u011bty, m\u00e1te pr\u00e1vo obr\u00e1tit se na n\u00ed\u017ee uveden\u00fd org\u00e1n ur\u010den\u00fd pro prosazov\u00e1n\u00ed va\u0161ich pr\u00e1v.<\/p>\n<p>Kontaktn\u00ed \u00fadaje p\u0159\u00edslu\u0161n\u00e9ho org\u00e1nu pro prosazov\u00e1n\u00ed pr\u00e1va:<br \/>\n<strong>Ministerstvo vnitra<\/strong><br \/>\nodbor eGovernmentu<br \/>\nn\u00e1m\u011bst\u00ed Hrdin\u016f 1634\/3<br \/>\n140&nbsp;21 Praha 4<br \/>\ne-mail: pristupnost@mvcr.cz<\/p>\n<p>Prohl\u00e1\u0161en\u00ed bude revidov\u00e1no dne 20.&nbsp;9.&nbsp;2026.<\/p>\n<p>V Ho\u0159ic\u00edch dne 1.&nbsp;9.&nbsp;2025<br \/>\nMgr.&nbsp;\u0160\u00e1rka \u0160andov\u00e1, \u0159editelka \u0161koly<\/p>\n","protected":false},"excerpt":{"rendered":"<p>Ho\u0159ick\u00e9 gymn\u00e1zium, Blahoslavova 2105, 508&nbsp;01 Ho\u0159ice se zavazuje k&nbsp;zp\u0159\u00edstupn\u011bn\u00ed sv\u00e9 internetov\u00e9 str\u00e1nky https:\/\/www.gymhorice.cz v&nbsp;souladu se z\u00e1konem \u010d.&nbsp;99\/2019 Sb., o&nbsp;p\u0159\u00edstupnosti internetov\u00fdch str\u00e1nek a&nbsp;mobiln\u00edch aplikac\u00ed a&nbsp;o&nbsp;zm\u011bn\u011b z\u00e1kona \u010d.&nbsp;365\/2000 Sb., o&nbsp;informa\u010dn\u00edch syst\u00e9mech ve\u0159ejn\u00e9 spr\u00e1vy a&nbsp;o&nbsp;zm\u011bn\u011b n\u011bkter\u00fdch dal\u0161\u00edch z\u00e1kon\u016f, ve zn\u011bn\u00ed pozd\u011bj\u0161\u00edch p\u0159edpis\u016f, kter\u00e9 prov\u00e1d\u011bj\u00ed sm\u011brnici Evropsk\u00e9ho parlamentu a&nbsp;Rady (EU) 2016\/2102. Toto prohl\u00e1\u0161en\u00ed o&nbsp;p\u0159\u00edstupnosti &#8230; <a title=\"Prohl\u00e1\u0161en\u00ed o&nbsp;p\u0159\u00edstupnosti\" class=\"read-more\" href=\"https:\/\/www.gymhorice.cz\/?page_id=16525\" aria-label=\"\u010c\u00edst v\u00edce o Prohl\u00e1\u0161en\u00ed o&nbsp;p\u0159\u00edstupnosti\">p\u0159e\u010d\u00edst v\u0161e<\/a><\/p>\n","protected":false},"author":1,"featured_media":0,"parent":0,"menu_order":0,"comment_status":"closed","ping_status":"closed","template":"","meta":{"ngg_post_thumbnail":0,"footnotes":""},"class_list":["post-16525","page","type-page","status-publish"],"_links":{"self":[{"href":"https:\/\/www.gymhorice.cz\/index.php?rest_route=\/wp\/v2\/pages\/16525","targetHints":{"allow":["GET"]}}],"collection":[{"href":"https:\/\/www.gymhorice.cz\/index.php?rest_route=\/wp\/v2\/pages"}],"about":[{"href":"https:\/\/www.gymhorice.cz\/index.php?rest_route=\/wp\/v2\/types\/page"}],"author":[{"embeddable":true,"href":"https:\/\/www.gymhorice.cz\/index.php?rest_route=\/wp\/v2\/users\/1"}],"replies":[{"embeddable":true,"href":"https:\/\/www.gymhorice.cz\/index.php?rest_route=%2Fwp%2Fv2%2Fcomments&post=16525"}],"version-history":[{"count":8,"href":"https:\/\/www.gymhorice.cz\/index.php?rest_route=\/wp\/v2\/pages\/16525\/revisions"}],"predecessor-version":[{"id":19511,"href":"https:\/\/www.gymhorice.cz\/index.php?rest_route=\/wp\/v2\/pages\/16525\/revisions\/19511"}],"wp:attachment":[{"href":"https:\/\/www.gymhorice.cz\/index.php?rest_route=%2Fwp%2Fv2%2Fmedia&parent=16525"}],"curies":[{"name":"wp","href":"https:\/\/api.w.org\/{rel}","templated":true}]}}