{"id":16265,"date":"2023-08-26T08:33:32","date_gmt":"2023-08-26T07:33:32","guid":{"rendered":"https:\/\/www.gymhorice.cz\/?page_id=16265"},"modified":"2023-10-24T10:39:37","modified_gmt":"2023-10-24T09:39:37","slug":"primestsky-tabor-2023","status":"publish","type":"page","link":"https:\/\/www.gymhorice.cz\/?page_id=16265","title":{"rendered":"P\u0159\u00edm\u011bstsk\u00fd t\u00e1bor 2023"},"content":{"rendered":"<p><strong>P\u0159\u00edm\u011bstsk\u00fd vzd\u011bl\u00e1vac\u00ed t\u00e1bor Sv\u011bt kouzel<\/strong><\/p>\n<p>Na za\u010d\u00e1tku srpna se budova Ho\u0159ick\u00e9ho gymn\u00e1zia prom\u011bnila na z\u00e1mek v&nbsp;<span class=\"modra\">Bradavic\u00edch<\/span>, aby se zde se\u0161li<br \/>\nv\u0161ichni kouzeln\u00edci, kouzelnice, m\u00e1gov\u00e9 a&nbsp;dal\u0161\u00ed podivuhodn\u00e9 bytosti ze sv\u011bta \u010dar a&nbsp;kouzel.&nbsp;Kouzeln\u00fd<br \/>\n<span class=\"modra\">mluv\u00edc\u00ed klobouk<\/span>&nbsp;rozhodl, do kter\u00e9 skupiny (koleje) budou \u00fa\u010dastn\u00edc\u00ed t\u00e1bora rozd\u011bleni, ka\u017ed\u00e9 skupin\u011b<br \/>\nbyl ur\u010den t\u00e1borov\u00fd vedouc\u00ed z&nbsp;\u0159ad student\u016f gymn\u00e1zia. Jeliko\u017e ka\u017ed\u00fd spr\u00e1vn\u00fd kouzeln\u00edk pot\u0159ebuje ke<br \/>\nkouzlen\u00ed svou&nbsp;<span class=\"modra\">kouzelnickou h\u016flku<\/span>, nezb\u00fdvalo nic jin\u00e9ho, ne\u017e ji vyrobit. Mal\u00ed t\u00e1born\u00edci si zhotovili i<br \/>\n\u0161ifrovac\u00ed kole\u010dka pro de\u0161ifrov\u00e1n\u00ed tajn\u00fdch zpr\u00e1v, z\u00e1lo\u017eky do&nbsp;<span class=\"modra\">knih kouzel<\/span>,&nbsp;<span class=\"modra\">zlatonky<\/span>&nbsp;na z\u00e1v\u011bre\u010dn\u00fd<br \/>\n<span class=\"modra\">famfrp\u00e1l<\/span>, <span class=\"modra\">sovu&nbsp;Hedviku<\/span>&nbsp;a&nbsp;lapa\u010de sn\u016f.<br \/>\nKa\u017ed\u00e9 r\u00e1no jsme zapo\u010dali den t\u00e1borovou p\u00edsni\u010dkou, pot\u00e9 se jednotliv\u00e9 koleje v\u011bnovaly hudebn\u00edm,<br \/>\nv\u00fdtvarn\u00fdm \u010di&nbsp;sportovn\u00edm \u010dinnostem, p\u0159edev\u0161\u00edm se ale ka\u017ed\u00fd den zdokonalovaly v&nbsp;angli\u010dtin\u011b. D\u011bti<br \/>\nm\u011bly letos po&nbsp;celou dobu trv\u00e1n\u00ed t\u00e1bora jedine\u010dnou p\u0159\u00edle\u017eitost vyzkou\u0161et si sv\u00e9 konverza\u010dn\u00ed<br \/>\ndovednosti s&nbsp;rodilou mluv\u010d\u00ed z&nbsp;Velk\u00e9 Brit\u00e1nie, d\u00e1le dopl\u0148ovaly informace o&nbsp;postav\u00e1ch z&nbsp;knih&nbsp;<span class=\"modra\">Harry<\/span><br \/>\n<span class=\"modra\">Potter<\/span>, u\u010dily se tajn\u00e1 kouzla s&nbsp;h\u016flkou a&nbsp;m\u00edchaly&nbsp;<span class=\"modra\">kouzeln\u00e9 lektvary<\/span>. Ve \u010dtvrtek se t\u00e1born\u00edci vydali na<br \/>\ncelodenn\u00ed dobrodru\u017enou cestu, nejprve nav\u0161t\u00edvili tajemn\u00e9 sklepen\u00ed hradu Pecka, n\u00e1sledn\u011b splnili<br \/>\n\u00fakoly na Hrav\u00e9 Homolce a&nbsp;nakonec svedli souboj s&nbsp;<span class=\"modra\">Lordem Voldemortem<\/span>&nbsp;na paintballov\u00e9m h\u0159i\u0161ti na<br \/>\nPecce. Tajupln\u00fd t\u00fdden uplynul jako voda, z\u00e1\u017eitky a&nbsp;nov\u00e1 p\u0159\u00e1telstv\u00ed z\u016fst\u00e1vaj\u00ed.<br \/>\nNa realizaci projektu se krom\u011b u\u010ditel\u016f Ho\u0159ick\u00e9ho gymn\u00e1zia aktivn\u011b pod\u00edleli i&nbsp;studenti, projekt byl<br \/>\nfinan\u010dn\u011b podpo\u0159en m\u011bstem Ho\u0159ice.<\/p>\nngg_shortcode_0_placeholder\n","protected":false},"excerpt":{"rendered":"<p>P\u0159\u00edm\u011bstsk\u00fd vzd\u011bl\u00e1vac\u00ed t\u00e1bor Sv\u011bt kouzel Na za\u010d\u00e1tku srpna se budova Ho\u0159ick\u00e9ho gymn\u00e1zia prom\u011bnila na z\u00e1mek v&nbsp;Bradavic\u00edch, aby se zde se\u0161li v\u0161ichni kouzeln\u00edci, kouzelnice, m\u00e1gov\u00e9 a&nbsp;dal\u0161\u00ed podivuhodn\u00e9 bytosti ze sv\u011bta \u010dar a&nbsp;kouzel.&nbsp;Kouzeln\u00fd mluv\u00edc\u00ed klobouk&nbsp;rozhodl, do kter\u00e9 skupiny (koleje) budou \u00fa\u010dastn\u00edc\u00ed t\u00e1bora rozd\u011bleni, ka\u017ed\u00e9 skupin\u011b byl ur\u010den t\u00e1borov\u00fd vedouc\u00ed z&nbsp;\u0159ad student\u016f gymn\u00e1zia. &#8230; <a title=\"P\u0159\u00edm\u011bstsk\u00fd t\u00e1bor 2023\" class=\"read-more\" href=\"https:\/\/www.gymhorice.cz\/?page_id=16265\" aria-label=\"\u010c\u00edst v\u00edce o P\u0159\u00edm\u011bstsk\u00fd t\u00e1bor 2023\">p\u0159e\u010d\u00edst v\u0161e<\/a><\/p>\n","protected":false},"author":1,"featured_media":0,"parent":1965,"menu_order":0,"comment_status":"closed","ping_status":"closed","template":"","meta":{"ngg_post_thumbnail":0,"footnotes":""},"class_list":["post-16265","page","type-page","status-publish"],"_links":{"self":[{"href":"https:\/\/www.gymhorice.cz\/index.php?rest_route=\/wp\/v2\/pages\/16265","targetHints":{"allow":["GET"]}}],"collection":[{"href":"https:\/\/www.gymhorice.cz\/index.php?rest_route=\/wp\/v2\/pages"}],"about":[{"href":"https:\/\/www.gymhorice.cz\/index.php?rest_route=\/wp\/v2\/types\/page"}],"author":[{"embeddable":true,"href":"https:\/\/www.gymhorice.cz\/index.php?rest_route=\/wp\/v2\/users\/1"}],"replies":[{"embeddable":true,"href":"https:\/\/www.gymhorice.cz\/index.php?rest_route=%2Fwp%2Fv2%2Fcomments&post=16265"}],"version-history":[{"count":6,"href":"https:\/\/www.gymhorice.cz\/index.php?rest_route=\/wp\/v2\/pages\/16265\/revisions"}],"predecessor-version":[{"id":16508,"href":"https:\/\/www.gymhorice.cz\/index.php?rest_route=\/wp\/v2\/pages\/16265\/revisions\/16508"}],"up":[{"embeddable":true,"href":"https:\/\/www.gymhorice.cz\/index.php?rest_route=\/wp\/v2\/pages\/1965"}],"wp:attachment":[{"href":"https:\/\/www.gymhorice.cz\/index.php?rest_route=%2Fwp%2Fv2%2Fmedia&parent=16265"}],"curies":[{"name":"wp","href":"https:\/\/api.w.org\/{rel}","templated":true}]}}