{"id":13391,"date":"2020-11-04T16:40:15","date_gmt":"2020-11-04T15:40:15","guid":{"rendered":"http:\/\/www.gymhorice.cz\/?page_id=13391"},"modified":"2026-02-08T17:22:56","modified_gmt":"2026-02-08T16:22:56","slug":"uzitecne-odkazy-2","status":"publish","type":"page","link":"https:\/\/www.gymhorice.cz\/?page_id=13391","title":{"rendered":"U\u017eite\u010dn\u00e9 odkazy"},"content":{"rendered":"<table class=\"radkovana-tabulka\">\n<tbody>\n<tr>\n<th>PO\u010c\u00cdTA\u010cE<\/th>\n<th>PRO STUDENTY<\/th>\n<th>\u0160KOLSTV\u00cd<\/th>\n<th>HOD\u00cd SE<\/th>\n<\/tr>\n<tr>\n<td><a href=\"https:\/\/www.seznam.cz\/\" target=\"_blank\" rel=\"noopener\">Seznam.cz<\/a><\/td>\n<td>&nbsp;<a href=\"https:\/\/office.com\" target=\"_blank\" rel=\"noopener noreferrer\">MS Office 365<\/a><\/td>\n<td><a href=\"http:\/\/www.horice.org\" target=\"_blank\" rel=\"noopener noreferrer\">Ho\u0159ice.org<\/a><\/td>\n<td><a href=\"http:\/\/jizdnirady.idnes.cz\/vlakyautobusy\/spojeni\/\" target=\"_blank\" rel=\"noopener noreferrer\">J\u00edzdn\u00ed \u0159\u00e1dy<\/a><\/td>\n<\/tr>\n<tr>\n<td><a href=\"http:\/\/www.mapy.cz\" target=\"_blank\" rel=\"noopener noreferrer\">Mapy.cz<\/a><\/td>\n<td><a href=\"http:\/\/cs.wikipedia.org\/wiki\/Hlavn%C3%AD_strana\" target=\"_blank\" rel=\"noopener noreferrer\">Wikipedia<\/a><\/td>\n<td><a href=\"https:\/\/help.edupage.org\" target=\"_blank\" rel=\"noopener noreferrer\">Edupage n\u00e1pov\u011bda<\/a><\/td>\n<td>&nbsp;<a href=\"http:\/\/www.velkyzpevnik.cz\" target=\"_blank\" rel=\"noopener\">Velk\u00fd zp\u011bvn\u00edk<\/a><\/td>\n<\/tr>\n<tr>\n<td><a href=\"https:\/\/login.szn.cz\/\" target=\"_blank\" rel=\"noopener noreferrer\">Email na seznam.cz<\/a><\/td>\n<td><a href=\"http:\/\/www.referaty.cz\/default.asp\" target=\"_blank\" rel=\"noopener noreferrer\">Maturita.cz<\/a><\/td>\n<td><a href=\"http:\/\/www.msmt.cz\" target=\"_blank\" rel=\"noopener noreferrer\">Ministerstvo \u0161kolstv\u00ed<\/a><\/td>\n<td><a href=\"http:\/\/translate.google.com\/\" target=\"_blank\" rel=\"noopener noreferrer\">P\u0159eklady Google<\/a><\/td>\n<\/tr>\n<tr>\n<td><a href=\"https:\/\/accounts.google.com\/ServiceLogin?service=mail&amp;continue=https:\/\/mail.google.com\/mail\/&amp;hl=cs\" target=\"_blank\" rel=\"noopener noreferrer\">Gmail (google)<\/a><\/td>\n<td>&nbsp;<\/td>\n<td><a href=\"http:\/\/www.cermat.cz\/\" target=\"_blank\" rel=\"noopener noreferrer\">Cermat<\/a><\/td>\n<td>&nbsp;<\/td>\n<\/tr>\n<tr>\n<td>&nbsp;<\/td>\n<td><a href=\"http:\/\/www.e-matematika.cz\" target=\"_blank\" rel=\"noopener noreferrer\">e-matematika<\/a><\/td>\n<td><a href=\"http:\/\/www.rvp.cz\" target=\"_blank\" rel=\"noopener noreferrer\">RVP-\u0160VP<\/a><\/td>\n<td><a href=\"http:\/\/www.t-mobile.cz\" target=\"_blank\" rel=\"noopener noreferrer\">T-mobile<\/a><\/td>\n<\/tr>\n<tr>\n<td><a href=\"http:\/\/www.google.cz\" target=\"_blank\" rel=\"noopener noreferrer\">Google<\/a><\/td>\n<td><a href=\"https:\/\/onlineschool.cz\/fyzika\/\" target=\"_blank\" rel=\"noopener noreferrer\">e-fyzika (videa)<\/a><\/td>\n<td>&nbsp;<\/td>\n<td><a href=\"https:\/\/www.vodafone.cz\/\" target=\"_blank\" rel=\"noopener noreferrer\">Vodafone<\/a><\/td>\n<\/tr>\n<tr>\n<td><a href=\"https:\/\/www.youtube.com\/?gl=CZ\" target=\"_blank\" rel=\"noopener noreferrer\">YouTube<\/a><\/td>\n<td><a href=\"https:\/\/cs.khanacademy.org\/\" target=\"_blank\" rel=\"noopener noreferrer\">Khanova \u0161kola CZ<\/a><\/td>\n<td><a href=\"http:\/\/www.bezpecne-online.cz\" target=\"_blank\" rel=\"noopener noreferrer\">Bezpe\u010dn\u011b-online.cz<\/a>&nbsp;<\/td>\n<td><a href=\"https:\/\/www.o2.cz\" target=\"_blank\" rel=\"noopener noreferrer\">Telef\u00f3nica O2<\/a><\/td>\n<\/tr>\n<tr>\n<td><a href=\"http:\/\/www.microsoft.cz\" target=\"_blank\" rel=\"noopener noreferrer\">Microsoft<\/a><\/td>\n<td><a href=\"https:\/\/khanovaskola.cz\/\" target=\"_blank\" rel=\"noopener noreferrer\">Khanova \u0161kola<\/a><\/td>\n<td><a href=\"http:\/\/www.bezpecnyinternet.cz\/\" target=\"_blank\" rel=\"noopener\">Bezpe\u010dn\u00fd internet<\/a><\/td>\n<td><a href=\"http:\/\/www.pececka.cz\" target=\"_blank\" rel=\"noopener noreferrer\">E-Shop PeCecka<\/a><\/td>\n<\/tr>\n<tr>\n<td><a href=\"http:\/\/www.slunecnice.cz\" target=\"_blank\" rel=\"noopener noreferrer\">Slune\u010dnice<\/a><\/td>\n<td>&nbsp;<\/td>\n<td><a href=\"http:\/\/www.sipkhk.cz\" target=\"_blank\" rel=\"noopener noreferrer\">\u0160kolsk\u00fd port\u00e1l HK kraje<\/a><\/td>\n<td><a href=\"https:\/\/www.levnapc.cz\/\" target=\"_blank\" rel=\"noopener\">Levn\u00e1 PC&nbsp;&#8211; repasovan\u00e9 po\u010d\u00edta\u010de<\/a><\/td>\n<\/tr>\n<tr>\n<td>&nbsp;<\/td>\n<td><a href=\"https:\/\/www.deepl.com\/en\/translator\" target=\"_blank\" rel=\"noopener\">DeepL Translator<\/a><\/td>\n<td><a href=\"https:\/\/soutezekhk.cz\/\" target=\"_blank\" rel=\"noopener noreferrer\">Sout\u011b\u017ee KHK<\/a><\/td>\n<td><a href=\"https:\/\/www.starnet.cz\/\" target=\"_blank\" rel=\"noopener noreferrer\">StarNet<\/a><\/td>\n<\/tr>\n<tr>\n<td><a href=\"http:\/\/validator.w3.org\/\" target=\"_blank\" rel=\"noopener noreferrer\">Valid\u00e1tor W3C<\/a><\/td>\n<td><a href=\"https:\/\/chatgpt.com\/\" target=\"_blank\" rel=\"noopener\">Chat GPT<\/a><\/td>\n<td>&nbsp;<\/td>\n<td>&nbsp;<\/td>\n<\/tr>\n<tr>\n<td><a title=\"Forum - viry, spyware, adware,...\" href=\"http:\/\/www.viry.cz\" target=\"_blank\" rel=\"noopener noreferrer\">Jak na viry<\/a><\/td>\n<td><a href=\"https:\/\/gemini.google.com\/app\" target=\"_blank\" rel=\"noopener\">Gemini AI (Google)<\/a><\/td>\n<td>&nbsp;<\/td>\n<td>&nbsp;<\/td>\n<\/tr>\n<tr>\n<td>&nbsp;<\/td>\n<td><a href=\"https:\/\/copilot.microsoft.com\/\" target=\"_blank\" rel=\"noopener\">Copilot AI (Microsoft)<\/a><\/td>\n<td>&nbsp;<\/td>\n<td>&nbsp;<\/td>\n<\/tr>\n<tr>\n<td>&nbsp;<\/td>\n<td><a href=\"https:\/\/editee.com\/chat-gpt\" target=\"_blank\" rel=\"noopener\">Chat GPT editee<\/a><\/td>\n<td>&nbsp;<\/td>\n<td>&nbsp;<\/td>\n<\/tr>\n<tr>\n<td>&nbsp;<\/td>\n<td>&nbsp;<\/td>\n<td>&nbsp;<\/td>\n<td>&nbsp;<\/td>\n<\/tr>\n<\/tbody>\n<\/table>\n","protected":false},"excerpt":{"rendered":"<p>PO\u010c\u00cdTA\u010cE PRO STUDENTY \u0160KOLSTV\u00cd HOD\u00cd SE Seznam.cz &nbsp;MS Office 365 Ho\u0159ice.org J\u00edzdn\u00ed \u0159\u00e1dy Mapy.cz Wikipedia Edupage n\u00e1pov\u011bda &nbsp;Velk\u00fd zp\u011bvn\u00edk Email na seznam.cz Maturita.cz Ministerstvo \u0161kolstv\u00ed P\u0159eklady Google Gmail (google) &nbsp; Cermat &nbsp; &nbsp; e-matematika RVP-\u0160VP T-mobile Google e-fyzika (videa) &nbsp; Vodafone YouTube Khanova \u0161kola CZ Bezpe\u010dn\u011b-online.cz&nbsp; Telef\u00f3nica O2 Microsoft Khanova &#8230; <a title=\"U\u017eite\u010dn\u00e9 odkazy\" class=\"read-more\" href=\"https:\/\/www.gymhorice.cz\/?page_id=13391\" aria-label=\"\u010c\u00edst v\u00edce o U\u017eite\u010dn\u00e9 odkazy\">p\u0159e\u010d\u00edst v\u0161e<\/a><\/p>\n","protected":false},"author":1,"featured_media":0,"parent":0,"menu_order":0,"comment_status":"closed","ping_status":"closed","template":"","meta":{"ngg_post_thumbnail":0,"footnotes":""},"class_list":["post-13391","page","type-page","status-publish"],"_links":{"self":[{"href":"https:\/\/www.gymhorice.cz\/index.php?rest_route=\/wp\/v2\/pages\/13391","targetHints":{"allow":["GET"]}}],"collection":[{"href":"https:\/\/www.gymhorice.cz\/index.php?rest_route=\/wp\/v2\/pages"}],"about":[{"href":"https:\/\/www.gymhorice.cz\/index.php?rest_route=\/wp\/v2\/types\/page"}],"author":[{"embeddable":true,"href":"https:\/\/www.gymhorice.cz\/index.php?rest_route=\/wp\/v2\/users\/1"}],"replies":[{"embeddable":true,"href":"https:\/\/www.gymhorice.cz\/index.php?rest_route=%2Fwp%2Fv2%2Fcomments&post=13391"}],"version-history":[{"count":23,"href":"https:\/\/www.gymhorice.cz\/index.php?rest_route=\/wp\/v2\/pages\/13391\/revisions"}],"predecessor-version":[{"id":19720,"href":"https:\/\/www.gymhorice.cz\/index.php?rest_route=\/wp\/v2\/pages\/13391\/revisions\/19720"}],"wp:attachment":[{"href":"https:\/\/www.gymhorice.cz\/index.php?rest_route=%2Fwp%2Fv2%2Fmedia&parent=13391"}],"curies":[{"name":"wp","href":"https:\/\/api.w.org\/{rel}","templated":true}]}}