{"id":13377,"date":"2020-11-04T11:07:32","date_gmt":"2020-11-04T10:07:32","guid":{"rendered":"http:\/\/www.gymhorice.cz\/?page_id=13377"},"modified":"2025-11-04T16:10:07","modified_gmt":"2025-11-04T15:10:07","slug":"inspirujeme-se-2","status":"publish","type":"page","link":"https:\/\/www.gymhorice.cz\/?page_id=13377","title":{"rendered":"Inspirujeme (se)"},"content":{"rendered":"<p><img loading=\"lazy\" decoding=\"async\" src=\"http:\/\/www.gymhorice.cz\/wp-content\/uploads\/2015\/06\/2013-krkonose01.jpg\" alt=\"Krkono\u0161e\" width=\"640\" height=\"330\"><\/p>\n<hr>\n<h2>Inspirujeme<\/h2>\n<ul class=\"znak2\">\n<li><a href=\"https:\/\/www.gymhorice.cz\/?page_id=19238\">\u0158editel*\u0158editelka budoucnosti &#8211; celost\u00e1tn\u00ed sout\u011b\u017e pod z\u00e1\u0161titou M\u0160MT<\/a>&nbsp;(2025\/2026)<\/li>\n<li><a href=\"https:\/\/www.youtube.com\/watch?v=6xCBh1qKO44&#038;t=3274s\">\u201eZ Ho\u0159ic inspirujeme \u010cesko, \u0161kolstv\u00ed nesm\u00ed zaspat\u201c- \u0159editelka \u0160\u00e1rka \u0160andov\u00e1<\/a>&nbsp;(video 54 minut)<\/li>\n<\/ul>\n<h2>Inspirativn\u00ed webov\u00e9 str\u00e1nky<\/h2>\n<ul class=\"znak2\">\n<li><a href=\"http:\/\/www.interez.sk\/finsko-sa-stane-prvou-krajinou-svete-ktora-zrusi-vyucbu-predmetov-skole\/\" target=\"_blank\" rel=\"noopener noreferrer\">F\u00ednsko sa stane prvou krajinou na svete, ktor\u00e1 zru\u0161\u00ed v\u00fdu\u010dbu predmetov na \u0161kole<\/a>&nbsp;<\/li>\n<li><a href=\"http:\/\/svobodnevzdelavani.cz\/\" target=\"_blank\" rel=\"noopener noreferrer\">Svobodn\u00e9 vzd\u011bl\u00e1v\u00e1n\u00ed<\/a>&nbsp;<\/li>\n<li><a href=\"http:\/\/zpravy.aktualne.cz\/domaci\/valeni-po-koberci-alternativni-skoly-funguji-rika-odbornik\/r~8692c7a44d6411e594170025900fea04\/\" target=\"_blank\" rel=\"noopener noreferrer\">V\u00e1len\u00ed po&nbsp;koberci? Alternativn\u00ed \u0161koly funguj\u00ed, \u0159\u00edk\u00e1 odborn\u00edk<\/a>&nbsp;<\/li>\n<li><a href=\"http:\/\/ona.idnes.cz\/ceske-skolstvi-pohledem-neurovedy-dto-\/deti.aspx?c=A150426_220232_deti_haa\" target=\"_blank\" rel=\"noopener noreferrer\">Odbornice na d\u011btsk\u00fd mozek rad\u00ed zru\u0161it zn\u00e1mkov\u00e1n\u00ed a&nbsp;sout\u011b\u017een\u00ed<\/a>&nbsp;<\/li>\n<li><a href=\"https:\/\/www.scio.cz\/o-spolecnosti\/scioskola\/\" target=\"_blank\" rel=\"noopener noreferrer\">Nov\u00e1 Scio\u0160kola<\/a>&nbsp;<\/li>\n<li><a href=\"http:\/\/www.svobodauceni.cz\/\" target=\"_blank\" rel=\"noopener noreferrer\">Svoboda u\u010den\u00ed<\/a><\/li>\n<li><a href=\"http:\/\/www.eduin.cz\/\" target=\"_blank\" rel=\"noopener noreferrer\">EDUin<\/a><\/li>\n<li><a href=\"http:\/\/www.neskola.cz\/\" target=\"_blank\" rel=\"noopener noreferrer\">Ne\u0161kola<\/a><\/li>\n<\/ul>\n<h2>\u010cl\u00e1nky<\/h2>\n<ul class=\"znak2\">\n<li><a href=\"http:\/\/www.gymhorice.cz\/files\/pdf\/2019-04-finsko-postrehy.pdf\" target=\"_blank\" rel=\"noopener noreferrer\">Post\u0159ehy o&nbsp;finsk\u00e9m \u0161kolstv\u00ed &#8211; \u0160\u00e1rka \u0160andov\u00e1<\/a>&nbsp;<\/li>\n<li><a href=\"http:\/\/www.parlamentnilisty.cz\/arena\/rozhovory\/Ostra-slova-o-ceskem-skolstvi-od-reditele-uspesneho-gymnazia-Vsechny-deti-srovnat-do-jedne-rady-individualita-se-potlacuje-Podporuji-to-i-lobbiste-A-ministr-nadava-ucitelum-do-negramotu-497745\" target=\"_blank\" rel=\"noopener noreferrer\">Rozhovor s&nbsp;\u0159editelem gymn\u00e1zia J. Keplera Ji\u0159\u00edm R\u016f\u017ei\u010dkou<\/a>&nbsp;<\/li>\n<li><a href=\"https:\/\/nazory.aktualne.cz\/komentare\/klik-sem-klik-tam-vsude-informace-je-skola-na-odpis\/r~i:article:715457\/?redirected=1501230700\" target=\"_blank\" rel=\"noopener noreferrer\">Prvn\u00ed ot\u00e1zkou \u0161kolstv\u00ed nen\u00ed, co u\u010dit, ale jak d\u011bti nau\u010dit pracovat.<\/a>&nbsp;<\/li>\n<li><a href=\"http:\/\/www.lidovky.cz\/hur-si-u-nas-zvykaji-deti-z-alternativnich-skol-rika-reditel-netradicniho-gymnazia-gkj-\/zpravy-domov.aspx?c=A170121_195619_ln_domov_pev\" target=\"_blank\" rel=\"noopener noreferrer\">H\u016f\u0159 si u&nbsp;n\u00e1s zvykaj\u00ed d\u011bti z&nbsp;alternativn\u00edch \u0161kol<\/a>&nbsp;<\/li>\n<li><a href=\"http:\/\/blog.aktualne.cz\/blogy\/ondrej-steffl.php?itemid=28207\" target=\"_blank\" rel=\"noopener noreferrer\">Bob\u0159i, kter\u00e9 zn\u00e1me (Pot\u011bmkinova vesnice II, pokra\u010dov\u00e1n\u00ed)<\/a>&nbsp;<\/li>\n<li><a href=\"http:\/\/blog.aktualne.cz\/blogy\/ondrej-steffl.php?itemid=28304\" target=\"_blank\" rel=\"noopener noreferrer\">Neviditeln\u00ed bob\u0159i (Pot\u011bmkinova vesnice II, pokra\u010dov\u00e1n\u00ed 2)<\/a>&nbsp;<\/li>\n<li><a href=\"http:\/\/blog.aktualne.cz\/blogy\/ondrej-steffl.php?itemid=27172\" target=\"_blank\" rel=\"noopener noreferrer\">Pot\u011bmkinova vesnice I: V\u00edme, co u\u010dit a&nbsp;pro\u010d<\/a>&nbsp;<\/li>\n<li><a href=\"http:\/\/www.respekt.cz\/spolecnost\/stacilo-by-kdybyste-si-s-uciteli-proste-rekli-ahoj\" target=\"_blank\" rel=\"noopener noreferrer\">Sta\u010dilo by, kdybyste si s&nbsp;u\u010diteli prost\u011b \u0159ekli Ahoj (www.respekt.cz)<\/a>&nbsp;<\/li>\n<li><a href=\"http:\/\/blog.aktualne.cz\/blogy\/ondrej-steffl.php?itemid=26839\" target=\"_blank\" rel=\"noopener noreferrer\">O. \u0160teffl: Bezhlav\u00e9 kroky do pekel (Novela \u0161kolsk\u00e9ho z\u00e1kona)<\/a>&nbsp;<\/li>\n<li><a href=\"http:\/\/zena.centrum.cz\/deti\/skolaci-a-pubertaci\/clanek.phtml?id=806577\" target=\"_blank\" rel=\"noopener noreferrer\">O. \u0160teffl: \u0160koln\u00ed t\u0159\u00edda je pro rozvoj mozku nevhodn\u00e1<\/a><\/li>\n<li><a href=\"http:\/\/www.mises.cz\/clanky\/anarchokapitalismus-dil-osmy-skolstvi-1129.aspx\" target=\"_blank\" rel=\"noopener noreferrer\">Anarchokapitalismus &#8211; \u0161kolstv\u00ed<\/a><\/li>\n<li><a href=\"http:\/\/dialog.ihned.cz\/komentare\/c1-59480060-jak-vylepsit-skolu-vypadnout-z-ni?utm_source=mediafed&amp;utm_medium=rss&amp;utm_campaign=mediafed\" target=\"_blank\" rel=\"noopener noreferrer\">Jak vylep\u0161it \u0161kolu? Vypadnout z&nbsp;n\u00ed!<\/a><\/li>\n<li><a href=\"http:\/\/www.svobodauceni.cz\/clanek\/uvod-do-svobodneho-vzdelavani\" target=\"_blank\" rel=\"noopener noreferrer\">\u00davod do svobodn\u00e9ho vzd\u011bl\u00e1v\u00e1n\u00ed<\/a><\/li>\n<li><a href=\"http:\/\/zpravy.ihned.cz\/cesko-skolstvi\/c1-62072560-rodice-neveri-klasickym-zakladkam-zrizuji-si-radeji-vlastni-zakladni-skoly?\" target=\"_blank\" rel=\"noopener noreferrer\">\u010cl\u00e1nek o&nbsp;vzniku nov\u00fdch z\u00e1kladn\u00edch \u0161kol<\/a><\/li>\n<li><a href=\"http:\/\/www.inovativnivzdelavani.cz\/inovativni-skoly\/o-inovativnich-skolach\/skola-solvik\/\" target=\"_blank\" rel=\"noopener noreferrer\">Intuitivn\u00ed pedagogika<\/a><\/li>\n<li><a href=\"http:\/\/www.clovekvtisni.cz\/cs\/clanky\/zadne-dite-si-nezaslouzi-mit-spatneho-ucitele\" target=\"_blank\" rel=\"noopener noreferrer\">\u010cl\u00e1nek o&nbsp;M\u0160 Beru\u0161ka ve Fr\u00fddku-M\u00edstku<\/a><\/li>\n<li><a href=\"http:\/\/www.eduin.cz\/clanky\/mf-dnes-neumime-ucit-matematiku-rika-oldrich-botlik\/\" target=\"_blank\" rel=\"noopener noreferrer\">Diskuze o&nbsp;v\u00fduce matematiky<\/a><\/li>\n<\/ul>\n<h2>Videa<\/h2>\n<ul class=\"znak2\">\n<li><a href=\"https:\/\/www.seznam.cz\/zpravy\/clanek\/znamky-ve-skolach-by-se-mely-zrusit-ale-rodice-na-to-nejsou-pripraveni-rika-reditel-skoly-37292\" target=\"_blank\" rel=\"noopener noreferrer\">Zn\u00e1mky ve \u0161kol\u00e1ch by se m\u011bly zru\u0161it, ale rodi\u010de na to nejsou p\u0159ipraveni, \u0159\u00edk\u00e1 \u0159editel \u0161koly<\/a>&nbsp;<\/li>\n<li><a href=\"http:\/\/www.ceskatelevize.cz\/specialy\/hydepark\/16.6.2014\/\" target=\"_blank\" rel=\"noopener noreferrer\">Rozhovor s&nbsp;\u0159editelem spole\u010dnosti Scio a&nbsp;zakladatelem PORGu Ond\u0159ejem \u0160tefflem<\/a><\/li>\n<li><a href=\"https:\/\/www.youtube.com\/watch?v=0RPWTXlEKnE&amp;feature=share\" target=\"_blank\" rel=\"noopener noreferrer\">O. Hausenblas: O&nbsp;vst\u0159\u00edcn\u00e9 \u0161kole<\/a><\/li>\n<li><a href=\"http:\/\/www.ceskatelevize.cz\/porady\/10095690193-pred-pulnoci\/313281381940074\/\" target=\"_blank\" rel=\"noopener noreferrer\">Z\u0160 B\u0159ezov\u00e1, \u0161kola umo\u017e\u0148uj\u00edc\u00ed dom\u00e1c\u00ed vzd\u011bl\u00e1v\u00e1n\u00ed na 2.&nbsp;stupni<\/a><\/li>\n<li><a href=\"https:\/\/www.youtube.com\/watch?v=msWi7w_MnNo\" target=\"_blank\" rel=\"noopener noreferrer\">Sir Ken Robinson: Zab\u00edjej\u00ed \u0161koly kreativitu?<\/a><\/li>\n<li><a href=\"https:\/\/www.youtube.com\/watch?v=1le7QtclNbE\" target=\"_blank\" rel=\"noopener noreferrer\">Zak\u00e1zan\u00e9 vzd\u011bl\u00e1v\u00e1n\u00ed &#8211; nez\u00e1visl\u00fd dokument<\/a><\/li>\n<li><a href=\"https:\/\/www.youtube.com\/watch?v=e5rcnTpNKkM&amp;feature=youtu.be\" target=\"_blank\" rel=\"noopener noreferrer\">P\u0159\u00ednos Montessori vzd\u011bl\u00e1v\u00e1n\u00ed <\/a><\/li>\n<li><a href=\"https:\/\/www.youtube.com\/watch?v=EsMjrdMM3h8\" target=\"_blank\" rel=\"noopener noreferrer\">Montessori v&nbsp;kostce<\/a><\/li>\n<li><a href=\"https:\/\/www.youtube.com\/watch?v=qnolIc7Uu7I\" target=\"_blank\" rel=\"noopener noreferrer\">Montessori a&nbsp;waldorfsk\u00e1 pedagogika jako inspirace<\/a><\/li>\n<li><a href=\"https:\/\/www.youtube.com\/watch?v=V-KdEz6S6wU\" target=\"_blank\" rel=\"noopener noreferrer\">Obecn\u011bji o&nbsp;svobod\u011b: J. Du\u0161ek na Svobod\u011b Na\u017divo<\/a><\/li>\n<li><a href=\"https:\/\/www.youtube.com\/watch?v=w1PO-fI7hGs\" target=\"_blank\" rel=\"noopener noreferrer\">Mal\u00e1 rodi\u010dovsk\u00e1 inspekce a&nbsp;o&nbsp;zn\u00e1mk\u00e1ch &#8211; T. Fe\u0159tek a&nbsp;O. Hausenblas<\/a><\/li>\n<li><a href=\"http:\/\/www.nevychova.cz\/nevychovatv\/rozhovor-s-jaroslavem-duskem\/\" target=\"_blank\" rel=\"noopener noreferrer\">Rozhovor s&nbsp;J. Du\u0161kem: Nev\u00fdchova<\/a><\/li>\n<li><a href=\"http:\/\/video.aktualne.cz\/dvtv\/dvtv-20-6-2014-zahradil-x-telicka-fertek\/r~6e64f88af89411e3b583002590604f2e\/\" target=\"_blank\" rel=\"noopener noreferrer\">T.Fe\u0159tek: Pokud nep\u0159ijde zm\u011bna, maturity dopadnou je\u0161t\u011b h\u016f\u0159 (3\/3)<\/a><\/li>\n<\/ul>\n","protected":false},"excerpt":{"rendered":"<p>Inspirujeme \u0158editel*\u0158editelka budoucnosti &#8211; celost\u00e1tn\u00ed sout\u011b\u017e pod z\u00e1\u0161titou M\u0160MT&nbsp;(2025\/2026) \u201eZ Ho\u0159ic inspirujeme \u010cesko, \u0161kolstv\u00ed nesm\u00ed zaspat\u201c- \u0159editelka \u0160\u00e1rka \u0160andov\u00e1&nbsp;(video 54 minut) Inspirativn\u00ed webov\u00e9 str\u00e1nky F\u00ednsko sa stane prvou krajinou na svete, ktor\u00e1 zru\u0161\u00ed v\u00fdu\u010dbu predmetov na \u0161kole&nbsp; Svobodn\u00e9 vzd\u011bl\u00e1v\u00e1n\u00ed&nbsp; V\u00e1len\u00ed po&nbsp;koberci? Alternativn\u00ed \u0161koly funguj\u00ed, \u0159\u00edk\u00e1 odborn\u00edk&nbsp; Odbornice na d\u011btsk\u00fd mozek &#8230; <a title=\"Inspirujeme (se)\" class=\"read-more\" href=\"https:\/\/www.gymhorice.cz\/?page_id=13377\" aria-label=\"\u010c\u00edst v\u00edce o Inspirujeme (se)\">p\u0159e\u010d\u00edst v\u0161e<\/a><\/p>\n","protected":false},"author":1,"featured_media":0,"parent":0,"menu_order":0,"comment_status":"closed","ping_status":"closed","template":"","meta":{"ngg_post_thumbnail":0,"footnotes":""},"class_list":["post-13377","page","type-page","status-publish"],"_links":{"self":[{"href":"https:\/\/www.gymhorice.cz\/index.php?rest_route=\/wp\/v2\/pages\/13377","targetHints":{"allow":["GET"]}}],"collection":[{"href":"https:\/\/www.gymhorice.cz\/index.php?rest_route=\/wp\/v2\/pages"}],"about":[{"href":"https:\/\/www.gymhorice.cz\/index.php?rest_route=\/wp\/v2\/types\/page"}],"author":[{"embeddable":true,"href":"https:\/\/www.gymhorice.cz\/index.php?rest_route=\/wp\/v2\/users\/1"}],"replies":[{"embeddable":true,"href":"https:\/\/www.gymhorice.cz\/index.php?rest_route=%2Fwp%2Fv2%2Fcomments&post=13377"}],"version-history":[{"count":7,"href":"https:\/\/www.gymhorice.cz\/index.php?rest_route=\/wp\/v2\/pages\/13377\/revisions"}],"predecessor-version":[{"id":19245,"href":"https:\/\/www.gymhorice.cz\/index.php?rest_route=\/wp\/v2\/pages\/13377\/revisions\/19245"}],"wp:attachment":[{"href":"https:\/\/www.gymhorice.cz\/index.php?rest_route=%2Fwp%2Fv2%2Fmedia&parent=13377"}],"curies":[{"name":"wp","href":"https:\/\/api.w.org\/{rel}","templated":true}]}}