{"id":13345,"date":"2020-11-04T01:19:00","date_gmt":"2020-11-04T00:19:00","guid":{"rendered":"http:\/\/www.gymhorice.cz\/?page_id=13345"},"modified":"2026-03-13T12:13:10","modified_gmt":"2026-03-13T11:13:10","slug":"prijimaci-rizeni-2","status":"publish","type":"page","link":"https:\/\/www.gymhorice.cz\/?page_id=13345","title":{"rendered":"P\u0159ij\u00edmac\u00ed \u0159\u00edzen\u00ed"},"content":{"rendered":"<p><!-- -------------------------------------------------------------------------------------\n\n\n<div><span data-mce-type=\"bookmark\" style=\"display: inline-block; width: 0px; overflow: hidden; line-height: 0;\" class=\"mce_SELRES_start\"><\/span><span data-mce-type=\"bookmark\" style=\"display: inline-block; width: 0px; overflow: hidden; line-height: 0;\" class=\"mce_SELRES_start\"><\/span><span data-mce-type=\"bookmark\" style=\"display: inline-block; width: 0px; overflow: hidden; line-height: 0;\" class=\"mce_SELRES_start\"><\/span><span data-mce-type=\"bookmark\" style=\"display: inline-block; width: 0px; overflow: hidden; line-height: 0;\" class=\"mce_SELRES_start\"><\/span><span data-mce-type=\"bookmark\" style=\"display: inline-block; width: 0px; overflow: hidden; line-height: 0;\" class=\"mce_SELRES_start\"><\/span><span data-mce-type=\"bookmark\" style=\"display: inline-block; width: 0px; overflow: hidden; line-height: 0;\" class=\"mce_SELRES_start\"><\/span><span data-mce-type=\"bookmark\" style=\"display: inline-block; width: 0px; overflow: hidden; line-height: 0;\" class=\"mce_SELRES_start\"><\/span><span data-mce-type=\"bookmark\" style=\"display: inline-block; width: 0px; overflow: hidden; line-height: 0;\" class=\"mce_SELRES_start\"><\/span><span data-mce-type=\"bookmark\" style=\"display: inline-block; width: 0px; overflow: hidden; line-height: 0;\" class=\"mce_SELRES_start\"><\/span><span data-mce-type=\"bookmark\" style=\"display: inline-block; width: 0px; overflow: hidden; line-height: 0;\" class=\"mce_SELRES_start\"><\/span><span data-mce-type=\"bookmark\" style=\"display: inline-block; width: 0px; overflow: hidden; line-height: 0;\" class=\"mce_SELRES_start\"><\/span>15.&nbsp;5.&nbsp;2024 \u2013\n&nbsp;&nbsp;&nbsp;&nbsp;&nbsp;<a title=\"\" href=\"..\/files\/pdf\/2023-2024\/stanoveni-poradi--181055660--gymnazium--denni-2024-05-13.pdf\"><strong>V\u00fdsledky p\u0159ij\u00edmac\u00edho \u0159\u00edzen\u00ed<\/strong> <\/a> pro \u0161koln\u00ed rok 2024-2025<\/div>\n\n\n\n\n<div>&nbsp;<\/div>\n\n\n\n\n<div>&nbsp;<\/div>\n\n\n\n\n<div class=\"cervena\" style=\"display: none;\">Aktu\u00e1ln\u011b: V\u00e1\u017een\u00ed uchaze\u010di a&nbsp;z\u00e1konn\u00ed z\u00e1stupci \u017e\u00e1k\u016f, v&nbsp;t\u011bchto dnech v\u00e1m doraz\u00ed pozv\u00e1nky na p\u0159ij\u00edmac\u00ed zkou\u0161ky. Proto\u017ee na na\u0161\u00ed \u0161kole kon\u00e1me i&nbsp;\u0161koln\u00ed p\u0159ij\u00edmac\u00ed zkou\u0161ku (\u0160PZ) formou pohovor\u016f, mohou k&nbsp;v\u00e1m dorazit dv\u011b pozv\u00e1nky. Jedna na \u0160PZ a&nbsp;v&nbsp;p\u0159\u00edpad\u011b, \u017ee jednotnou p\u0159ij\u00edmac\u00ed zkou\u0161ku (JPZ) v\u00e1m p\u0159id\u011blil Cermat konat tak\u00e9 u&nbsp;n\u00e1s, dostanete z\u00e1rove\u0148 druhou pozv\u00e1nku. Nen\u00ed to tedy chyba, je to v&nbsp;po\u0159\u00e1dku. \ud83d\ude42<\/div>\n\n\n\n\n<div>&nbsp;<\/div>\n\n\n------------------------------------------------------------------------------------------- --><br \/>\nV\u00e1\u017een\u00ed z\u00e1jemci o&nbsp;studium,<\/p>\n<p>v nov\u00e9m \u0161koln\u00edm roce 2026\/2027 m\u016f\u017ee na\u0161e \u0161kola p\u0159ijmout do 1.&nbsp;ro\u010dn\u00edku oboru vzd\u011bl\u00e1n\u00ed 79-41-K\/41 Gymn\u00e1zium <strong>20 \u017e\u00e1k\u016f.<\/strong><br \/>\n<!-- ----------------------------------------------------------------------\n<strong><span class=\"modra\">Ve \u0161koln\u00edm roce 2023\/2024 se m\u011bn\u00ed syst\u00e9m p\u0159ij\u00edmac\u00edho \u0159\u00edzen\u00ed na st\u0159edn\u00ed \u0161koly a&nbsp;konzervato\u0159e.<\/span><\/strong>\n\n<strong>Ve\u0161ker\u00e9 informace naleznete na webov\u00fdch str\u00e1nk\u00e1ch&nbsp; <\/strong><a href=\"http:\/\/www.prihlaskynastredni.cz\/\" target=\"_blank\" rel=\"noopener\"><strong>www.prihlaskynastredni.cz<\/strong><\/a><strong>.<\/strong> <strong>&nbsp;<\/strong>\n\n<img loading=\"lazy\" decoding=\"async\" class=\"alignleft size-full wp-image-16863\" src=\"http:\/\/www.gymhorice.cz\/wp-content\/uploads\/2024\/01\/2024-01-22-QR-stredniskoly.jpg\" alt=\"\" width=\"200\" height=\"200\" srcset=\"https:\/\/www.gymhorice.cz\/wp-content\/uploads\/2024\/01\/2024-01-22-QR-stredniskoly.jpg 200w, https:\/\/www.gymhorice.cz\/wp-content\/uploads\/2024\/01\/2024-01-22-QR-stredniskoly-133x133.jpg 133w\" sizes=\"auto, (max-width: 200px) 100vw, 200px\" \/>\n\n<strong>NOV\u011a je mo\u017en\u00e9 podat p\u0159ihl\u00e1\u0161ku prost\u0159ednictv\u00edm digit\u00e1ln\u00edho p\u0159ihla\u0161ovac\u00edho syst\u00e9mu (DIPSY), kter\u00fd je dostupn\u00fd p\u0159es v\u00fd\u0161e uveden\u00e9 webov\u00e9 str\u00e1nky nebo bez p\u0159ihl\u00e1\u0161en\u00ed v&nbsp;podob\u011b vyti\u0161t\u011bn\u00e9ho v\u00fdpisu. Z\u016fst\u00e1v\u00e1 i&nbsp;mo\u017enost podat p\u0159ihl\u00e1\u0161ku tiskopisem.<\/strong>\n\n<strong><span class=\"modra\">NOV\u011a se do v\u00fdsledk\u016f p\u0159ij\u00edmac\u00edho \u0159\u00edzen\u00ed na na\u0161\u00ed \u0161kole nezapo\u010d\u00edt\u00e1vaj\u00ed zn\u00e1mky z&nbsp;p\u0159edchoz\u00edho vzd\u011bl\u00e1v\u00e1n\u00ed.<\/span><\/strong>\n\n<strong>NOV\u011a budou uchaze\u010di p\u0159i\u0159azeni na S\u0160 na z\u00e1klad\u011b v\u00fdsledk\u016f p\u0159ij\u00edmac\u00edho \u0159\u00edzen\u00ed a&nbsp;priorit<\/strong><strong>, u\u017e se tedy <span class=\"modra\">nepou\u017e\u00edvaj\u00ed z\u00e1pisov\u00e9 l\u00edstky<\/span>.<\/strong>\n\n<strong><span class=\"modra\">Obory (\u0161koly) mus\u00ed b\u00fdt v&nbsp;p\u0159ihl\u00e1\u0161ce vypln\u011bny v&nbsp;po\u0159ad\u00ed dle priority, tzn.&nbsp;preference zvolen\u00e9ho oboru od nejpreferovan\u011bj\u0161\u00edho po&nbsp;nejm\u00e9n\u011b preferovan\u00fd. <\/span><\/strong><strong><span class=\"modra\">Pros\u00edme, netaktizujte a&nbsp;vypl\u0148te na 1.&nbsp;m\u00edsto \u0161kolu, kterou si opravdu p\u0159ejete nejv\u00edce.<\/span><\/strong> Pokud se na tuto \u0161kolu nedostanete, budete za\u0159azov\u00e1ni do v\u00e1mi zvolen\u00e9 dal\u0161\u00ed \u0161koly v\u017edy na z\u00e1klad\u011b v\u00fdsledk\u016f PZ&nbsp;a&nbsp;nebudete tedy v&nbsp;nev\u00fdhod\u011b oproti t\u011bm, kdo va\u0161i druhou \u0161kolu m\u011bli na 1.&nbsp;m\u00edst\u011b.\n<strong><span class=\"modra\">Dobr\u00e9 v\u00fdsledky PZ&nbsp;hraj\u00ed pro v\u00e1s st\u00e1le!<\/span><\/strong>\n\n<strong>Zvolen\u00fd obor a&nbsp;po\u0159ad\u00ed lze m\u011bnit jen do 20.&nbsp;2.&nbsp;2024 formou zp\u011btvzet\u00ed p\u0159ihl\u00e1\u0161ky a&nbsp;pod\u00e1n\u00edm nov\u00e9.<\/strong> Pokud jste podali p\u0159ihl\u00e1\u0161ku do 30.&nbsp;11.&nbsp;2023 do obor\u016f s&nbsp;talentovou zkou\u0161kou, m\u016f\u017eete po\u0159ad\u00ed (ne v\u0161ak obory) m\u011bnit a\u017e do 15.&nbsp;3.&nbsp;2024.\n\n<strong>&nbsp;<\/strong>\n------------------------------------------------------------------------------------------- --><\/p>\n<p><strong>Term\u00edn pod\u00e1v\u00e1n\u00ed p\u0159ihl\u00e1\u0161ek: <span class=\"modra\">1. \u2013 20.&nbsp;2.&nbsp;2026<\/span><\/strong><\/p>\n<p><strong><span class=\"modra\">Informace k&nbsp;pod\u00e1v\u00e1n\u00ed p\u0159ihl\u00e1\u0161ek:<\/span><\/strong> Dolo\u017een\u00ed absolvov\u00e1n\u00ed povinn\u00e9 \u0161koln\u00ed doch\u00e1zky je v&nbsp;DIPSY zakliknut\u00e9 jako povinn\u00e9, ale dev\u00e1\u0165\u00e1ci v&nbsp;dob\u011b pod\u00e1v\u00e1n\u00ed p\u0159ihl\u00e1\u0161ek je\u0161t\u011b povinnou \u0161koln\u00ed doch\u00e1zku ukon\u010denou nemaj\u00ed. <strong>P\u0159ihl\u00e1\u0161ku odes\u00edlejte bez t\u00e9to p\u0159\u00edlohy<\/strong>. Ukon\u010den\u00ed \u0161koln\u00ed doch\u00e1zky je t\u0159eba dolo\u017eit k&nbsp;1.&nbsp;9.&nbsp;2026.<br \/>\nPokud se uchaze\u010d hl\u00e1s\u00ed do prvn\u00edho ro\u010dn\u00edku z&nbsp;jin\u00e9 st\u0159edn\u00ed \u0161koly, pak tento doklad k&nbsp;p\u0159ihl\u00e1\u0161ce p\u0159ilo\u017e\u00ed.&nbsp;<\/p>\n<div style=\"display: none;\">\n<hr>\n<p><span class=\"modra\"><strong>V\u00fdsledky p\u0159ij\u00edmac\u00edho \u0159\u00edzen\u00ed 2025<\/strong><\/span><br \/>\n<div  class=\"lgc-column lgc-grid-parent lgc-grid-100 lgc-tablet-grid-100 lgc-mobile-grid-100 lgc-equal-heights \"><div  class=\"inside-grid-column\"><br \/>\n<img loading=\"lazy\" decoding=\"async\" class=\"alignleft size-full wp-image-18856\" src=\"http:\/\/www.gymhorice.cz\/wp-content\/uploads\/2025\/05\/vysledky-1-kolo.png\" alt=\"\" width=\"852\" height=\"1703\" srcset=\"https:\/\/www.gymhorice.cz\/wp-content\/uploads\/2025\/05\/vysledky-1-kolo.png 852w, https:\/\/www.gymhorice.cz\/wp-content\/uploads\/2025\/05\/vysledky-1-kolo-100x200.png 100w, https:\/\/www.gymhorice.cz\/wp-content\/uploads\/2025\/05\/vysledky-1-kolo-150x300.png 150w, https:\/\/www.gymhorice.cz\/wp-content\/uploads\/2025\/05\/vysledky-1-kolo-67x133.png 67w, https:\/\/www.gymhorice.cz\/wp-content\/uploads\/2025\/05\/vysledky-1-kolo-768x1536.png 768w\" sizes=\"auto, (max-width: 852px) 100vw, 852px\" \/><br \/>\n<\/div><\/div><div class=\"lgc-clear\"><\/div>\n<\/div>\n<hr>\n<p><strong>V\u00fdsledky p\u0159ij\u00edmac\u00edho \u0159\u00edzen\u00ed a&nbsp;pod\u00edl jednotliv\u00fdch \u010d\u00e1st\u00ed<\/strong><\/p>\n<ol>\n<li><strong>Jednotn\u00e9 p\u0159ij\u00edmac\u00ed zkou\u0161ky (JPZ)<\/strong> \u2013 centr\u00e1ln\u011b zad\u00e1van\u00e9 testy z&nbsp;\u010desk\u00e9ho jazyka a&nbsp;literatury a&nbsp;z&nbsp;matematiky (Cermat) &#8211; prom\u00edtaj\u00ed se do v\u00fdsledn\u00e9ho hodnocen\u00ed <strong>60&nbsp;%<\/strong>.<\/li>\n<li><strong>\u0160koln\u00ed p\u0159ij\u00edmac\u00ed zkou\u0161ka (\u0160PZ)<\/strong> \u2013 \u00fastn\u00ed motiva\u010dn\u00ed pohovor <strong>40&nbsp;%.<\/strong><\/li>\n<\/ol>\n<p>Celkov\u00fd v\u00fdsledek p\u0159ij\u00edmac\u00edho \u0159\u00edzen\u00ed tvo\u0159\u00ed tedy: 60&nbsp;% JPZ, 40&nbsp;% \u0160PZ.<br \/>\n&nbsp;<\/p>\n<p>\u2022 <a href=\"https:\/\/www.gymhorice.cz\/?page_id=4515\">Podrobnosti k&nbsp;p\u0159ij\u00edmac\u00edmu \u0159\u00edzen\u00ed do 1.&nbsp;ro\u010dn\u00edku<\/a> <span class=\"\">(klikn\u011bte pro podrobnosti a&nbsp;popis krit\u00e9ri\u00ed)<\/span><br \/>\n\u2022&nbsp;<a href=\"https:\/\/www.gymhorice.cz\/?page_id=16882\">Informace pro uchaze\u010de z&nbsp;ciziny a&nbsp;uchaze\u010de pob\u00fdvaj\u00edc\u00ed dlouhodob\u011b v&nbsp;zahrani\u010d\u00ed<\/a> <span class=\"\">(klikn\u011bte pro informace)<\/span><\/p>\n<div  class=\"lgc-column lgc-grid-parent lgc-grid-50 lgc-tablet-grid-50 lgc-mobile-grid-100 lgc-equal-heights \"><div  class=\"inside-grid-column\"><br \/>\n<strong>1.&nbsp;\u0159\u00e1dn\u00fd term\u00edn JPZ (didaktick\u00e9 testy): <\/strong><br \/>\n<strong>2.&nbsp;\u0159\u00e1dn\u00fd term\u00edn JPZ (didaktick\u00e9 testy): <\/strong><br \/>\n<strong>\u0160koln\u00ed p\u0159ij\u00edmac\u00ed \u0159\u00edzen\u00ed (\u0160PZ) (\u00fastn\u00ed pohovory):<\/strong><br \/>\n<strong>N\u00e1hradn\u00ed term\u00edn JPZ:<\/strong><br \/>\n<strong>N\u00e1hradn\u00ed term\u00edn \u0160PZ:<\/strong><br \/>\n<\/div><\/div>\n<div  class=\"lgc-column lgc-grid-parent lgc-grid-50 lgc-tablet-grid-50 lgc-mobile-grid-100 lgc-equal-heights \"><div  class=\"inside-grid-column\"><br \/>\n<strong><span class=\"modra\">10.&nbsp;4.&nbsp;2026<\/span><\/strong><br \/>\n<strong><span class=\"modra\">13.&nbsp;4.&nbsp;2026<\/span><\/strong><br \/>\n<span class=\"modra\"><strong>24. &#8211; 25.&nbsp;3.&nbsp;2026<\/strong><\/span><br \/>\n<span class=\"modra\"><strong>29.&nbsp;a&nbsp;30.&nbsp;4.&nbsp;2026<\/strong><\/span><br \/>\n<span class=\"modra\"><strong>27.&nbsp;4.&nbsp;2026<\/strong><\/span><br \/>\n<\/div><\/div><div class=\"lgc-clear\"><\/div>\n<p>Na n\u00e1hradn\u00ed term\u00edn m\u00e1 uchaze\u010d n\u00e1rok, pokud se do 3 pracovn\u00edch dn\u016f omluv\u00ed \u0159editelce \u0161koly.<br \/>\n&nbsp;<br \/>\n<strong><span class=\"\">Pozv\u00e1nky k&nbsp;p\u0159ij\u00edmac\u00edm zkou\u0161k\u00e1m dostanete 14&nbsp;dn\u00ed p\u0159ed kon\u00e1n\u00edm zkou\u0161ek.<\/span><\/strong><\/p>\n<div  class=\"lgc-column lgc-grid-parent lgc-grid-50 lgc-tablet-grid-50 lgc-mobile-grid-100 lgc-equal-heights \"><div  class=\"inside-grid-column\"><br \/>\n<strong>Nahl\u00ed\u017een\u00ed do spisu:<br \/>\n(na \u017e\u00e1dost uchaze\u010de, resp. z\u00e1konn\u00e9ho z\u00e1stupce je mo\u017en\u00e9 domluvit jin\u00fd term\u00edn)<\/strong><br \/>\n<\/div><\/div>\n<div  class=\"lgc-column lgc-grid-parent lgc-grid-50 lgc-tablet-grid-50 lgc-mobile-grid-100 lgc-equal-heights \"><div  class=\"inside-grid-column\"><br \/>\n<strong><span class=\"modra\">14.&nbsp;5.&nbsp;2026 od 13 do 15 hodin v&nbsp;kancel\u00e1\u0159i \u0161koly<\/span><\/strong><br \/>\n<\/div><\/div><div class=\"lgc-clear\"><\/div><div  class=\"lgc-column lgc-grid-parent lgc-grid-50 lgc-tablet-grid-50 lgc-mobile-grid-100 lgc-equal-heights \"><div  class=\"inside-grid-column\"><br \/>\n<strong>Zve\u0159ejn\u011bn\u00ed v\u00fdsledk\u016f:<\/strong><br \/>\n<\/div><\/div>\n<div  class=\"lgc-column lgc-grid-parent lgc-grid-50 lgc-tablet-grid-50 lgc-mobile-grid-100 lgc-equal-heights \"><div  class=\"inside-grid-column\"><br \/>\n<strong><span class=\"modra\">15.&nbsp;5.&nbsp;2026<\/span><\/strong><br \/>\n<\/div><\/div>\n<p><strong><span class=\"modra\">Term\u00edny, obsah a&nbsp;krit\u00e9ria hodnocen\u00ed dal\u0161\u00edch kol p\u0159ij\u00edmac\u00edho \u0159\u00edzen\u00ed<\/span><\/strong><br \/>\nDruh\u00e9 kolo p\u0159ij\u00edmac\u00edho \u0159\u00edzen\u00ed bude vyps\u00e1no pouze v&nbsp;p\u0159\u00edpad\u011b, nebude-li v&nbsp;1.&nbsp;kole p\u0159ij\u00edmac\u00edho \u0159\u00edzen\u00ed napln\u011bna kapacita prvn\u00edho ro\u010dn\u00edku.<br \/>\n<strong>V 2.&nbsp;kole plat\u00ed nov\u011b stejn\u00e1 pravidla jako v&nbsp;kole prvn\u00edm (tedy JPZ 60&nbsp;% + \u0160PZ 40&nbsp;%)<\/strong>.<\/p>\n<hr>\n<div class=\"cervena\">Sobotn\u00ed p\u0159\u00edpravn\u00e9 kurzy k&nbsp;p\u0159ij\u00edma\u010dk\u00e1m:<\/div>\n<div class=\"modra\">29.&nbsp;11.&nbsp;2025, 17.&nbsp;1.&nbsp;2026, 14.&nbsp;2.&nbsp;2026 a&nbsp;7.&nbsp;3.&nbsp;2026&nbsp; od 8:30 do 12 hod.<\/div>\n<ul>\n<li><strong>Kdo tyto kurzy povede?<\/strong><br \/>\n&nbsp;&nbsp;&nbsp;&nbsp;&nbsp;Budou se v\u00e1m v\u011bnovat na\u0161i studenti spole\u010dn\u011b s&nbsp;vyu\u010duj\u00edc\u00edm(i).<\/li>\n<li><strong>Jak se na kurz m\u016f\u017eete p\u0159ihl\u00e1sit?<\/strong><br \/>\n&nbsp;&nbsp;&nbsp;&nbsp;&nbsp;Napi\u0161te n\u00e1m e-mail na na\u0161i adresu&nbsp;<strong><span class=\"cervena\">prijimacky(zavinac)gymhorice.cz<\/span><\/strong>.<\/li>\n<li><strong>Kolik m\u00e1te \u010dasu na posl\u00e1n\u00ed e-mailu?<\/strong><br \/>\n&nbsp;&nbsp;&nbsp;&nbsp;&nbsp;P\u0159ihlaste se co nejd\u0159\u00edv. <strong><span style=\"color: #008000;\">P\u00ed\u0161ete n\u00e1m, \u017ee jste nestihli prvn\u00ed term\u00edn kurz\u016f. Nevad\u00ed, m\u016f\u017eete se je\u0161t\u011b dohl\u00e1sit.<\/span><\/strong> Nev\u00e1hejte a&nbsp;hlaste se, po&nbsp;napln\u011bn\u00ed kapacity p\u0159ihla\u0161ov\u00e1n\u00ed uzav\u0159eme.&nbsp;<\/li>\n<li><strong>Pro koho jsou kurzy ur\u010deny?<\/strong><br \/>\n&nbsp;&nbsp;&nbsp;&nbsp;&nbsp;Kurzy jsou ur\u010deny pro v\u0161echny z\u00e1jemce.&nbsp;<\/li>\n<li><strong>Jak\u00e1 je cena kurz\u016f?<\/strong><br \/>\n&nbsp;&nbsp;&nbsp;&nbsp;&nbsp;Uchaze\u010d\u016fm, kte\u0159\u00ed cht\u011bj\u00ed pod\u00e1vat p\u0159ihl\u00e1\u0161ku na na\u0161i \u0161kolu, poskytujeme kurzy zdarma. Ostatn\u00ed zaplat\u00ed v&nbsp;dan\u00fd term\u00edn v&nbsp;kancel\u00e1\u0159i \u0161koly \u010d\u00e1stku 500 K\u010d\/ kurz<\/li>\n<\/ul>\n<div style=\"color: #008000;\">Je mo\u017en\u00e9 se z\u00fa\u010dastnit v\u0161ech kurz\u016f (p\u0159ihl\u00e1\u0161en\u00ed se vztahuje na v\u0161echny term\u00edny). Tuto variantu doporu\u010dujeme, proto\u017ee t\u00e9mata na sebe navazuj\u00ed. Je ale tak\u00e9 mo\u017en\u00e9 se z\u00fa\u010dastnit jen t\u011bch, kter\u00e9 si sami vyberete.<\/div>\n<hr>\n<div style=\"display: block;\">\n<p><strong><span class=\"cervena\">Aktu\u00e1ln\u00ed informace k&nbsp;sobotn\u00edm p\u0159\u00edpravn\u00fdm kurz\u016fm <\/span>(aktualizace ke dni 27.&nbsp;11.&nbsp;2025)<\/strong><\/p>\n<ul>\n<li><span style=\"color: #008000;\">Vezm\u011bte si s&nbsp;sebou: p\u0159ez\u016fvky, pit\u00ed, sva\u010dinu, psac\u00ed pot\u0159eby, se\u0161it nebo voln\u00e9 pap\u00edry A4.<\/span><\/li>\n<li><span style=\"color: #008000;\">V 8:30 provedeme zah\u00e1jen\u00ed a&nbsp;\u00favodn\u00ed prezenci. Mezi dv\u011bma 60minutov\u00fdmi bloky bude \u010das na sva\u010dinu a&nbsp;\u010daj. Kon\u010dit budeme ve 12 hodin.<\/span><\/li>\n<li><span style=\"color: #008000;\">Cena pro ostatn\u00ed z\u00e1jemce o&nbsp;tuto formy p\u0159\u00edpravy na p\u0159ij\u00edma\u010dky je 500&nbsp;K\u010d za jeden dopoledn\u00ed kurz. Poplatek se vyb\u00edr\u00e1 hotov\u011b v&nbsp;den kurzu.<\/span><\/li>\n<li style=\"display: none;\"><span class=\"cervena\"><strong>Kapacita kurz\u016f je napln\u011bna. P\u0159ijmout m\u016f\u017eeme v\u00fdjime\u010dn\u011b jen n\u011bkolik uchaze\u010d\u016f s&nbsp;v\u00e1\u017en\u00fdm z\u00e1jmem o&nbsp;studium na na\u0161\u00ed \u0161kole<\/strong><\/span><\/li>\n<\/ul>\n<p><span style=\"color: #008000;\">Tak v&nbsp;sobotu ahoj.<\/span><\/p>\n<hr style=\"width: 100%;\">\n<\/div>\n<div>&nbsp;<\/div>\n<p>Mgr. \u0160\u00e1rka \u0160andov\u00e1, \u0159editelka \u0161koly<br \/>\n2.&nbsp;9.&nbsp;2025<br \/>\n<!-- --------------------------------------------------------------------------------------------------- --><\/p>\n<div style=\"display: none;\">\n<p>V\u00e1\u017een\u00ed z\u00e1jemci o&nbsp;studium, v&nbsp;nov\u00e9m \u0161koln\u00edm roce 2024\/2025 m\u016f\u017ee na\u0161e \u0161kola p\u0159ijmout do 1.&nbsp;ro\u010dn\u00edku oboru vzd\u011bl\u00e1n\u00ed 79-41-K\/41 Gymn\u00e1zium <strong>20 \u017e\u00e1k\u016f do jedn\u00e9 t\u0159\u00eddy<\/strong>.V p\u0159ij\u00edmac\u00edm \u0159\u00edzen\u00ed by m\u011blo doj\u00edt k&nbsp;mnoha zm\u011bn\u00e1m, proto budeme aktualizovat informace ve chv\u00edli, kdy budou uz\u00e1kon\u011bny, nejpozd\u011bji k&nbsp;31.&nbsp;1.&nbsp;2024.<\/p>\n<div style=\"display: none;\">\n<div><span class=\"modra\"><strong>Vypisujeme 2.&nbsp;kolo p\u0159ij\u00edmac\u00edch zkou\u0161ek<\/strong><\/span><\/div>\n<p>Podrobnosti o&nbsp;druh\u00e9m kole p\u0159ij\u00edmac\u00edch zkou\u0161ek<a href=\"http:\/\/www.gymhorice.cz\/?page_id=4515\"> na na\u0161\u00ed \u0161kole najdete zde.<\/a><\/p>\n<\/div>\n<div style=\"display: none;\"><strong><span class=\"modra\">V\u00fdsledky 1.&nbsp;kola p\u0159ij\u00edmac\u00edch zkou\u0161ek<\/span><\/strong><br \/>\n(aktu\u00e1ln\u00ed po\u0159ad\u00ed po&nbsp;n\u00e1hradn\u00edm term\u00ednu p\u0159ij\u00edmac\u00edho pohovoru (\u010d\u00edslo 4423) \u2013 2.&nbsp;5.&nbsp;2023<br \/>\n<img loading=\"lazy\" decoding=\"async\" class=\"alignleft size-full wp-image-15886\" src=\"http:\/\/www.gymhorice.cz\/wp-content\/uploads\/2023\/05\/2023-vysledky-prijimacek-1-kolo-verze3.png\" alt=\"\" width=\"632\" height=\"1252\" srcset=\"https:\/\/www.gymhorice.cz\/wp-content\/uploads\/2023\/05\/2023-vysledky-prijimacek-1-kolo-verze3.png 632w, https:\/\/www.gymhorice.cz\/wp-content\/uploads\/2023\/05\/2023-vysledky-prijimacek-1-kolo-verze3-101x200.png 101w, https:\/\/www.gymhorice.cz\/wp-content\/uploads\/2023\/05\/2023-vysledky-prijimacek-1-kolo-verze3-151x300.png 151w, https:\/\/www.gymhorice.cz\/wp-content\/uploads\/2023\/05\/2023-vysledky-prijimacek-1-kolo-verze3-67x133.png 67w\" sizes=\"auto, (max-width: 632px) 100vw, 632px\" \/><\/p>\n<hr style=\"width: 100%;\">\n<p>&nbsp;<\/p>\n<ul>\n<li>Zde si m\u016f\u017eete st\u00e1hnout <a title=\"\" href=\"..\/files\/doc\/2022-2023\/2023-vzor-odvolani-prijimaci-zkousky.docx\"><strong>Vzor odvol\u00e1n\u00ed proti nep\u0159ijet\u00ed ke studiu<\/strong><\/a><\/li>\n<\/ul>\n<p>&nbsp;<\/p>\n<hr style=\"width: 100%;\">\n<p>Pro uchaze\u010de, kte\u0159\u00ed se dlouhodob\u011b vzd\u011bl\u00e1vaj\u00ed v&nbsp;zahrani\u010d\u00ed, plat\u00ed tzv.&nbsp;redukovan\u00e9 hodnocen\u00ed. Zde uv\u00e1d\u00edme tabulku, sestavenou podle tohoto redukovan\u00e9ho hodnocen\u00ed (neobsahuje v\u00fdsledky testu z&nbsp;\u010cJ a&nbsp;t\u011bch \u010d\u00e1st\u00ed \u0161koln\u00ed p\u0159ij\u00edmac\u00ed zkou\u0161ky, kter\u00e9 ov\u011b\u0159uj\u00ed znalost \u010cJ).<br \/>\n<img loading=\"lazy\" decoding=\"async\" class=\"alignleft size-full wp-image-15881\" src=\"http:\/\/www.gymhorice.cz\/wp-content\/uploads\/2023\/04\/2023-vysledky-prijimacek-1-kolo-REDUKOVANE.png\" alt=\"\" width=\"671\" height=\"1078\" srcset=\"https:\/\/www.gymhorice.cz\/wp-content\/uploads\/2023\/04\/2023-vysledky-prijimacek-1-kolo-REDUKOVANE.png 671w, https:\/\/www.gymhorice.cz\/wp-content\/uploads\/2023\/04\/2023-vysledky-prijimacek-1-kolo-REDUKOVANE-124x200.png 124w, https:\/\/www.gymhorice.cz\/wp-content\/uploads\/2023\/04\/2023-vysledky-prijimacek-1-kolo-REDUKOVANE-187x300.png 187w, https:\/\/www.gymhorice.cz\/wp-content\/uploads\/2023\/04\/2023-vysledky-prijimacek-1-kolo-REDUKOVANE-83x133.png 83w\" sizes=\"auto, (max-width: 671px) 100vw, 671px\" \/><\/p>\n<\/div>\n<\/div>\n","protected":false},"excerpt":{"rendered":"<p>V\u00e1\u017een\u00ed z\u00e1jemci o&nbsp;studium, v&nbsp;nov\u00e9m \u0161koln\u00edm roce 2026\/2027 m\u016f\u017ee na\u0161e \u0161kola p\u0159ijmout do 1.&nbsp;ro\u010dn\u00edku oboru vzd\u011bl\u00e1n\u00ed 79-41-K\/41 Gymn\u00e1zium 20 \u017e\u00e1k\u016f. Term\u00edn pod\u00e1v\u00e1n\u00ed p\u0159ihl\u00e1\u0161ek: 1. \u2013 20.&nbsp;2.&nbsp;2026 Informace k&nbsp;pod\u00e1v\u00e1n\u00ed p\u0159ihl\u00e1\u0161ek: Dolo\u017een\u00ed absolvov\u00e1n\u00ed povinn\u00e9 \u0161koln\u00ed doch\u00e1zky je v&nbsp;DIPSY zakliknut\u00e9 jako povinn\u00e9, ale dev\u00e1\u0165\u00e1ci v&nbsp;dob\u011b pod\u00e1v\u00e1n\u00ed p\u0159ihl\u00e1\u0161ek je\u0161t\u011b povinnou \u0161koln\u00ed doch\u00e1zku ukon\u010denou nemaj\u00ed. &#8230; <a title=\"P\u0159ij\u00edmac\u00ed \u0159\u00edzen\u00ed\" class=\"read-more\" href=\"https:\/\/www.gymhorice.cz\/?page_id=13345\" aria-label=\"\u010c\u00edst v\u00edce o P\u0159ij\u00edmac\u00ed \u0159\u00edzen\u00ed\">p\u0159e\u010d\u00edst v\u0161e<\/a><\/p>\n","protected":false},"author":1,"featured_media":0,"parent":0,"menu_order":0,"comment_status":"closed","ping_status":"closed","template":"","meta":{"ngg_post_thumbnail":0,"footnotes":""},"class_list":["post-13345","page","type-page","status-publish"],"_links":{"self":[{"href":"https:\/\/www.gymhorice.cz\/index.php?rest_route=\/wp\/v2\/pages\/13345","targetHints":{"allow":["GET"]}}],"collection":[{"href":"https:\/\/www.gymhorice.cz\/index.php?rest_route=\/wp\/v2\/pages"}],"about":[{"href":"https:\/\/www.gymhorice.cz\/index.php?rest_route=\/wp\/v2\/types\/page"}],"author":[{"embeddable":true,"href":"https:\/\/www.gymhorice.cz\/index.php?rest_route=\/wp\/v2\/users\/1"}],"replies":[{"embeddable":true,"href":"https:\/\/www.gymhorice.cz\/index.php?rest_route=%2Fwp%2Fv2%2Fcomments&post=13345"}],"version-history":[{"count":185,"href":"https:\/\/www.gymhorice.cz\/index.php?rest_route=\/wp\/v2\/pages\/13345\/revisions"}],"predecessor-version":[{"id":19742,"href":"https:\/\/www.gymhorice.cz\/index.php?rest_route=\/wp\/v2\/pages\/13345\/revisions\/19742"}],"wp:attachment":[{"href":"https:\/\/www.gymhorice.cz\/index.php?rest_route=%2Fwp%2Fv2%2Fmedia&parent=13345"}],"curies":[{"name":"wp","href":"https:\/\/api.w.org\/{rel}","templated":true}]}}