{"id":13225,"date":"2020-10-29T18:23:10","date_gmt":"2020-10-29T17:23:10","guid":{"rendered":"http:\/\/www.gymhorice.cz\/?page_id=13225"},"modified":"2020-10-29T18:31:52","modified_gmt":"2020-10-29T17:31:52","slug":"informace-o-prestupu-2","status":"publish","type":"page","link":"https:\/\/www.gymhorice.cz\/?page_id=13225","title":{"rendered":"Informace o&nbsp;p\u0159estupu"},"content":{"rendered":"<p>Podle \u00a7 66 z\u00e1kona \u010d.&nbsp;561\/2004 Sb. (\u0161kolsk\u00fd z\u00e1kon) o&nbsp;pr\u016fb\u011bhu st\u0159edn\u00edho vzd\u011bl\u00e1v\u00e1n\u00ed se \u017e\u00e1kovi v&nbsp;jeho pr\u016fb\u011bhu umo\u017e\u0148uje p\u0159estup do jin\u00e9 st\u0159edn\u00ed \u0161koly. Sou\u010d\u00e1st\u00ed \u017e\u00e1dosti z\u00e1konn\u00e9ho z\u00e1stupce nezletil\u00e9ho \u017e\u00e1ka je souhlas \u017e\u00e1ka.<\/p>\n<p>V p\u0159\u00edpad\u011b p\u0159estupu \u017e\u00e1k\u016f <strong>prvn\u00edho ro\u010dn\u00edku<\/strong> jin\u00e9 st\u0159edn\u00ed \u0161koly do prvn\u00edho ro\u010dn\u00edku na\u0161\u00ed \u0161koly se uchaze\u010d st\u00e1v\u00e1 \u017e\u00e1kem st\u0159edn\u00ed \u0161koly prvn\u00edm dnem \u0161koln\u00edho roku, pop\u0159\u00edpad\u011b dnem uveden\u00fdm v&nbsp;rozhodnut\u00ed o&nbsp;p\u0159ijet\u00ed, tedy i&nbsp;b\u011bhem cel\u00e9ho \u0161koln\u00edho roku.<\/p>\n<p>V p\u0159\u00edpad\u011b p\u0159estupu \u017e\u00e1k\u016f do <strong>vy\u0161\u0161\u00edho ro\u010dn\u00edku<\/strong> se uchaze\u010d st\u00e1v\u00e1 \u017e\u00e1kem st\u0159edn\u00ed \u0161koly prvn\u00edm dnem \u0161koln\u00edho roku, pop\u0159\u00edpad\u011b dnem uveden\u00fdm v&nbsp;rozhodnut\u00ed o&nbsp;p\u0159ijet\u00ed, tedy i&nbsp;b\u011bhem cel\u00e9ho \u0161koln\u00edho roku.<\/p>\n<p>O p\u0159estupu \u017e\u00e1ka st\u0159edn\u00ed \u0161koly do jin\u00e9 st\u0159edn\u00ed \u0161koly rozhoduje \u0159editel \u0161koly, do kter\u00e9 se \u017e\u00e1k hl\u00e1s\u00ed. \u017d\u00e1k p\u0159est\u00e1v\u00e1 b\u00fdt \u017e\u00e1kem \u0161koly, z&nbsp;n\u00ed\u017e p\u0159estoupil, dnem p\u0159edch\u00e1zej\u00edc\u00edm dni p\u0159ijet\u00ed na jinou \u0161kolu. O&nbsp;p\u0159ijet\u00ed \u017e\u00e1ka informuje \u0159editel \u0161koly bez zbyte\u010dn\u00e9ho odkladu \u0159editele \u0161koly, z&nbsp;n\u00ed\u017e \u017e\u00e1k p\u0159estoupil. \u0158editel \u0161koly, z&nbsp;n\u00ed\u017e \u017e\u00e1k p\u0159estupuje, za\u0161le do p\u011bti pracovn\u00edch dn\u016f pot\u00e9, co se dozv\u011bd\u011bl o&nbsp;p\u0159ijet\u00ed \u017e\u00e1ka na jinou \u0161kolu, \u0159editeli t\u00e9to \u0161koly kopii dokumentace \u017e\u00e1ka ze \u0161koln\u00ed matriky.<br \/>\nPro p\u0159ijet\u00ed do po\u017eadovan\u00e9ho ro\u010dn\u00edku je nutn\u00e9 dolo\u017eit \u0159\u00e1dn\u00e9 ukon\u010den\u00ed p\u0159edch\u00e1zej\u00edc\u00edho ro\u010dn\u00edku na podobn\u00e9m typu st\u0159edn\u00ed \u0161koly vysv\u011bd\u010den\u00edm a&nbsp;vyj\u00e1d\u0159it z\u00e1jem o&nbsp;studium na Ho\u0159ick\u00e9m gymn\u00e1ziu \u017e\u00e1dost\u00ed o&nbsp;p\u0159ijet\u00ed ke studiu do p\u0159\u00edslu\u0161n\u00e9ho ro\u010dn\u00edku podepsanou tak\u00e9 z\u00e1konn\u00fdm z\u00e1stupcem. Na str\u00e1nce <a href=\"http:\/\/www.gymhorice.cz\/?page_id=13229\">Dokumenty \u0161koly<\/a> si m\u016f\u017eete st\u00e1hnout p\u0159\u00edslu\u0161n\u00e9 formul\u00e1\u0159e pro studenty.<\/p>\n<p>\u017d\u00e1dost o&nbsp;p\u0159ijet\u00ed lze p\u0159in\u00e9st osobn\u011b do kancel\u00e1\u0159e \u0161koly v&nbsp;p\u0159\u00edzem\u00ed budovy Ho\u0159ick\u00e9ho gymn\u00e1zia nebo zaslat po\u0161tou na adresu Ho\u0159ick\u00e9 gymn\u00e1zium, Blahoslavova 2105, 508&nbsp;01 Ho\u0159ice.<\/p>\n","protected":false},"excerpt":{"rendered":"<p>Podle \u00a7 66 z\u00e1kona \u010d.&nbsp;561\/2004 Sb. (\u0161kolsk\u00fd z\u00e1kon) o&nbsp;pr\u016fb\u011bhu st\u0159edn\u00edho vzd\u011bl\u00e1v\u00e1n\u00ed se \u017e\u00e1kovi v&nbsp;jeho pr\u016fb\u011bhu umo\u017e\u0148uje p\u0159estup do jin\u00e9 st\u0159edn\u00ed \u0161koly. Sou\u010d\u00e1st\u00ed \u017e\u00e1dosti z\u00e1konn\u00e9ho z\u00e1stupce nezletil\u00e9ho \u017e\u00e1ka je souhlas \u017e\u00e1ka. V&nbsp;p\u0159\u00edpad\u011b p\u0159estupu \u017e\u00e1k\u016f prvn\u00edho ro\u010dn\u00edku jin\u00e9 st\u0159edn\u00ed \u0161koly do prvn\u00edho ro\u010dn\u00edku na\u0161\u00ed \u0161koly se uchaze\u010d st\u00e1v\u00e1 \u017e\u00e1kem st\u0159edn\u00ed \u0161koly &#8230; <a title=\"Informace o&nbsp;p\u0159estupu\" class=\"read-more\" href=\"https:\/\/www.gymhorice.cz\/?page_id=13225\" aria-label=\"\u010c\u00edst v\u00edce o Informace o&nbsp;p\u0159estupu\">p\u0159e\u010d\u00edst v\u0161e<\/a><\/p>\n","protected":false},"author":1,"featured_media":0,"parent":0,"menu_order":0,"comment_status":"closed","ping_status":"closed","template":"","meta":{"ngg_post_thumbnail":0,"footnotes":""},"class_list":["post-13225","page","type-page","status-publish"],"_links":{"self":[{"href":"https:\/\/www.gymhorice.cz\/index.php?rest_route=\/wp\/v2\/pages\/13225","targetHints":{"allow":["GET"]}}],"collection":[{"href":"https:\/\/www.gymhorice.cz\/index.php?rest_route=\/wp\/v2\/pages"}],"about":[{"href":"https:\/\/www.gymhorice.cz\/index.php?rest_route=\/wp\/v2\/types\/page"}],"author":[{"embeddable":true,"href":"https:\/\/www.gymhorice.cz\/index.php?rest_route=\/wp\/v2\/users\/1"}],"replies":[{"embeddable":true,"href":"https:\/\/www.gymhorice.cz\/index.php?rest_route=%2Fwp%2Fv2%2Fcomments&post=13225"}],"version-history":[{"count":2,"href":"https:\/\/www.gymhorice.cz\/index.php?rest_route=\/wp\/v2\/pages\/13225\/revisions"}],"predecessor-version":[{"id":13236,"href":"https:\/\/www.gymhorice.cz\/index.php?rest_route=\/wp\/v2\/pages\/13225\/revisions\/13236"}],"wp:attachment":[{"href":"https:\/\/www.gymhorice.cz\/index.php?rest_route=%2Fwp%2Fv2%2Fmedia&parent=13225"}],"curies":[{"name":"wp","href":"https:\/\/api.w.org\/{rel}","templated":true}]}}