{"id":13214,"date":"2020-10-29T18:06:49","date_gmt":"2020-10-29T17:06:49","guid":{"rendered":"http:\/\/www.gymhorice.cz\/?page_id=13214"},"modified":"2023-11-20T10:26:40","modified_gmt":"2023-11-20T09:26:40","slug":"faq","status":"publish","type":"page","link":"https:\/\/www.gymhorice.cz\/?page_id=13214","title":{"rendered":"FAQ &#8211; Na co se n\u00e1s \u010dasto pt\u00e1te?"},"content":{"rendered":"<p><strong>V&nbsp;\u010dem je va\u0161e \u0161kola jin\u00e1?<\/strong><\/p>\n<div style=\"padding-left: 35px; margin-top: -15px;\">V <a href=\"http:\/\/www.gymhorice.cz\/?page_id=1971\">celoro\u010dn\u00edm pl\u00e1nu akc\u00ed<\/a> m\u00e1me spoustu projekt\u016f, ve kter\u00fdch vyraz\u00edme na n\u011bjakou vzd\u011bl\u00e1vac\u00ed akci mimo \u0161kolu (divadlo, v\u00fdstava, v\u011bdeck\u00e1 knihovna, u\u010den\u00ed v&nbsp;ter\u00e9nu aj.), nebo z\u016fst\u00e1v\u00e1me ve \u0161kole a&nbsp;u\u010d\u00edme se formou praktick\u00fdch cvi\u010den\u00ed nap\u0159.&nbsp;z&nbsp;biologie, chemie, fyziky a&nbsp;pracujeme na vlastn\u00edm\/skupinov\u00e9m projektu (divadlo, film, odborn\u00e9 pr\u00e1ce) apod.<br \/>\nZav\u00e1d\u00edme lektorsk\u00e9 praxe, p\u0159i&nbsp;nich\u017e se studenti u\u010d\u00ed od sebe navz\u00e1jem. \u017d\u00e1k si p\u0159iprav\u00ed sv\u00e9 t\u00e9ma z&nbsp;n\u011bjak\u00e9ho p\u0159edm\u011btu a&nbsp;vyu\u010duje ve sv\u00e9 t\u0159\u00edd\u011b nebo jin\u00e9 t\u0159\u00edd\u011b\/jin\u00e9m ro\u010dn\u00edku. Chceme p\u0159ej\u00edt i&nbsp;k&nbsp;u\u010den\u00ed ve vybran\u00e9 z\u00e1kladn\u00ed \u0161kole. P\u0159i&nbsp;p\u0159\u00edprav\u011b na tyto praxe na\u0161i u\u010ditel\u00e9 \u017e\u00e1k\u016fm pom\u00e1haj\u00ed.<br \/>\nKa\u017ed\u00fd rok vyj\u00ed\u017ed\u00edme na expedice. \u017d\u00e1ci spole\u010dn\u011b s&nbsp;u\u010diteli vyb\u00edraj\u00ed t\u00e9mata a&nbsp;lokalitu, expedici p\u0159ipravuj\u00ed a&nbsp;n\u00e1sledn\u011b tak\u00e9 ve\u0159ejn\u011b vyhodnocuj\u00ed.<br \/>\n\u017d\u00e1ci se zapojuj\u00ed do r\u016fzn\u00fdch prosp\u011b\u0161n\u00fdch \u010dinnost\u00ed a&nbsp;pom\u00e1haj\u00ed tam, kde je t\u0159eba. Jsme nap\u0159\u00edklad propojeni s&nbsp;m\u00edstn\u00edmi z\u00e1kladn\u00edmi \u0161kolami, m\u011bstskou knihovnou, mate\u0159sk\u00fdmi \u0161kolkami, dobrovolnick\u00fdmi organizacemi apod. Chyst\u00e1me se nav\u00e1zat spolupr\u00e1ci s&nbsp;m\u00edstn\u00edm soci\u00e1ln\u00edm \u00fastavem, domovem d\u016fchodc\u016f, hospicem,&nbsp; a&nbsp;kluby,\u2026<br \/>\nZ\u00e1le\u017e\u00ed n\u00e1m na m\u00edst\u011b, kde \u017eijeme, a&nbsp;na vztaz\u00edch mezi lidmi v&nbsp;n\u011bm.<br \/>\n(V\u00edce viz <a title=\"Filosofie \u0161koly\" href=\"..\/?page_id=2045\">filosofie<\/a> a&nbsp;<a title=\"Hodnoty \u0161koly\" href=\"..\/?page_id=2035\">hodnoty \u0161koly<\/a>.)<\/div>\n<p><strong>V \u010dem se v\u00fduka li\u0161\u00ed od klasick\u00e9ho gymn\u00e1zia?<\/strong><\/p>\n<div style=\"padding-left: 35px; margin-top: -15px;\">Chceme, aby \u017e\u00e1ci sami p\u0159eb\u00edrali zodpov\u011bdnost za sv\u00e9 vzd\u011bl\u00e1n\u00ed a&nbsp;aby si chu\u0165 pozn\u00e1vat udr\u017eeli. V\u00fduka nen\u00ed tolik odtr\u017een\u00e1 od b\u011b\u017en\u00e9ho \u017eivota, sna\u017e\u00edme se o&nbsp;partnersk\u00fd vztah mezi u\u010diteli a&nbsp;\u017e\u00e1ky. Ve t\u0159\u00edd\u00e1ch je m\u00e9n\u011b \u017e\u00e1k\u016f a&nbsp;ti se daleko aktivn\u011bji zapojuj\u00ed do v\u0161ech \u010dinnost\u00ed. U\u010ditele vid\u00edme jako pr\u016fvodce a&nbsp;pomocn\u00edka s&nbsp;p\u0159irozenou autoritou, kter\u00e1 vypl\u00fdv\u00e1 z&nbsp;jeho osobnostn\u00edch kvalit.<\/div>\n<p><strong>Jak\u00fd je maxim\u00e1ln\u00ed po\u010det \u017e\u00e1k\u016f v&nbsp;jedn\u00e9 t\u0159\u00edd\u011b?<\/strong><\/p>\n<div style=\"padding-left: 35px; margin-top: -15px;\">Vid\u00edme smysluplnou pr\u00e1ci, kdy\u017e \u017e\u00e1ci pracuj\u00ed v&nbsp;men\u0161\u00edch kolektivech. Nastavili jsme si hranice v&nbsp;rozmez\u00ed 15 a\u017e 20 \u017e\u00e1k\u016f v&nbsp;jedn\u00e9 t\u0159\u00edd\u011b. Z\u00e1rove\u0148 se sna\u017e\u00edme, aby se v\u0161echny t\u0159\u00eddy v&nbsp;r\u016fzn\u00fdch projektech co nejv\u00edce p\u0159irozen\u011b provazovaly.<\/div>\n<p><strong>M\u016f\u017eu v\u00e1m n\u011bjak finan\u010dn\u011b pomoci?<\/strong><\/p>\n<div style=\"padding-left: 35px; margin-top: -15px;\">Ano, \u010d\u00edslo \u00fa\u010dtu \u0161koly je na na\u0161ich webov\u00fdch str\u00e1nk\u00e1ch (sekce <a title=\"Obecn\u00e9 informace\" href=\"..\/?page_id=2069\">Informace o&nbsp;\u0161kole<\/a>).<\/div>\n<p><strong>Kdo u&nbsp;v\u00e1s u\u010d\u00ed?<\/strong><\/p>\n<div style=\"padding-left: 35px; margin-top: -15px;\">Slo\u017een\u00ed pedagogick\u00e9ho sboru najdete v&nbsp;sekci <a title=\"U\u010ditel\u00e9\" href=\"..\/?page_id=13244\">Pedagogick\u00fd sbor<\/a>.<\/div>\n<p><strong>Mohu p\u0159estoupit do va\u0161\u00ed \u0161koly i&nbsp;b\u011bhem \u0161koln\u00edho roku?<\/strong><\/p>\n<div style=\"padding-left: 35px; margin-top: -15px;\">Ano, je to mo\u017en\u00e9. Sta\u010d\u00ed n\u00e1s <a title=\"Kontakty\" href=\"..\/?page_id=2060\">kontaktovat<\/a>.<\/div>\n<p><strong>Konaj\u00ed se na va\u0161\u00ed \u0161kole p\u0159ij\u00edmac\u00ed zkou\u0161ky?<\/strong><\/p>\n<div style=\"padding-left: 35px; margin-top: -15px;\">Ano, p\u0159ij\u00edmac\u00ed zkou\u0161ky se konaj\u00ed, sledujte informace v&nbsp;sekci <a title=\"O studiu\" href=\"..\/?page_id=1965\">P\u0159ij\u00edmac\u00ed \u0159\u00edzen\u00ed<\/a>.<\/div>\n<p><strong>Jak\u00fd je u&nbsp;v\u00e1s syst\u00e9m hodnocen\u00ed, zn\u00e1mkov\u00e1n\u00ed, p\u00edsemky a&nbsp;podobn\u011b?<\/strong><\/p>\n<div style=\"padding-left: 35px; margin-top: -15px;\">V \u010de\u0161tin\u011b, ciz\u00edch jazyc\u00edch a&nbsp;matematice hodnot\u00edme klasicky, v&nbsp;d\u011bjepise, zem\u011bpise, biologii, chemii, fyzice, geologii a&nbsp;z\u00e1kladech spole\u010densk\u00fdch v\u011bd m\u00e1me zaveden\u00fd podm\u00ednkov\u00fd syst\u00e9m hodnocen\u00ed s&nbsp;mo\u017enost\u00ed vyu\u017eit\u00ed kredit\u016f (n\u011bco jako \u017eol\u00edk, kter\u00fd se ud\u011bluje za mimo\u0159\u00e1dnou \u010dinnost a&nbsp;nahrazuje jednu podm\u00ednku). Podm\u00ednky jsou dop\u0159edu zn\u00e1m\u00e9, studenti dost\u00e1vaj\u00ed jejich seznam na za\u010d\u00e1tku \u0161koln\u00edho roku. V\u00edce ve <a title=\"Dokumenty \u0161koly\" href=\"..\/?page_id=13229\">\u0160koln\u00edm \u0159\u00e1du<\/a>.<\/div>\n<p><strong>Pro\u010d bych nem\u011bl d\u00e1t p\u0159ednost sp\u00ed\u0161 n\u011bkter\u00e9 ze zaveden\u00fdch st\u00e1tn\u00edch \u0161kol?<\/strong><\/p>\n<div style=\"padding-left: 35px; margin-top: -15px;\">Pro\u010dt\u011bte si na na\u0161ich str\u00e1nk\u00e1ch filosofii \u0161koly a&nbsp;metody v\u00fduky a&nbsp;zva\u017ete sami, co je pro v\u00e1s d\u016fle\u017eit\u00e9.<\/div>\n<p><strong>Na va\u0161em webu nen\u00ed ani slovo o&nbsp;Bohu. Zapomn\u011bli jste na n\u011bj?<\/strong><\/p>\n<div style=\"padding-left: 35px; margin-top: -15px;\">Nezapomn\u011bli, ale mysl\u00edme si, \u017ee n\u00e1zor na fungov\u00e1n\u00ed sv\u011bta je osobn\u00ed v\u011bc\u00ed ka\u017ed\u00e9ho \u010dlov\u011bka.<\/div>\n<p><strong>Je pevn\u011b dan\u00e1 v\u00fd\u0161e \u0161koln\u00e9ho?<\/strong><\/p>\n<div style=\"padding-left: 35px; margin-top: -15px;\">O v\u00fd\u0161i \u0161koln\u00e9ho se dozv\u00edte v&nbsp;<a href=\"https:\/\/www.gymhorice.cz\/?page_id=1965\">Informac\u00edch o&nbsp;studiu<\/a>. Sourozenci a&nbsp;\u017e\u00e1ci ze soci\u00e1ln\u011b slab\u0161\u00edch rodin mohou platit \u0161koln\u00e9 sn\u00ed\u017een\u00e9. R\u00e1di bychom tak\u00e9 postupn\u011b zavedli princip don\u00e1torstv\u00ed \u010di&nbsp;mecen\u00e1\u0161stv\u00ed, kdy nap\u0159\u00edklad formou vy\u0161\u0161\u00ed spl\u00e1tky \u0161koln\u00e9ho lze \u010d\u00e1ste\u010dn\u011b p\u0159isp\u011bt na \u0161koln\u00e9 jin\u00e9mu \u017e\u00e1kovi. U&nbsp;n\u00e1s tenhle zp\u016fsob solidarity zat\u00edm roz\u0161\u00ed\u0159en\u00fd nen\u00ed, ve sv\u011bt\u011b u\u017e se objevuje. Tuhle my\u0161lenku najdeme tak\u00e9 u&nbsp;J. A. Komensk\u00e9ho.<\/div>\n<p><strong>Je mo\u017en\u00e9 z\u00edskat n\u011bjakou formu stipendia?<\/strong><\/p>\n<div style=\"padding-left: 35px; margin-top: -15px;\">V\u00fdhledov\u011b po\u010d\u00edt\u00e1me s&nbsp;ud\u011blov\u00e1n\u00edm r\u016fzn\u00fdch typ\u016f stipendi\u00ed.<\/div>\n<p><strong>Jak je \u0161kola vybaven\u00e1?<\/strong><\/p>\n<div style=\"padding-left: 35px; margin-top: -15px;\">U\u010debny jsou vybaveny \u0161koln\u00edm n\u00e1bytkem a&nbsp;pom\u016fckami, z\u0159\u00eddili jsme po\u010d\u00edta\u010dovou u\u010debnu a&nbsp;hudebnu, v&nbsp;hodin\u00e1ch pracujeme s&nbsp;v\u00fdpo\u010detn\u00ed a&nbsp;prom\u00edtac\u00ed technikou; ve \u0161kole je d\u00e1le k&nbsp;dispozici \u0161koln\u00ed knihovna\/klubovna, kuchy\u0148ka, st\u016fl na ping-pong. Mysl\u00edme si, \u017ee materi\u00e1ln\u00ed vybaven\u00ed nen\u00ed ve \u0161kole to nejpodstatn\u011bj\u0161\u00ed. Nechceme jen sed\u011bt v&nbsp;lavic\u00edch, ale u\u010d\u00edme se i&nbsp;mimo \u0161koln\u00ed budovu \u2013 v&nbsp;p\u0159\u00edrod\u011b, v&nbsp;knihovn\u00e1ch, na v\u00fdjezdech. N\u011bkter\u00e9 pom\u016fcky si mohou studenti vyr\u00e1b\u011bt sami (nap\u0159.&nbsp;biologick\u00e9 prepar\u00e1ty, fyzik\u00e1ln\u00ed pom\u016fcky atd.). Dnes u\u017e tak\u00e9 existuje cel\u00e1 \u0159ada v\u00fdborn\u00fdch v\u00fdukov\u00fdch program\u016f a&nbsp;je t\u0159eba tyhle programy za\u010dlenit i&nbsp;do \u0161kol. Sv\u011bt se m\u011bn\u00ed rychle, \u0161koly na zm\u011bny reaguj\u00ed pomalu. Nemus\u00edme b\u00fdt vyu\u010dov\u00e1ni pouze n\u011bk\u00fdm jin\u00fdm, m\u011bli bychom se nau\u010dit u\u010dit se i&nbsp;sami.<\/div>\n<p><strong>P\u0159iprav\u00ed m\u011b \u0161kola dostate\u010dn\u011b na st\u00e1tn\u00ed maturitu a&nbsp;p\u0159ij\u00edma\u010dky na V\u0160?<\/strong><\/p>\n<div style=\"padding-left: 35px; margin-top: -15px;\">Ka\u017ed\u00e1 \u0161kola se mus\u00ed samoz\u0159ejm\u011b dr\u017eet RVP pro gymn\u00e1zia (R\u00e1mcov\u00fd vzd\u011bl\u00e1vac\u00ed program) a&nbsp;m\u00e1 vlastn\u00ed \u0160VP (\u0160koln\u00ed vzd\u011bl\u00e1vac\u00ed program). V\u0161ichni \u017e\u00e1ci proto mus\u00ed z\u00edskat kompetence, kter\u00e9 RVP p\u0159edepisuje, a&nbsp;budou stejn\u011b dob\u0159e p\u0159ipraveni ke st\u00e1tn\u00ed maturit\u011b i&nbsp;k&nbsp;p\u0159ij\u00edmac\u00edm zkou\u0161k\u00e1m na vysok\u00e9 \u0161koly.<\/div>\n<p><strong>Vyu\u017e\u00edv\u00e1 \u0161kola sportovn\u00ed halu Gymn\u00e1zia, SO\u0160, SOU a&nbsp;VO\u0160?<\/strong><\/p>\n<div style=\"padding-left: 35px; margin-top: -15px;\">Ano, v&nbsp;r\u00e1mci dohody s&nbsp;touto \u0161kolou pou\u017e\u00edv\u00e1me jej\u00ed venkovn\u00ed sportovn\u00ed are\u00e1l (zdarma) i&nbsp;sportovn\u00ed halu.<\/div>\n<p><strong>Zvon\u00ed se u&nbsp;v\u00e1s?<\/strong><\/p>\n<div style=\"padding-left: 35px; margin-top: -15px;\">Ne. Prvn\u00ed rok slu\u017eba zvonila zvone\u010dkem. Pak jsme zjistili, \u017ee nepot\u0159ebujeme ani to.<\/div>\n<p><strong>Je pro studenty zaji\u0161t\u011bno stravov\u00e1n\u00ed ve \u0161koln\u00ed j\u00eddeln\u011b?<\/strong><\/p>\n<div style=\"padding-left: 35px; margin-top: -15px;\">Ano, dohodli jsme se s&nbsp;j\u00eddelnou \u0161koly SP\u0160SK, kter\u00e1 je od na\u0161\u00ed \u0161koly asi 200 metr\u016f.<\/div>\n<p><strong>Prob\u00edh\u00e1 v\u00fduka tak\u00e9 mimo \u0161koln\u00ed budovu?<\/strong><\/p>\n<div style=\"padding-left: 35px; margin-top: -15px;\">Ano, je to pr\u00e1v\u011b jeden ze z\u00e1sadn\u00edch rozd\u00edl\u016f proti \u201eb\u011b\u017en\u00e9mu gymn\u00e1ziu\u201c. V\u00fduka u&nbsp;n\u00e1s prob\u00edh\u00e1 kdekoliv, v&nbsp;roce 2016 jsme na zahrad\u011b \u0161koly postavili venkovn\u00ed u\u010debnu, u\u010d\u00edme se na v\u00fdjezdech, expedici, spolupracujeme s&nbsp;odborn\u00fdmi pracovi\u0161ti, vysok\u00fdmi \u0161kolami aj. (viz v\u00fd\u0161e).<\/div>\n<p><strong>Nepohor\u0161\u00edm si, kdy\u017e p\u0159estoup\u00edm z&nbsp;osmilet\u00e9ho studia na \u010dty\u0159let\u00e9?<\/strong><\/p>\n<div style=\"padding-left: 35px; margin-top: -15px;\">Pro\u010d? V\u00fdstup z&nbsp;osmilet\u00e9ho a&nbsp;\u010dty\u0159let\u00e9ho gymn\u00e1zia je naprosto stejn\u00fd.<\/div>\n<p><strong>Jste soukrom\u00e1 \u0161kola. Lze si u&nbsp;v\u00e1s zaplatit za maturitu?<\/strong><\/p>\n<div style=\"padding-left: 35px; margin-top: -15px;\">Na na\u0161\u00ed \u0161kole si rozhodn\u011b maturitu nekoup\u00edte.<\/div>\n","protected":false},"excerpt":{"rendered":"<p>V&nbsp;\u010dem je va\u0161e \u0161kola jin\u00e1? V&nbsp;celoro\u010dn\u00edm pl\u00e1nu akc\u00ed m\u00e1me spoustu projekt\u016f, ve kter\u00fdch vyraz\u00edme na n\u011bjakou vzd\u011bl\u00e1vac\u00ed akci mimo \u0161kolu (divadlo, v\u00fdstava, v\u011bdeck\u00e1 knihovna, u\u010den\u00ed v&nbsp;ter\u00e9nu aj.), nebo z\u016fst\u00e1v\u00e1me ve \u0161kole a&nbsp;u\u010d\u00edme se formou praktick\u00fdch cvi\u010den\u00ed nap\u0159.&nbsp;z&nbsp;biologie, chemie, fyziky a&nbsp;pracujeme na vlastn\u00edm\/skupinov\u00e9m projektu (divadlo, film, odborn\u00e9 pr\u00e1ce) apod. Zav\u00e1d\u00edme &#8230; <a title=\"FAQ &#8211; Na co se n\u00e1s \u010dasto pt\u00e1te?\" class=\"read-more\" href=\"https:\/\/www.gymhorice.cz\/?page_id=13214\" aria-label=\"\u010c\u00edst v\u00edce o FAQ &#8211; Na co se n\u00e1s \u010dasto pt\u00e1te?\">p\u0159e\u010d\u00edst v\u0161e<\/a><\/p>\n","protected":false},"author":1,"featured_media":0,"parent":0,"menu_order":0,"comment_status":"closed","ping_status":"closed","template":"","meta":{"ngg_post_thumbnail":0,"footnotes":""},"class_list":["post-13214","page","type-page","status-publish"],"_links":{"self":[{"href":"https:\/\/www.gymhorice.cz\/index.php?rest_route=\/wp\/v2\/pages\/13214","targetHints":{"allow":["GET"]}}],"collection":[{"href":"https:\/\/www.gymhorice.cz\/index.php?rest_route=\/wp\/v2\/pages"}],"about":[{"href":"https:\/\/www.gymhorice.cz\/index.php?rest_route=\/wp\/v2\/types\/page"}],"author":[{"embeddable":true,"href":"https:\/\/www.gymhorice.cz\/index.php?rest_route=\/wp\/v2\/users\/1"}],"replies":[{"embeddable":true,"href":"https:\/\/www.gymhorice.cz\/index.php?rest_route=%2Fwp%2Fv2%2Fcomments&post=13214"}],"version-history":[{"count":6,"href":"https:\/\/www.gymhorice.cz\/index.php?rest_route=\/wp\/v2\/pages\/13214\/revisions"}],"predecessor-version":[{"id":16645,"href":"https:\/\/www.gymhorice.cz\/index.php?rest_route=\/wp\/v2\/pages\/13214\/revisions\/16645"}],"wp:attachment":[{"href":"https:\/\/www.gymhorice.cz\/index.php?rest_route=%2Fwp%2Fv2%2Fmedia&parent=13214"}],"curies":[{"name":"wp","href":"https:\/\/api.w.org\/{rel}","templated":true}]}}